{"id":230227,"date":"2020-08-31T05:31:37","date_gmt":"2020-08-31T05:31:37","guid":{"rendered":"https:\/\/www.yutaniglobal.com\/politica-de-privacidad\/"},"modified":"2020-08-31T05:31:38","modified_gmt":"2020-08-31T05:31:38","slug":"politica-de-privacidad","status":"publish","type":"page","link":"https:\/\/www.yutaniglobal.com\/es\/politica-de-privacidad\/","title":{"rendered":"Pol\u00edtica de privacidad"},"content":{"rendered":"<p>[et_pb_section fb_built=\u00bb1&#8243; admin_label=\u00bbsection\u00bb _builder_version=\u00bb4.5.6&#8243; custom_margin=\u00bb||||false|false\u00bb custom_padding=\u00bb10px||||false|false\u00bb][et_pb_row admin_label=\u00bbFila\u00bb _builder_version=\u00bb4.5.6&#8243; background_size=\u00bbinitial\u00bb background_position=\u00bbtop_left\u00bb background_repeat=\u00bbrepeat\u00bb custom_margin=\u00bb0px||||false|false\u00bb custom_padding=\u00bb0px||||false|false\u00bb][et_pb_column type=\u00bb4_4&#8243; _builder_version=\u00bb3.25&#8243; custom_padding=\u00bb|||\u00bb custom_padding__hover=\u00bb|||\u00bb][et_pb_image src=\u00bbhttps:\/\/www.yutaniglobal.com\/wp-content\/uploads\/2020\/08\/Yutani-undercarriage-sample.jpg\u00bb title_text=\u00bbMuestra de tren de rodaje de Yutani\u00bb align=\u00bbcenter\u00bb _builder_version=\u00bb4.5.6&#8243; _module_preset=\u00bbdefault\u00bb border_radii=\u00bbon|5px|5px|5px|5px\u00bb][\/et_pb_image][et_pb_text _builder_version=\u00bb4.6.0&#8243; _module_preset=\u00bbdefault\u00bb sticky_enabled=\u00bb0&#8243; header_4_font=\u00bb|700|||||||\u00bb header_4_text_color=\u00bb#51a3cc\u00bb background_size=\u00bbinitial\u00bb background_position=\u00bbtop_left\u00bb background_repeat=\u00bbrepeat\u00bb hover_enabled=\u00bb0&#8243;]<\/p>\n<h4>Pol\u00edtica de privacidad<\/h4>\n<p>Esta declaraci\u00f3n de privacidad se le proporciona para explicar qu\u00e9 informaci\u00f3n YUTANI Group est\u00e1 recopilando de usted a trav\u00e9s de su uso de este sitio web (en adelante, \u00abSitio\u00bb) y c\u00f3mo utiliza esta informaci\u00f3n.<\/p>\n<p>[\/et_pb_text][et_pb_text _builder_version=\u00bb4.6.0&#8243; _module_preset=\u00bbdefault\u00bb sticky_enabled=\u00bb0&#8243; header_4_font=\u00bb|700|||||||\u00bb header_4_text_color=\u00bb#51a3cc\u00bb background_size=\u00bbinitial\u00bb background_position=\u00bbtop_left\u00bb background_repeat=\u00bbrepeat\u00bb hover_enabled=\u00bb0&#8243;]<\/p>\n<h4>Informaci\u00f3n personal<\/h4>\n<p>  Por lo general, puede navegar por este Sitio sin proporcionar su nombre y otra informaci\u00f3n personal. En alg\u00fan momento, el Sitio puede necesitar su informaci\u00f3n personal. Por ejemplo, necesitamos su direcci\u00f3n de correo electr\u00f3nico, nombre, informaci\u00f3n de contacto cuando nos env\u00ede un correo electr\u00f3nico o se registre para una suscripci\u00f3n gratuita; necesitamos su nombre, g\u00e9nero, edad y experiencia educativa cuando solicita un trabajo en nuestro sitio web. Es posible que necesitemos dicha informaci\u00f3n para cumplir una transacci\u00f3n o proporcionar un mejor servicio.<\/p>\n<p>Cuando visita este Sitio, recopila autom\u00e1ticamente cierta informaci\u00f3n sobre usted y su solicitud (por ejemplo, su direcci\u00f3n de Protocolo de Internet (\u00abIP\u00bb), el contenido que solicita y otra informaci\u00f3n proporcionada por su navegador (por ejemplo, nombre del navegador, sitio de referencia). Esta informaci\u00f3n se puede utilizar para mejorar el contenido y la utilidad de este Sitio, para comprender su uso del Sitio y para personalizar el contenido en funci\u00f3n de su uso. No conectamos esta informaci\u00f3n con sus datos personales.<\/p>\n<p>[\/et_pb_text][et_pb_text admin_label=\u00bbText\u00bb _builder_version=\u00bb4.6.0&#8243; header_4_font=\u00bb|700|||||||\u00bb header_4_text_color=\u00bb#51a3cc\u00bb background_size=\u00bbinitial\u00bb background_position=\u00bbtop_left\u00bb background_repeat=\u00bbrepeat\u00bb hover_enabled=\u00bb0&#8243; sticky_enabled=\u00bb0&#8243;]<\/p>\n<h4>Cookies<\/h4>\n<p>Cuando visite este Sitio, le enviaremos una cookie. Una cookie almacena un peque\u00f1o archivo de datos en su ordenador. Este archivo nos permite reconocerle cada vez que nos visita. Las cookies nos ayudan de muchas maneras, por ejemplo, guardando su regi\u00f3n y preferencia de idioma y con el fin de recopilar datos no personales.<br \/>  Si no permite que este sitio web utilice cookies, es posible que ciertas funciones o secciones del Sitio no est\u00e9n disponibles para usted o que no funcionen como se esperaba. Las cookies tambi\u00e9n se pueden eliminar o bloquear siguiendo las instrucciones de ayuda de su navegador.<\/p>\n<p>[\/et_pb_text][et_pb_text admin_label=\u00bbText\u00bb _builder_version=\u00bb4.6.0&#8243; header_4_font=\u00bb|700|||||||\u00bb header_4_text_color=\u00bb#51a3cc\u00bb background_size=\u00bbinitial\u00bb background_position=\u00bbtop_left\u00bb background_repeat=\u00bbrepeat\u00bb hover_enabled=\u00bb0&#8243; sticky_enabled=\u00bb0&#8243;]<\/p>\n<h4>Seguridad<\/h4>\n<p>YUTANI Group utiliza medidas de seguridad razonables dise\u00f1adas para proteger su informaci\u00f3n. Los servidores, donde se almacena informaci\u00f3n personal, est\u00e1n protegidos por contrase\u00f1a y firewall, y el acceso se limita a aquellos empleados y contratistas independientes con necesidad de saber y solo para los fines identificados anteriormente. Mantenemos medidas de seguridad destinadas a proteger la seguridad, integridad y privacidad de estos servidores y de su informaci\u00f3n personal.<\/p>\n<p>[\/et_pb_text][et_pb_text admin_label=\u00bbText\u00bb _builder_version=\u00bb4.6.0&#8243; header_4_font=\u00bb|700|||||||\u00bb header_4_text_color=\u00bb#51a3cc\u00bb background_size=\u00bbinitial\u00bb background_position=\u00bbtop_left\u00bb background_repeat=\u00bbrepeat\u00bb hover_enabled=\u00bb0&#8243; sticky_enabled=\u00bb0&#8243;]<\/p>\n<h4>Enlaces de terceros<\/h4>\n<p>Puede haber sitios web de terceros a los que pueda enlazar desde este Sitio Web. Por ejemplo, le permitimos enlazar a Facebook, Twitter y varios otros sitios de redes sociales desde este Sitio Web. Sin embargo, YUTANI Group no tiene control sobre estos sitios web vinculados y cada uno tiene pr\u00e1cticas de privacidad y recopilaci\u00f3n de datos independientes, independientemente de YUTANI Group. Estos sitios web de terceros pueden rastrear su actividad de navegaci\u00f3n a trav\u00e9s de este Sitio Web, as\u00ed como a trav\u00e9s de otros sitios que visite. YUTANI Group no tiene ninguna responsabilidad por estas pol\u00edticas o acciones independientes y no es responsable de las pr\u00e1cticas de privacidad o el contenido de dichos sitios web. Estos sitios web enlazados son s\u00f3lo para su conveniencia y, por lo tanto, usted accede a ellos bajo su propio riesgo.<\/p>\n<p>[\/et_pb_text][et_pb_text admin_label=\u00bbText\u00bb _builder_version=\u00bb4.6.0&#8243; header_4_font=\u00bb|700|||||||\u00bb header_4_text_color=\u00bb#51a3cc\u00bb background_size=\u00bbinitial\u00bb background_position=\u00bbtop_left\u00bb background_repeat=\u00bbrepeat\u00bb hover_enabled=\u00bb0&#8243; sticky_enabled=\u00bb0&#8243;]<\/p>\n<h4>Descargo de responsabilidad<\/h4>\n<p>En los siguientes casos, este sitio web no asume ninguna responsabilidad.<\/p>\n<ol>\n<li>  Divulgamos informaci\u00f3n a las fuerzas del orden, agencias gubernamentales o terceros autorizados por la ley, en respuesta a una solicitud verificada relacionada con una investigaci\u00f3n criminal o supuesta actividad ilegal o cualquier otra actividad que pueda exponernos a nosotros, a usted o a cualquier otro usuario del Sitio Web a responsabilidad legal. En tales eventos, divulgaremos informaci\u00f3n que consideramos relevante y necesaria para la investigaci\u00f3n o investigaci\u00f3n.<\/li>\n<li>  Cualquier divulgaci\u00f3n de datos personales causada por compartir cuentas registradas con otros o informar a otros de su contrase\u00f1a o causado por otras razones personales.<\/span><\/li>\n<li><span>  Cualquier dato personal es divulgado, perdido, robado y manipulado por virus inform\u00e1ticos o por el apagado temporal de la red causado por factores irresistibles.<\/li>\n<li>  Los datos personales son divulgados por otros sitios web vinculados a este Sitio Web y cualquier disputa legal y consecuencia que surja de ello.<\/li>\n<li>  Otras causas que conducen a la divulgaci\u00f3n de datos personales por nuestras fallas no intencionales.<\/li>\n<\/ol>\n<p>[\/et_pb_text][et_pb_text admin_label=\u00bbText\u00bb _builder_version=\u00bb4.6.0&#8243; header_4_font=\u00bb|700|||||||\u00bb header_4_text_color=\u00bb#51a3cc\u00bb background_size=\u00bbinitial\u00bb background_position=\u00bbtop_left\u00bb background_repeat=\u00bbrepeat\u00bb hover_enabled=\u00bb0&#8243; sticky_enabled=\u00bb0&#8243;]<\/p>\n<h4>Leyes aplicables<\/h4>\n<p>Cualquier controversia o demanda que surja de o est\u00e9 relacionada con esta pol\u00edtica de privacidad ser\u00e1 resuelta por la ley de la Rep\u00fablica Popular de China.<\/p>\n<p>YUTANI Group tiene el derecho de explicar, revisar y actualizar la pol\u00edtica de privacidad.<\/p>\n<p>[\/et_pb_text][\/et_pb_column][\/et_pb_row][\/et_pb_section]<\/p>\n","protected":false},"excerpt":{"rendered":"<p>Pol\u00edtica de privacidad Esta declaraci\u00f3n de privacidad se le proporciona para explicar qu\u00e9 informaci\u00f3n YUTANI Group est\u00e1 recopilando de usted a trav\u00e9s de su uso de este sitio web (en adelante, \u00abSitio\u00bb) y c\u00f3mo utiliza esta informaci\u00f3n. Informaci\u00f3n personal Por lo general, puede navegar por este Sitio sin proporcionar su nombre y otra informaci\u00f3n personal. [&hellip;]<\/p>\n","protected":false},"author":1,"featured_media":0,"parent":0,"menu_order":0,"comment_status":"closed","ping_status":"open","template":"","meta":{"_et_pb_use_builder":"on","_et_pb_old_content":"","_et_gb_content_width":"","footnotes":""},"class_list":["post-230227","page","type-page","status-publish","hentry"],"yoast_head":"<!-- This site is optimized with the Yoast SEO plugin v27.6 - https:\/\/yoast.com\/product\/yoast-seo-wordpress\/ -->\n<title>Pol\u00edtica de privacidad - YUTANI<\/title>\n<meta name=\"robots\" content=\"index, follow, max-snippet:-1, max-image-preview:large, max-video-preview:-1\" \/>\n<link rel=\"canonical\" href=\"https:\/\/www.yutaniglobal.com\/es\/politica-de-privacidad\/\" \/>\n<meta property=\"og:locale\" content=\"es_ES\" \/>\n<meta property=\"og:type\" content=\"article\" \/>\n<meta property=\"og:title\" content=\"Pol\u00edtica de privacidad - YUTANI\" \/>\n<meta property=\"og:description\" content=\"Pol\u00edtica de privacidad Esta declaraci\u00f3n de privacidad se le proporciona para explicar qu\u00e9 informaci\u00f3n YUTANI Group est\u00e1 recopilando de usted a trav\u00e9s de su uso de este sitio web (en adelante, &quot;Sitio&quot;) y c\u00f3mo utiliza esta informaci\u00f3n. Informaci\u00f3n personal Por lo general, puede navegar por este Sitio sin proporcionar su nombre y otra informaci\u00f3n personal. [&hellip;]\" \/>\n<meta property=\"og:url\" content=\"https:\/\/www.yutaniglobal.com\/es\/politica-de-privacidad\/\" \/>\n<meta property=\"og:site_name\" content=\"YUTANI\" \/>\n<meta property=\"article:publisher\" content=\"https:\/\/www.facebook.com\/YutaniExcavatorParts\" \/>\n<meta property=\"article:modified_time\" content=\"2020-08-31T05:31:38+00:00\" \/>\n<meta name=\"twitter:card\" content=\"summary_large_image\" \/>\n<meta name=\"twitter:label1\" content=\"Tiempo de lectura\" \/>\n\t<meta name=\"twitter:data1\" content=\"6 minutos\" \/>\n<script type=\"application\/ld+json\" class=\"yoast-schema-graph\">{\"@context\":\"https:\\\/\\\/schema.org\",\"@graph\":[{\"@type\":\"WebPage\",\"@id\":\"https:\\\/\\\/www.yutaniglobal.com\\\/es\\\/politica-de-privacidad\\\/\",\"url\":\"https:\\\/\\\/www.yutaniglobal.com\\\/es\\\/politica-de-privacidad\\\/\",\"name\":\"Pol\u00edtica de privacidad - YUTANI\",\"isPartOf\":{\"@id\":\"https:\\\/\\\/www.yutaniglobal.com\\\/es\\\/#website\"},\"datePublished\":\"2020-08-31T05:31:37+00:00\",\"dateModified\":\"2020-08-31T05:31:38+00:00\",\"breadcrumb\":{\"@id\":\"https:\\\/\\\/www.yutaniglobal.com\\\/es\\\/politica-de-privacidad\\\/#breadcrumb\"},\"inLanguage\":\"es\",\"potentialAction\":[{\"@type\":\"ReadAction\",\"target\":[\"https:\\\/\\\/www.yutaniglobal.com\\\/es\\\/politica-de-privacidad\\\/\"]}]},{\"@type\":\"BreadcrumbList\",\"@id\":\"https:\\\/\\\/www.yutaniglobal.com\\\/es\\\/politica-de-privacidad\\\/#breadcrumb\",\"itemListElement\":[{\"@type\":\"ListItem\",\"position\":1,\"name\":\"Home\",\"item\":\"https:\\\/\\\/www.yutaniglobal.com\\\/es\\\/\"},{\"@type\":\"ListItem\",\"position\":2,\"name\":\"Pol\u00edtica de privacidad\"}]},{\"@type\":\"WebSite\",\"@id\":\"https:\\\/\\\/www.yutaniglobal.com\\\/es\\\/#website\",\"url\":\"https:\\\/\\\/www.yutaniglobal.com\\\/es\\\/\",\"name\":\"YUTANI\",\"description\":\"Your Reliable Excavator Undercarriage Parts Supplier Partner\",\"publisher\":{\"@id\":\"https:\\\/\\\/www.yutaniglobal.com\\\/es\\\/#organization\"},\"potentialAction\":[{\"@type\":\"SearchAction\",\"target\":{\"@type\":\"EntryPoint\",\"urlTemplate\":\"https:\\\/\\\/www.yutaniglobal.com\\\/es\\\/?s={search_term_string}\"},\"query-input\":{\"@type\":\"PropertyValueSpecification\",\"valueRequired\":true,\"valueName\":\"search_term_string\"}}],\"inLanguage\":\"es\"},{\"@type\":\"Organization\",\"@id\":\"https:\\\/\\\/www.yutaniglobal.com\\\/es\\\/#organization\",\"name\":\"YUTANI\",\"url\":\"https:\\\/\\\/www.yutaniglobal.com\\\/es\\\/\",\"logo\":{\"@type\":\"ImageObject\",\"inLanguage\":\"es\",\"@id\":\"https:\\\/\\\/www.yutaniglobal.com\\\/es\\\/#\\\/schema\\\/logo\\\/image\\\/\",\"url\":\"https:\\\/\\\/www.yutaniglobal.com\\\/wp-content\\\/uploads\\\/2020\\\/08\\\/favicon.ico\",\"contentUrl\":\"https:\\\/\\\/www.yutaniglobal.com\\\/wp-content\\\/uploads\\\/2020\\\/08\\\/favicon.ico\",\"width\":16,\"height\":16,\"caption\":\"YUTANI\"},\"image\":{\"@id\":\"https:\\\/\\\/www.yutaniglobal.com\\\/es\\\/#\\\/schema\\\/logo\\\/image\\\/\"},\"sameAs\":[\"https:\\\/\\\/www.facebook.com\\\/YutaniExcavatorParts\",\"https:\\\/\\\/www.linkedin.com\\\/company\\\/yutanichina\\\/\"]}]}<\/script>\n<!-- \/ Yoast SEO plugin. -->","yoast_head_json":{"title":"Pol\u00edtica de privacidad - YUTANI","robots":{"index":"index","follow":"follow","max-snippet":"max-snippet:-1","max-image-preview":"max-image-preview:large","max-video-preview":"max-video-preview:-1"},"canonical":"https:\/\/www.yutaniglobal.com\/es\/politica-de-privacidad\/","og_locale":"es_ES","og_type":"article","og_title":"Pol\u00edtica de privacidad - YUTANI","og_description":"Pol\u00edtica de privacidad Esta declaraci\u00f3n de privacidad se le proporciona para explicar qu\u00e9 informaci\u00f3n YUTANI Group est\u00e1 recopilando de usted a trav\u00e9s de su uso de este sitio web (en adelante, \"Sitio\") y c\u00f3mo utiliza esta informaci\u00f3n. Informaci\u00f3n personal Por lo general, puede navegar por este Sitio sin proporcionar su nombre y otra informaci\u00f3n personal. [&hellip;]","og_url":"https:\/\/www.yutaniglobal.com\/es\/politica-de-privacidad\/","og_site_name":"YUTANI","article_publisher":"https:\/\/www.facebook.com\/YutaniExcavatorParts","article_modified_time":"2020-08-31T05:31:38+00:00","twitter_card":"summary_large_image","twitter_misc":{"Tiempo de lectura":"6 minutos"},"schema":{"@context":"https:\/\/schema.org","@graph":[{"@type":"WebPage","@id":"https:\/\/www.yutaniglobal.com\/es\/politica-de-privacidad\/","url":"https:\/\/www.yutaniglobal.com\/es\/politica-de-privacidad\/","name":"Pol\u00edtica de privacidad - YUTANI","isPartOf":{"@id":"https:\/\/www.yutaniglobal.com\/es\/#website"},"datePublished":"2020-08-31T05:31:37+00:00","dateModified":"2020-08-31T05:31:38+00:00","breadcrumb":{"@id":"https:\/\/www.yutaniglobal.com\/es\/politica-de-privacidad\/#breadcrumb"},"inLanguage":"es","potentialAction":[{"@type":"ReadAction","target":["https:\/\/www.yutaniglobal.com\/es\/politica-de-privacidad\/"]}]},{"@type":"BreadcrumbList","@id":"https:\/\/www.yutaniglobal.com\/es\/politica-de-privacidad\/#breadcrumb","itemListElement":[{"@type":"ListItem","position":1,"name":"Home","item":"https:\/\/www.yutaniglobal.com\/es\/"},{"@type":"ListItem","position":2,"name":"Pol\u00edtica de privacidad"}]},{"@type":"WebSite","@id":"https:\/\/www.yutaniglobal.com\/es\/#website","url":"https:\/\/www.yutaniglobal.com\/es\/","name":"YUTANI","description":"Your Reliable Excavator Undercarriage Parts Supplier Partner","publisher":{"@id":"https:\/\/www.yutaniglobal.com\/es\/#organization"},"potentialAction":[{"@type":"SearchAction","target":{"@type":"EntryPoint","urlTemplate":"https:\/\/www.yutaniglobal.com\/es\/?s={search_term_string}"},"query-input":{"@type":"PropertyValueSpecification","valueRequired":true,"valueName":"search_term_string"}}],"inLanguage":"es"},{"@type":"Organization","@id":"https:\/\/www.yutaniglobal.com\/es\/#organization","name":"YUTANI","url":"https:\/\/www.yutaniglobal.com\/es\/","logo":{"@type":"ImageObject","inLanguage":"es","@id":"https:\/\/www.yutaniglobal.com\/es\/#\/schema\/logo\/image\/","url":"https:\/\/www.yutaniglobal.com\/wp-content\/uploads\/2020\/08\/favicon.ico","contentUrl":"https:\/\/www.yutaniglobal.com\/wp-content\/uploads\/2020\/08\/favicon.ico","width":16,"height":16,"caption":"YUTANI"},"image":{"@id":"https:\/\/www.yutaniglobal.com\/es\/#\/schema\/logo\/image\/"},"sameAs":["https:\/\/www.facebook.com\/YutaniExcavatorParts","https:\/\/www.linkedin.com\/company\/yutanichina\/"]}]}},"_links":{"self":[{"href":"https:\/\/www.yutaniglobal.com\/es\/wp-json\/wp\/v2\/pages\/230227","targetHints":{"allow":["GET"]}}],"collection":[{"href":"https:\/\/www.yutaniglobal.com\/es\/wp-json\/wp\/v2\/pages"}],"about":[{"href":"https:\/\/www.yutaniglobal.com\/es\/wp-json\/wp\/v2\/types\/page"}],"author":[{"embeddable":true,"href":"https:\/\/www.yutaniglobal.com\/es\/wp-json\/wp\/v2\/users\/1"}],"replies":[{"embeddable":true,"href":"https:\/\/www.yutaniglobal.com\/es\/wp-json\/wp\/v2\/comments?post=230227"}],"version-history":[{"count":0,"href":"https:\/\/www.yutaniglobal.com\/es\/wp-json\/wp\/v2\/pages\/230227\/revisions"}],"wp:attachment":[{"href":"https:\/\/www.yutaniglobal.com\/es\/wp-json\/wp\/v2\/media?parent=230227"}],"curies":[{"name":"wp","href":"https:\/\/api.w.org\/{rel}","templated":true}]}}