{"id":230344,"date":"2020-08-31T07:39:46","date_gmt":"2020-08-31T07:39:46","guid":{"rendered":"https:\/\/www.yutaniglobal.com\/ensamble-yutani-track-link\/"},"modified":"2020-12-29T05:29:59","modified_gmt":"2020-12-29T05:29:59","slug":"ensamble-yutani-track-link","status":"publish","type":"page","link":"https:\/\/www.yutaniglobal.com\/es\/ensamble-yutani-track-link\/","title":{"rendered":"ENSAMBLE YUTANI TRACK LINK"},"content":{"rendered":"<p>[et_pb_section fb_built=\u00bb1&#8243; _builder_version=\u00bb4.5.1&#8243; use_background_color_gradient=\u00bbon\u00bb background_color_gradient_start=\u00bb#ffffff\u00bb background_color_gradient_end=\u00bbrgba(12,113,195,0.19)\u00bb custom_margin=\u00bb||||false|false\u00bb custom_padding=\u00bb0px||160px||false|false\u00bb bottom_divider_style=\u00bbclouds2&#8243; bottom_divider_color=\u00bbrgba(38,129,193,0.42)\u00bb][et_pb_row _builder_version=\u00bb4.5.1&#8243; _module_preset=\u00bbdefault\u00bb background_image=\u00bbhttps:\/\/www.yutaniglobal.com\/wp-content\/uploads\/2020\/08\/YUTANI-TRACK-LINK-ASSEMBLY.png\u00bb width=\u00bb100%\u00bb max_width=\u00bb100%\u00bb custom_margin=\u00bb||25px||false|false\u00bb custom_padding=\u00bb||25px||false|false\u00bb][et_pb_column type=\u00bb4_4&#8243; _builder_version=\u00bb4.5.1&#8243; _module_preset=\u00bbdefault\u00bb][et_pb_blurb title=\u00bbYUTANI Montaje de enlace de pista\u00bb use_icon=\u00bbon\u00bb font_icon=\u00bb%%137%%\u00bb icon_color=\u00bb#51a3cc\u00bb _builder_version=\u00bb4.5.1&#8243; _module_preset=\u00bbdefault\u00bb header_font=\u00bb|||on|||||\u00bb header_text_align=\u00bbcenter\u00bb header_text_color=\u00bb#0c71c3&#8243; header_font_size=\u00bb32px\u00bb body_text_color=\u00bb#0398cc\u00bb background_color=\u00bbrgba(0,0,0,0)\u00bb text_orientation=\u00bbcenter\u00bb background_layout=\u00bbdark\u00bb custom_padding=\u00bb10px||20px||false|false\u00bb]<\/p>\n<p>Yutani cuenta con equipos de producci\u00f3n completos, a trav\u00e9s de su experiencia \u00fanica de tratamiento t\u00e9rmico y tecnolog\u00eda de anillo de sellado \u00fanica, para producir conjuntos de cadena que cumplen con los est\u00e1ndares de calidad de los fabricantes originales multimarca.<\/p>\n<p>[\/et_pb_blurb][\/et_pb_column][\/et_pb_row][et_pb_row column_structure=\u00bb1_3,1_3,1_3&#8243; use_custom_gutter=\u00bbon\u00bb gutter_width=\u00bb1&#8243; _builder_version=\u00bb4.5.1&#8243; width_tablet=\u00bb\u00bb width_phone=\u00bb90%\u00bb width_last_edited=\u00bbon|desktop\u00bb max_width=\u00bb1400px\u00bb max_width_tablet=\u00bb90%\u00bb max_width_phone=\u00bb100%\u00bb max_width_last_edited=\u00bbon|desktop\u00bb][et_pb_column type=\u00bb1_3&#8243; _builder_version=\u00bb4.5.1&#8243; background_color=\u00bb#FFFFFF\u00bb use_background_color_gradient=\u00bbon\u00bb background_color_gradient_start=\u00bbrgba(3,152,204,0.15)\u00bb background_color_gradient_end=\u00bb#FFFFFF\u00bb background_color_gradient_type=\u00bbradial\u00bb background_color_gradient_direction_radial=\u00bbbottom\u00bb background_color_gradient_start_position=\u00bb33%\u00bb background_color_gradient_end_position=\u00bb33%\u00bb background_image=\u00bbhttps:\/\/www.yutaniglobal.com\/wp-content\/uploads\/2020\/08\/Bulldozer-Background.png\u00bb background_size=\u00bbinitial\u00bb background_position=\u00bbtop_center\u00bb transform_scale_tablet=\u00bb\u00bb transform_scale_phone=\u00bb\u00bb transform_scale_last_edited=\u00bbon|desktop\u00bb transform_translate=\u00bb34px|0px\u00bb transform_translate_tablet=\u00bb0px|0px\u00bb transform_translate_phone=\u00bb\u00bb transform_translate_last_edited=\u00bbon|desktop\u00bb transform_translate_linked=\u00bboff\u00bb transform_rotate=\u00bb0deg|0deg|352deg\u00bb transform_rotate_tablet=\u00bb0deg|0deg|0deg\u00bb transform_rotate_phone=\u00bb\u00bb transform_rotate_last_edited=\u00bbon|phone\u00bb transform_skew_tablet=\u00bb\u00bb transform_skew_phone=\u00bb\u00bb transform_skew_last_edited=\u00bbon|desktop\u00bb transform_origin_tablet=\u00bb\u00bb transform_origin_phone=\u00bb\u00bb transform_origin_last_edited=\u00bbon|desktop\u00bb transform_styles_last_edited=\u00bbon|desktop\u00bb overflow-x=\u00bbvisible\u00bb overflow-y=\u00bbvisible\u00bb hover_transition_duration=\u00bb500ms\u00bb transform_styles_tablet=\u00bb\u00bb transform_styles_phone=\u00bb\u00bb z_index_tablet=\u00bb11&#8243; z_index_phone=\u00bb\u00bb z_index_last_edited=\u00bbon|desktop\u00bb border_radii=\u00bbon|20px|20px|20px|20px\u00bb box_shadow_style=\u00bbpreset1&#8243; box_shadow_blur=\u00bb80px\u00bb box_shadow_color=\u00bbrgba(0,0,0,0.11)\u00bb transform_styles__hover_enabled=\u00bbon\u00bb transform_scale__hover=\u00bb120%|120%\u00bb z_index__hover_enabled=\u00bbon\u00bb z_index__hover=\u00bb11&#8243; transform_rotate__hover=\u00bb0deg|0deg|0deg\u00bb transform_translate__hover_enabled=\u00bbon\u00bb transform_translate__hover=\u00bb0px|0px\u00bb][et_pb_blurb title=\u00bbCadena de pistas bulldozer\u00bb use_icon=\u00bbon\u00bb font_icon=\u00bb%%176%%\u00bb icon_color=\u00bb#0c71c3&#8243; use_icon_font_size=\u00bbon\u00bb icon_font_size=\u00bb50px\u00bb _builder_version=\u00bb4.5.1&#8243; header_font=\u00bbPoppins||||||||\u00bb header_text_align=\u00bbcenter\u00bb header_text_color=\u00bb#0c71c3&#8243; header_font_size=\u00bb27px\u00bb custom_margin=\u00bb80px||\u00bb][\/et_pb_blurb][et_pb_divider color=\u00bb#51a3cc\u00bb divider_style=\u00bbdouble\u00bb divider_weight=\u00bb6px\u00bb _builder_version=\u00bb4.5.1&#8243; width=\u00bb14%\u00bb module_alignment=\u00bbcenter\u00bb height=\u00bb0px\u00bb custom_margin=\u00bb30px||||false|false\u00bb][\/et_pb_divider][et_pb_text _builder_version=\u00bb4.5.1&#8243; text_font=\u00bbPoppins|300|||||||\u00bb text_text_color=\u00bb#4f4f4f\u00bb text_line_height=\u00bb2.3em\u00bb text_orientation=\u00bbcenter\u00bb custom_margin=\u00bb30px||||false|false\u00bb custom_padding=\u00bb10px||10px||true\u00bb text_text_align=\u00bbcenter\u00bb]<\/p>\n<p>Conjunto de enlace de oruga de niveladora<\/p>\n<p>Personalizaci\u00f3n multimodelo<\/p>\n<p><span>Experiencia y tecnolog\u00eda \u00fanicas <\/span><\/p>\n<p><span>Equipos de producci\u00f3n de alto rendimiento <\/span><\/p>\n<p>[\/et_pb_text][et_pb_text _builder_version=\u00bb4.5.1&#8243; text_font=\u00bbPoppins|900|||||||\u00bb text_text_color=\u00bb#0c71c3&#8243; text_font_size=\u00bb47px\u00bb text_line_height=\u00bb1em\u00bb text_orientation=\u00bbcenter\u00bb custom_margin=\u00bb50px||80px\u00bb text_text_align=\u00bbcenter\u00bb]<\/p>\n<p>1000 <span style=\"font-size: 15px; font-weight: normal;\">piezas\/mes<\/span><\/p>\n<p>[\/et_pb_text][et_pb_button button_url=\u00bb\/?page_id=230094&#8243; url_new_window=\u00bbon\u00bb button_text=\u00bbM\u00e1s informaci\u00f3n\u00bb button_alignment=\u00bbcenter\u00bb _builder_version=\u00bb4.6.0&#8243; custom_button=\u00bbon\u00bb button_text_size=\u00bb17px\u00bb button_text_color=\u00bb#000000&#8243; button_bg_color=\u00bb#FFFFFF\u00bb button_border_width=\u00bb0px\u00bb button_border_radius=\u00bb100px\u00bb button_font=\u00bbPoppins|700|||||||\u00bb custom_margin=\u00bb50px||-40px\u00bb custom_padding=\u00bb23px|70px|23px|70px|true|true\u00bb box_shadow_style=\u00bbpreset1&#8243; box_shadow_blur=\u00bb50px\u00bb][\/et_pb_button][\/et_pb_column][et_pb_column type=\u00bb1_3&#8243; _builder_version=\u00bb4.5.1&#8243; use_background_color_gradient=\u00bbon\u00bb background_color_gradient_start=\u00bbrgba(3,152,204,0.46)\u00bb background_color_gradient_end=\u00bb#FFFFFF\u00bb background_color_gradient_type=\u00bbradial\u00bb background_color_gradient_direction_radial=\u00bbbottom\u00bb background_color_gradient_start_position=\u00bb33%\u00bb background_color_gradient_end_position=\u00bb33%\u00bb background_image=\u00bbhttps:\/\/www.yutaniglobal.com\/wp-content\/uploads\/2020\/08\/Excavator-undercarriage-Background.png\u00bb background_size=\u00bbinitial\u00bb background_position=\u00bbtop_center\u00bb transform_scale=\u00bb112%|112%\u00bb transform_scale_tablet=\u00bb100%|100%\u00bb transform_scale_phone=\u00bb\u00bb transform_scale_last_edited=\u00bbon|tablet\u00bb transform_translate_tablet=\u00bb\u00bb transform_translate_phone=\u00bb\u00bb transform_translate_last_edited=\u00bbon|desktop\u00bb transform_rotate_last_edited=\u00bboff|desktop\u00bb transform_skew_last_edited=\u00bboff|desktop\u00bb transform_origin_last_edited=\u00bboff|desktop\u00bb transform_styles_last_edited=\u00bbon|tablet\u00bb z_index=\u00bb10&#8243; overflow-x=\u00bbvisible\u00bb overflow-y=\u00bbvisible\u00bb hover_transition_duration=\u00bb500ms\u00bb transform_styles_tablet=\u00bb\u00bb transform_styles_phone=\u00bb\u00bb border_radii=\u00bbon|20px|20px|20px|20px\u00bb box_shadow_style=\u00bbpreset1&#8243; box_shadow_blur=\u00bb50px\u00bb box_shadow_color=\u00bbrgba(0,0,0,0.14)\u00bb transform_styles__hover_enabled=\u00bbon\u00bb transform_scale__hover=\u00bb120%|120%\u00bb z_index__hover_enabled=\u00bbon\u00bb transform_translate__hover_enabled=\u00bbon\u00bb z_index__hover=\u00bb12&#8243;][et_pb_blurb title=\u00bbCadena de la pista de la excavadora\u00bb use_icon=\u00bbon\u00bb font_icon=\u00bb%%136%%\u00bb icon_color=\u00bb#0c71c3&#8243; use_icon_font_size=\u00bbon\u00bb icon_font_size=\u00bb50px\u00bb _builder_version=\u00bb4.5.1&#8243; header_font=\u00bbPoppins||||||||\u00bb header_text_align=\u00bbcenter\u00bb header_text_color=\u00bb#0c71c3&#8243; header_font_size=\u00bb27px\u00bb custom_margin=\u00bb80px||\u00bb custom_padding=\u00bb||\u00bb][\/et_pb_blurb][et_pb_divider color=\u00bb#51a3cc\u00bb divider_style=\u00bbdouble\u00bb divider_weight=\u00bb6px\u00bb _builder_version=\u00bb4.5.1&#8243; width=\u00bb14%\u00bb module_alignment=\u00bbcenter\u00bb height=\u00bb0px\u00bb custom_margin=\u00bb30px||||false|false\u00bb][\/et_pb_divider][et_pb_text _builder_version=\u00bb4.5.1&#8243; text_font=\u00bbPoppins|300|||||||\u00bb text_text_color=\u00bb#4f4f4f\u00bb text_line_height=\u00bb2.3em\u00bb text_orientation=\u00bbcenter\u00bb custom_margin=\u00bb30px||||false|false\u00bb custom_padding=\u00bb10px||10px||true\u00bb text_text_align=\u00bbcenter\u00bb]<\/p>\n<p>Ensamblaje de enlace de pista excavadora<\/p>\n<p>Personalizaci\u00f3n multimarca<\/p>\n<p><span>Calidad original de f\u00e1brica <\/span><\/p>\n<p><span>Alta resistencia y alta durabilidad <\/span><\/p>\n<p>[\/et_pb_text][et_pb_text _builder_version=\u00bb4.5.1&#8243; text_font=\u00bbPoppins|900|||||||\u00bb text_text_color=\u00bb#0c71c3&#8243; text_font_size=\u00bb47px\u00bb text_line_height=\u00bb1em\u00bb text_orientation=\u00bbcenter\u00bb custom_margin=\u00bb50px||80px\u00bb text_text_align=\u00bbcenter\u00bb]5000 <span style=\"font-size: 15px;\">piezas\/mes<\/span>[\/et_pb_text][et_pb_button button_url=\u00bb\/?page_id=230083&#8243; url_new_window=\u00bbon\u00bb button_text=\u00bbM\u00e1s informaci\u00f3n\u00bb button_alignment=\u00bbcenter\u00bb _builder_version=\u00bb4.6.0&#8243; custom_button=\u00bbon\u00bb button_text_size=\u00bb17px\u00bb button_text_color=\u00bb#FFFFFF\u00bb button_bg_color=\u00bb#0c71c3&#8243; button_bg_color_gradient_start=\u00bb#ffc023&#8243; button_bg_color_gradient_end=\u00bb#ffae19&#8243; button_bg_color_gradient_direction=\u00bb157deg\u00bb button_border_width=\u00bb0px\u00bb button_border_radius=\u00bb100px\u00bb button_font=\u00bbPoppins|700|||||||\u00bb custom_margin=\u00bb50px||-40px\u00bb custom_padding=\u00bb23px|70px|23px|70px|true|true\u00bb box_shadow_style=\u00bbpreset1&#8243; box_shadow_blur=\u00bb50px\u00bb][\/et_pb_button][\/et_pb_column][et_pb_column type=\u00bb1_3&#8243; _builder_version=\u00bb4.5.1&#8243; background_color=\u00bb#FFFFFF\u00bb use_background_color_gradient=\u00bbon\u00bb background_color_gradient_start=\u00bbrgba(3,152,204,0.15)\u00bb background_color_gradient_end=\u00bb#FFFFFF\u00bb background_color_gradient_type=\u00bbradial\u00bb background_color_gradient_direction_radial=\u00bbbottom\u00bb background_color_gradient_start_position=\u00bb33%\u00bb background_color_gradient_end_position=\u00bb33%\u00bb background_image=\u00bbhttps:\/\/www.yutaniglobal.com\/wp-content\/uploads\/2020\/08\/Hydraulic-attachment-Background.png\u00bb background_size=\u00bbinitial\u00bb background_position=\u00bbtop_center\u00bb transform_scale_tablet=\u00bb\u00bb transform_scale_phone=\u00bb\u00bb transform_scale_last_edited=\u00bbon|desktop\u00bb transform_translate=\u00bb-34px|0px\u00bb transform_translate_tablet=\u00bb0px|0px\u00bb transform_translate_phone=\u00bb\u00bb transform_translate_last_edited=\u00bbon|phone\u00bb transform_translate_linked=\u00bboff\u00bb transform_rotate=\u00bb0deg|0deg|8deg\u00bb transform_rotate_tablet=\u00bb0deg|0deg|0deg\u00bb transform_rotate_phone=\u00bb\u00bb transform_rotate_last_edited=\u00bbon|phone\u00bb transform_skew_tablet=\u00bb\u00bb transform_skew_phone=\u00bb\u00bb transform_skew_last_edited=\u00bbon|desktop\u00bb transform_origin_tablet=\u00bb\u00bb transform_origin_phone=\u00bb\u00bb transform_origin_last_edited=\u00bbon|desktop\u00bb transform_styles_last_edited=\u00bbon|phone\u00bb overflow-x=\u00bbvisible\u00bb overflow-y=\u00bbvisible\u00bb hover_transition_duration=\u00bb500ms\u00bb transform_styles_tablet=\u00bb\u00bb transform_styles_phone=\u00bb\u00bb border_radii=\u00bbon|20px|20px|20px|20px\u00bb box_shadow_style=\u00bbpreset1&#8243; box_shadow_blur=\u00bb80px\u00bb box_shadow_color=\u00bbrgba(0,0,0,0.11)\u00bb transform_styles__hover_enabled=\u00bbon\u00bb transform_translate__hover_enabled=\u00bbon\u00bb transform_scale__hover=\u00bb120%|120%\u00bb z_index__hover_enabled=\u00bbon\u00bb z_index__hover=\u00bb11&#8243; transform_rotate__hover=\u00bb0deg|0deg|0deg\u00bb transform_translate__hover=\u00bb0px|0px\u00bb][et_pb_blurb title=\u00bbAdjunto hidr\u00e1ulico\u00bb use_icon=\u00bbon\u00bb font_icon=\u00bb%%174%%\u00bb icon_color=\u00bb#0c71c3&#8243; use_icon_font_size=\u00bbon\u00bb icon_font_size=\u00bb50px\u00bb _builder_version=\u00bb4.5.1&#8243; header_font=\u00bbPoppins||||||||\u00bb header_text_align=\u00bbcenter\u00bb header_text_color=\u00bb#0c71c3&#8243; header_font_size=\u00bb27px\u00bb custom_margin=\u00bb80px||\u00bb custom_padding=\u00bb||\u00bb][\/et_pb_blurb][et_pb_divider color=\u00bb#51a3cc\u00bb divider_style=\u00bbdouble\u00bb divider_weight=\u00bb6px\u00bb _builder_version=\u00bb4.5.1&#8243; width=\u00bb14%\u00bb module_alignment=\u00bbcenter\u00bb height=\u00bb0px\u00bb custom_margin=\u00bb30px||||false|false\u00bb][\/et_pb_divider][et_pb_text _builder_version=\u00bb4.5.1&#8243; text_font=\u00bbPoppins|300|||||||\u00bb text_text_color=\u00bb#4f4f4f\u00bb text_line_height=\u00bb2.3em\u00bb text_orientation=\u00bbcenter\u00bb custom_margin=\u00bb30px||||false|false\u00bb custom_padding=\u00bb10px||10px||true\u00bb text_text_align=\u00bbcenter\u00bb]<\/p>\n<p><span>Pulverizador de demolici\u00f3n hidr\u00e1ulica<\/span><\/p>\n<p><span>Pulverizador de hormig\u00f3n magn\u00e9tico<\/span><\/p>\n<p><span>Cizalla\/Cortador Hidr\u00e1ulico<\/span><\/p>\n<p><span>Excavadora Flail Mower\/Bush cutter <\/span><\/p>\n<p>[\/et_pb_text][et_pb_text _builder_version=\u00bb4.5.1&#8243; text_font=\u00bbPoppins|900|||||||\u00bb text_text_color=\u00bb#0c71c3&#8243; text_font_size=\u00bb47px\u00bb text_line_height=\u00bb1em\u00bb text_orientation=\u00bbcenter\u00bb custom_margin=\u00bb50px||80px\u00bb text_text_align=\u00bbcenter\u00bb]1000 <span style=\"font-size: 15px; font-weight: normal;\">piezas\/a\u00f1o<\/span>[\/et_pb_text][et_pb_button button_url=\u00bb@ET-DC@eyJkeW5hbWljIjp0cnVlLCJjb250ZW50IjoicG9zdF9saW5rX3VybF9wYWdlIiwic2V0dGluZ3MiOnsicG9zdF9pZCI6IjIzMTczMSJ9fQ==@\u00bb url_new_window=\u00bbon\u00bb button_text=\u00bbM\u00e1s informaci\u00f3n\u00bb button_alignment=\u00bbcenter\u00bb _builder_version=\u00bb4.7.7&#8243; custom_button=\u00bbon\u00bb button_text_size=\u00bb17px\u00bb button_text_color=\u00bb#000000&#8243; button_bg_color=\u00bb#FFFFFF\u00bb button_border_width=\u00bb0px\u00bb button_border_radius=\u00bb100px\u00bb button_font=\u00bbPoppins|700|||||||\u00bb custom_margin=\u00bb50px||-40px\u00bb custom_padding=\u00bb23px|70px|23px|70px|true|true\u00bb hover_enabled=\u00bb0&#8243; box_shadow_style=\u00bbpreset1&#8243; box_shadow_blur=\u00bb50px\u00bb _dynamic_attributes=\u00bbbutton_url\u00bb sticky_enabled=\u00bb0&#8243;][\/et_pb_button][\/et_pb_column][\/et_pb_row][\/et_pb_section]<\/p>\n","protected":false},"excerpt":{"rendered":"<p>Yutani cuenta con equipos de producci\u00f3n completos, a trav\u00e9s de su experiencia \u00fanica de tratamiento t\u00e9rmico y tecnolog\u00eda de anillo de sellado \u00fanica, para producir conjuntos de cadena que cumplen con los est\u00e1ndares de calidad de los fabricantes originales multimarca.Conjunto de enlace de oruga de niveladora Personalizaci\u00f3n multimodelo Experiencia y tecnolog\u00eda \u00fanicas Equipos de producci\u00f3n [&hellip;]<\/p>\n","protected":false},"author":1,"featured_media":0,"parent":0,"menu_order":0,"comment_status":"closed","ping_status":"closed","template":"","meta":{"_et_pb_use_builder":"on","_et_pb_old_content":"","_et_gb_content_width":"","footnotes":""},"class_list":["post-230344","page","type-page","status-publish","hentry"],"yoast_head":"<!-- This site is optimized with the Yoast SEO plugin v27.5 - https:\/\/yoast.com\/product\/yoast-seo-wordpress\/ -->\n<title>ENSAMBLE YUTANI TRACK LINK - YUTANI<\/title>\n<meta name=\"robots\" content=\"index, follow, max-snippet:-1, max-image-preview:large, max-video-preview:-1\" \/>\n<link rel=\"canonical\" href=\"https:\/\/www.yutaniglobal.com\/es\/ensamble-yutani-track-link\/\" \/>\n<meta property=\"og:locale\" content=\"es_ES\" \/>\n<meta property=\"og:type\" content=\"article\" \/>\n<meta property=\"og:title\" content=\"ENSAMBLE YUTANI TRACK LINK - YUTANI\" \/>\n<meta property=\"og:description\" content=\"Yutani cuenta con equipos de producci\u00f3n completos, a trav\u00e9s de su experiencia \u00fanica de tratamiento t\u00e9rmico y tecnolog\u00eda de anillo de sellado \u00fanica, para producir conjuntos de cadena que cumplen con los est\u00e1ndares de calidad de los fabricantes originales multimarca.Conjunto de enlace de oruga de niveladora Personalizaci\u00f3n multimodelo Experiencia y tecnolog\u00eda \u00fanicas Equipos de producci\u00f3n [&hellip;]\" \/>\n<meta property=\"og:url\" content=\"https:\/\/www.yutaniglobal.com\/es\/ensamble-yutani-track-link\/\" \/>\n<meta property=\"og:site_name\" content=\"YUTANI\" \/>\n<meta property=\"article:publisher\" content=\"https:\/\/www.facebook.com\/YutaniExcavatorParts\" \/>\n<meta property=\"article:modified_time\" content=\"2020-12-29T05:29:59+00:00\" \/>\n<meta name=\"twitter:card\" content=\"summary_large_image\" \/>\n<meta name=\"twitter:label1\" content=\"Tiempo de lectura\" \/>\n\t<meta name=\"twitter:data1\" content=\"8 minutos\" \/>\n<script type=\"application\/ld+json\" class=\"yoast-schema-graph\">{\"@context\":\"https:\\\/\\\/schema.org\",\"@graph\":[{\"@type\":\"WebPage\",\"@id\":\"https:\\\/\\\/www.yutaniglobal.com\\\/es\\\/ensamble-yutani-track-link\\\/\",\"url\":\"https:\\\/\\\/www.yutaniglobal.com\\\/es\\\/ensamble-yutani-track-link\\\/\",\"name\":\"ENSAMBLE YUTANI TRACK LINK - YUTANI\",\"isPartOf\":{\"@id\":\"https:\\\/\\\/www.yutaniglobal.com\\\/es\\\/#website\"},\"datePublished\":\"2020-08-31T07:39:46+00:00\",\"dateModified\":\"2020-12-29T05:29:59+00:00\",\"breadcrumb\":{\"@id\":\"https:\\\/\\\/www.yutaniglobal.com\\\/es\\\/ensamble-yutani-track-link\\\/#breadcrumb\"},\"inLanguage\":\"es\",\"potentialAction\":[{\"@type\":\"ReadAction\",\"target\":[\"https:\\\/\\\/www.yutaniglobal.com\\\/es\\\/ensamble-yutani-track-link\\\/\"]}]},{\"@type\":\"BreadcrumbList\",\"@id\":\"https:\\\/\\\/www.yutaniglobal.com\\\/es\\\/ensamble-yutani-track-link\\\/#breadcrumb\",\"itemListElement\":[{\"@type\":\"ListItem\",\"position\":1,\"name\":\"Home\",\"item\":\"https:\\\/\\\/www.yutaniglobal.com\\\/es\\\/\"},{\"@type\":\"ListItem\",\"position\":2,\"name\":\"ENSAMBLE YUTANI TRACK LINK\"}]},{\"@type\":\"WebSite\",\"@id\":\"https:\\\/\\\/www.yutaniglobal.com\\\/es\\\/#website\",\"url\":\"https:\\\/\\\/www.yutaniglobal.com\\\/es\\\/\",\"name\":\"YUTANI\",\"description\":\"Your Reliable Excavator Undercarriage Parts Supplier Partner\",\"publisher\":{\"@id\":\"https:\\\/\\\/www.yutaniglobal.com\\\/es\\\/#organization\"},\"potentialAction\":[{\"@type\":\"SearchAction\",\"target\":{\"@type\":\"EntryPoint\",\"urlTemplate\":\"https:\\\/\\\/www.yutaniglobal.com\\\/es\\\/?s={search_term_string}\"},\"query-input\":{\"@type\":\"PropertyValueSpecification\",\"valueRequired\":true,\"valueName\":\"search_term_string\"}}],\"inLanguage\":\"es\"},{\"@type\":\"Organization\",\"@id\":\"https:\\\/\\\/www.yutaniglobal.com\\\/es\\\/#organization\",\"name\":\"YUTANI\",\"url\":\"https:\\\/\\\/www.yutaniglobal.com\\\/es\\\/\",\"logo\":{\"@type\":\"ImageObject\",\"inLanguage\":\"es\",\"@id\":\"https:\\\/\\\/www.yutaniglobal.com\\\/es\\\/#\\\/schema\\\/logo\\\/image\\\/\",\"url\":\"https:\\\/\\\/www.yutaniglobal.com\\\/wp-content\\\/uploads\\\/2020\\\/08\\\/favicon.ico\",\"contentUrl\":\"https:\\\/\\\/www.yutaniglobal.com\\\/wp-content\\\/uploads\\\/2020\\\/08\\\/favicon.ico\",\"width\":16,\"height\":16,\"caption\":\"YUTANI\"},\"image\":{\"@id\":\"https:\\\/\\\/www.yutaniglobal.com\\\/es\\\/#\\\/schema\\\/logo\\\/image\\\/\"},\"sameAs\":[\"https:\\\/\\\/www.facebook.com\\\/YutaniExcavatorParts\",\"https:\\\/\\\/www.linkedin.com\\\/company\\\/yutanichina\\\/\"]}]}<\/script>\n<!-- \/ Yoast SEO plugin. -->","yoast_head_json":{"title":"ENSAMBLE YUTANI TRACK LINK - YUTANI","robots":{"index":"index","follow":"follow","max-snippet":"max-snippet:-1","max-image-preview":"max-image-preview:large","max-video-preview":"max-video-preview:-1"},"canonical":"https:\/\/www.yutaniglobal.com\/es\/ensamble-yutani-track-link\/","og_locale":"es_ES","og_type":"article","og_title":"ENSAMBLE YUTANI TRACK LINK - YUTANI","og_description":"Yutani cuenta con equipos de producci\u00f3n completos, a trav\u00e9s de su experiencia \u00fanica de tratamiento t\u00e9rmico y tecnolog\u00eda de anillo de sellado \u00fanica, para producir conjuntos de cadena que cumplen con los est\u00e1ndares de calidad de los fabricantes originales multimarca.Conjunto de enlace de oruga de niveladora Personalizaci\u00f3n multimodelo Experiencia y tecnolog\u00eda \u00fanicas Equipos de producci\u00f3n [&hellip;]","og_url":"https:\/\/www.yutaniglobal.com\/es\/ensamble-yutani-track-link\/","og_site_name":"YUTANI","article_publisher":"https:\/\/www.facebook.com\/YutaniExcavatorParts","article_modified_time":"2020-12-29T05:29:59+00:00","twitter_card":"summary_large_image","twitter_misc":{"Tiempo de lectura":"8 minutos"},"schema":{"@context":"https:\/\/schema.org","@graph":[{"@type":"WebPage","@id":"https:\/\/www.yutaniglobal.com\/es\/ensamble-yutani-track-link\/","url":"https:\/\/www.yutaniglobal.com\/es\/ensamble-yutani-track-link\/","name":"ENSAMBLE YUTANI TRACK LINK - YUTANI","isPartOf":{"@id":"https:\/\/www.yutaniglobal.com\/es\/#website"},"datePublished":"2020-08-31T07:39:46+00:00","dateModified":"2020-12-29T05:29:59+00:00","breadcrumb":{"@id":"https:\/\/www.yutaniglobal.com\/es\/ensamble-yutani-track-link\/#breadcrumb"},"inLanguage":"es","potentialAction":[{"@type":"ReadAction","target":["https:\/\/www.yutaniglobal.com\/es\/ensamble-yutani-track-link\/"]}]},{"@type":"BreadcrumbList","@id":"https:\/\/www.yutaniglobal.com\/es\/ensamble-yutani-track-link\/#breadcrumb","itemListElement":[{"@type":"ListItem","position":1,"name":"Home","item":"https:\/\/www.yutaniglobal.com\/es\/"},{"@type":"ListItem","position":2,"name":"ENSAMBLE YUTANI TRACK LINK"}]},{"@type":"WebSite","@id":"https:\/\/www.yutaniglobal.com\/es\/#website","url":"https:\/\/www.yutaniglobal.com\/es\/","name":"YUTANI","description":"Your Reliable Excavator Undercarriage Parts Supplier Partner","publisher":{"@id":"https:\/\/www.yutaniglobal.com\/es\/#organization"},"potentialAction":[{"@type":"SearchAction","target":{"@type":"EntryPoint","urlTemplate":"https:\/\/www.yutaniglobal.com\/es\/?s={search_term_string}"},"query-input":{"@type":"PropertyValueSpecification","valueRequired":true,"valueName":"search_term_string"}}],"inLanguage":"es"},{"@type":"Organization","@id":"https:\/\/www.yutaniglobal.com\/es\/#organization","name":"YUTANI","url":"https:\/\/www.yutaniglobal.com\/es\/","logo":{"@type":"ImageObject","inLanguage":"es","@id":"https:\/\/www.yutaniglobal.com\/es\/#\/schema\/logo\/image\/","url":"https:\/\/www.yutaniglobal.com\/wp-content\/uploads\/2020\/08\/favicon.ico","contentUrl":"https:\/\/www.yutaniglobal.com\/wp-content\/uploads\/2020\/08\/favicon.ico","width":16,"height":16,"caption":"YUTANI"},"image":{"@id":"https:\/\/www.yutaniglobal.com\/es\/#\/schema\/logo\/image\/"},"sameAs":["https:\/\/www.facebook.com\/YutaniExcavatorParts","https:\/\/www.linkedin.com\/company\/yutanichina\/"]}]}},"_links":{"self":[{"href":"https:\/\/www.yutaniglobal.com\/es\/wp-json\/wp\/v2\/pages\/230344","targetHints":{"allow":["GET"]}}],"collection":[{"href":"https:\/\/www.yutaniglobal.com\/es\/wp-json\/wp\/v2\/pages"}],"about":[{"href":"https:\/\/www.yutaniglobal.com\/es\/wp-json\/wp\/v2\/types\/page"}],"author":[{"embeddable":true,"href":"https:\/\/www.yutaniglobal.com\/es\/wp-json\/wp\/v2\/users\/1"}],"replies":[{"embeddable":true,"href":"https:\/\/www.yutaniglobal.com\/es\/wp-json\/wp\/v2\/comments?post=230344"}],"version-history":[{"count":0,"href":"https:\/\/www.yutaniglobal.com\/es\/wp-json\/wp\/v2\/pages\/230344\/revisions"}],"wp:attachment":[{"href":"https:\/\/www.yutaniglobal.com\/es\/wp-json\/wp\/v2\/media?parent=230344"}],"curies":[{"name":"wp","href":"https:\/\/api.w.org\/{rel}","templated":true}]}}