{"id":230360,"date":"2020-08-31T08:07:42","date_gmt":"2020-08-31T08:07:42","guid":{"rendered":"https:\/\/www.yutaniglobal.com\/cadena-de-oruga-excavadora-yutani\/"},"modified":"2020-09-18T01:03:26","modified_gmt":"2020-09-18T01:03:26","slug":"cadena-de-oruga-excavadora-yutani","status":"publish","type":"page","link":"https:\/\/www.yutaniglobal.com\/es\/cadena-de-oruga-excavadora-yutani\/","title":{"rendered":"CADENA DE ORUGA EXCAVADORA YUTANI"},"content":{"rendered":"<p>[et_pb_section fb_built=\u00bb1&#8243; _builder_version=\u00bb4.5.1&#8243; _module_preset=\u00bbdefault\u00bb custom_margin=\u00bb||||false|false\u00bb custom_padding=\u00bb||0px||false|false\u00bb][et_pb_row _builder_version=\u00bb4.5.1&#8243; _module_preset=\u00bbdefault\u00bb width=\u00bb100%\u00bb max_width=\u00bb100%\u00bb][et_pb_column type=\u00bb4_4&#8243; _builder_version=\u00bb4.5.1&#8243; _module_preset=\u00bbdefault\u00bb][et_pb_blurb title=\u00bbCadena de la pista de la excavadora\u00bb use_icon=\u00bbon\u00bb font_icon=\u00bb%%136%%\u00bb icon_color=\u00bb#0c71c3&#8243; use_icon_font_size=\u00bbon\u00bb icon_font_size=\u00bb60px\u00bb _builder_version=\u00bb4.6.0&#8243; _module_preset=\u00bbdefault\u00bb header_font=\u00bb|||on|||||\u00bb header_text_align=\u00bbcenter\u00bb header_text_color=\u00bb#0c71c3&#8243; header_font_size=\u00bb30px\u00bb body_text_color=\u00bb#51a3cc\u00bb body_font_size=\u00bb16px\u00bb body_line_height=\u00bb1.8em\u00bb text_orientation=\u00bbcenter\u00bb custom_margin=\u00bb||||false|false\u00bb custom_padding=\u00bb0px||0px||false|false\u00bb custom_padding_tablet=\u00bb\u00bb custom_padding_phone=\u00bb0px|20px|0px|20px|false|false\u00bb custom_padding_last_edited=\u00bbon|phone\u00bb header_line_height_tablet=\u00bb\u00bb header_line_height_phone=\u00bb1.3em\u00bb header_line_height_last_edited=\u00bbon|phone\u00bb]<\/p>\n<p>Debido a la tecnolog\u00eda de tratamiento t\u00e9rmico de los casquillos de la pista y la experiencia \u00fanica de tratamiento t\u00e9rmico de Yutani, la cadena de orugas Yutani tiene una vida \u00fatil y resistencia m\u00e1s largas.<\/p>\n<p>La cadena de orugas YUTANI se adapta a una amplia gama de modelos, que pueden satisfacer las necesidades de diferentes marcas y modelos de excavadoras.<\/p>\n<p>[\/et_pb_blurb][\/et_pb_column][\/et_pb_row][\/et_pb_section][et_pb_section fb_built=\u00bb1&#8243; _builder_version=\u00bb4.5.1&#8243; _module_preset=\u00bbdefault\u00bb custom_padding=\u00bb30px||||false|false\u00bb][et_pb_row column_structure=\u00bb3_5,2_5&#8243; _builder_version=\u00bb4.5.1&#8243; _module_preset=\u00bbdefault\u00bb width=\u00bb100%\u00bb max_width=\u00bb100%\u00bb][et_pb_column type=\u00bb3_5&#8243; _builder_version=\u00bb4.5.1&#8243; _module_preset=\u00bbdefault\u00bb][et_pb_image src=\u00bbhttps:\/\/www.yutaniglobal.com\/wp-content\/uploads\/2020\/08\/Excavator-track-chain-CAD.png\u00bb title_text=\u00bbCadena de orugas de excavadora CAD\u00bb align=\u00bbcenter\u00bb _builder_version=\u00bb4.6.0&#8243; _module_preset=\u00bbdefault\u00bb custom_margin=\u00bb|||50px|false|false\u00bb custom_margin_tablet=\u00bb|20px||20px|false|false\u00bb custom_margin_phone=\u00bb|20px||20px|false|false\u00bb custom_margin_last_edited=\u00bbon|tablet\u00bb][\/et_pb_image][\/et_pb_column][et_pb_column type=\u00bb2_5&#8243; _builder_version=\u00bb4.5.1&#8243; _module_preset=\u00bbdefault\u00bb][et_pb_text _builder_version=\u00bb4.6.1&#8243; _module_preset=\u00bbdefault\u00bb text_font_size=\u00bb16px\u00bb header_4_text_color=\u00bb#0c71c3&#8243; header_4_line_height=\u00bb1.5em\u00bb width=\u00bb60%\u00bb width_tablet=\u00bb80%\u00bb width_phone=\u00bb\u00bb width_last_edited=\u00bbon|phone\u00bb module_alignment=\u00bbleft\u00bb custom_margin=\u00bb||||false|false\u00bb custom_padding=\u00bb20px|||20px|false|false\u00bb hover_enabled=\u00bb0&#8243; text_orientation_tablet=\u00bbcenter\u00bb text_orientation_phone=\u00bbcenter\u00bb text_orientation_last_edited=\u00bbon|phone\u00bb module_alignment_tablet=\u00bbcenter\u00bb module_alignment_phone=\u00bbcenter\u00bb module_alignment_last_edited=\u00bbon|phone\u00bb sticky_enabled=\u00bb0&#8243;]<\/p>\n<p>El siguiente gr\u00e1fico muestra el rango del modelo y los par\u00e1metros que se pueden realizar en la cadena de orugas de la excavadora.<\/p>\n<p>Se muestra las diferentes formas de sellado del modelo de sello de cadena de excavadora.<\/p>\n<p>&nbsp;<\/p>\n<h4>S1 &#8211; Espaciador de acero<\/h4>\n<h4>S2 &#8211; Espaciador TPU<\/h4>\n<h4>S3 &#8211; Anillo de sellado tipo M<\/h4>\n<p>[\/et_pb_text][\/et_pb_column][\/et_pb_row][et_pb_row _builder_version=\u00bb4.5.1&#8243; _module_preset=\u00bbdefault\u00bb width=\u00bb100%\u00bb max_width=\u00bb100%\u00bb][et_pb_column type=\u00bb4_4&#8243; _builder_version=\u00bb4.5.1&#8243; _module_preset=\u00bbdefault\u00bb][et_pb_text _builder_version=\u00bb4.6.0&#8243; _module_preset=\u00bbdefault\u00bb text_font_size=\u00bb16px\u00bb header_3_text_color=\u00bb#0c71c3&#8243; header_4_text_color=\u00bb#0c71c3&#8243; header_4_line_height=\u00bb1.5em\u00bb text_orientation=\u00bbcenter\u00bb module_alignment=\u00bbcenter\u00bb custom_margin=\u00bb||10px||false|false\u00bb custom_padding=\u00bb30px|||20px|false|false\u00bb header_3_line_height_tablet=\u00bb\u00bb header_3_line_height_phone=\u00bb1.3em\u00bb header_3_line_height_last_edited=\u00bbon|phone\u00bb]<\/p>\n<h3>Especificaciones para el ensamblaje de enlace de pista de excavadora YUTANI<\/h3>\n<p>&nbsp;<\/p>\n<p>[\/et_pb_text][et_pb_code _builder_version=\u00bb4.6.0&#8243; _module_preset=\u00bbdefault\u00bb text_orientation=\u00bbcenter\u00bb custom_padding=\u00bb|3%||3%|false|true\u00bb]<div class=\"visualizer-front-container\" id=\"chart_wrapper_visualizer-230104-1031818428\"><style type=\"text\/css\" name=\"visualizer-custom-css\" id=\"customcss-visualizer-230104\">.locker,.locker-loader{position:absolute;top:0;left:0;width:100%;height:100%}.locker{z-index:1000;opacity:.8;background-color:#fff;-ms-filter:\"progid:DXImageTransform.Microsoft.Alpha(Opacity=80)\";filter:alpha(opacity=80)}.locker-loader{z-index:1001;background:url(https:\/\/www.yutaniglobal.com\/wp-content\/plugins\/visualizer\/images\/ajax-loader.gif) no-repeat center center}.dt-button{display:none!important}.visualizer-front-container.visualizer-lazy-render{content-visibility: auto;}.google-visualization-controls-categoryfilter label.google-visualization-controls-label {vertical-align: middle;}.google-visualization-controls-categoryfilter li.goog-inline-block {margin: 0 0.2em;}.google-visualization-controls-categoryfilter li {padding: 0 0.2em;}.visualizer-front-container .dataTables_scrollHeadInner{margin: 0 auto;}<\/style><div id=\"visualizer-230104-1031818428\" class=\"visualizer-front  visualizer-front-230104 visualizer-lazy\"><\/div><!-- Not showing structured data for chart 230104 because description is empty --><\/div>[\/et_pb_code][\/et_pb_column][\/et_pb_row][\/et_pb_section]<\/p>\n","protected":false},"excerpt":{"rendered":"<p>Debido a la tecnolog\u00eda de tratamiento t\u00e9rmico de los casquillos de la pista y la experiencia \u00fanica de tratamiento t\u00e9rmico de Yutani, la cadena de orugas Yutani tiene una vida \u00fatil y resistencia m\u00e1s largas. La cadena de orugas YUTANI se adapta a una amplia gama de modelos, que pueden satisfacer las necesidades de diferentes [&hellip;]<\/p>\n","protected":false},"author":1,"featured_media":0,"parent":0,"menu_order":0,"comment_status":"closed","ping_status":"closed","template":"","meta":{"_et_pb_use_builder":"on","_et_pb_old_content":"","_et_gb_content_width":"","footnotes":""},"class_list":["post-230360","page","type-page","status-publish","hentry"],"yoast_head":"<!-- This site is optimized with the Yoast SEO plugin v27.6 - https:\/\/yoast.com\/product\/yoast-seo-wordpress\/ -->\n<title>CADENA DE ORUGA EXCAVADORA YUTANI - YUTANI<\/title>\n<meta name=\"robots\" content=\"index, follow, max-snippet:-1, max-image-preview:large, max-video-preview:-1\" \/>\n<link rel=\"canonical\" href=\"https:\/\/www.yutaniglobal.com\/es\/cadena-de-oruga-excavadora-yutani\/\" \/>\n<meta property=\"og:locale\" content=\"es_ES\" \/>\n<meta property=\"og:type\" content=\"article\" \/>\n<meta property=\"og:title\" content=\"CADENA DE ORUGA EXCAVADORA YUTANI - YUTANI\" \/>\n<meta property=\"og:description\" content=\"Debido a la tecnolog\u00eda de tratamiento t\u00e9rmico de los casquillos de la pista y la experiencia \u00fanica de tratamiento t\u00e9rmico de Yutani, la cadena de orugas Yutani tiene una vida \u00fatil y resistencia m\u00e1s largas. La cadena de orugas YUTANI se adapta a una amplia gama de modelos, que pueden satisfacer las necesidades de diferentes [&hellip;]\" \/>\n<meta property=\"og:url\" content=\"https:\/\/www.yutaniglobal.com\/es\/cadena-de-oruga-excavadora-yutani\/\" \/>\n<meta property=\"og:site_name\" content=\"YUTANI\" \/>\n<meta property=\"article:publisher\" content=\"https:\/\/www.facebook.com\/YutaniExcavatorParts\" \/>\n<meta property=\"article:modified_time\" content=\"2020-09-18T01:03:26+00:00\" \/>\n<meta name=\"twitter:card\" content=\"summary_large_image\" \/>\n<meta name=\"twitter:label1\" content=\"Tiempo de lectura\" \/>\n\t<meta name=\"twitter:data1\" content=\"3 minutos\" \/>\n<script type=\"application\/ld+json\" class=\"yoast-schema-graph\">{\"@context\":\"https:\\\/\\\/schema.org\",\"@graph\":[{\"@type\":\"WebPage\",\"@id\":\"https:\\\/\\\/www.yutaniglobal.com\\\/es\\\/cadena-de-oruga-excavadora-yutani\\\/\",\"url\":\"https:\\\/\\\/www.yutaniglobal.com\\\/es\\\/cadena-de-oruga-excavadora-yutani\\\/\",\"name\":\"CADENA DE ORUGA EXCAVADORA YUTANI - YUTANI\",\"isPartOf\":{\"@id\":\"https:\\\/\\\/www.yutaniglobal.com\\\/es\\\/#website\"},\"datePublished\":\"2020-08-31T08:07:42+00:00\",\"dateModified\":\"2020-09-18T01:03:26+00:00\",\"breadcrumb\":{\"@id\":\"https:\\\/\\\/www.yutaniglobal.com\\\/es\\\/cadena-de-oruga-excavadora-yutani\\\/#breadcrumb\"},\"inLanguage\":\"es\",\"potentialAction\":[{\"@type\":\"ReadAction\",\"target\":[\"https:\\\/\\\/www.yutaniglobal.com\\\/es\\\/cadena-de-oruga-excavadora-yutani\\\/\"]}]},{\"@type\":\"BreadcrumbList\",\"@id\":\"https:\\\/\\\/www.yutaniglobal.com\\\/es\\\/cadena-de-oruga-excavadora-yutani\\\/#breadcrumb\",\"itemListElement\":[{\"@type\":\"ListItem\",\"position\":1,\"name\":\"Home\",\"item\":\"https:\\\/\\\/www.yutaniglobal.com\\\/es\\\/\"},{\"@type\":\"ListItem\",\"position\":2,\"name\":\"CADENA DE ORUGA EXCAVADORA YUTANI\"}]},{\"@type\":\"WebSite\",\"@id\":\"https:\\\/\\\/www.yutaniglobal.com\\\/es\\\/#website\",\"url\":\"https:\\\/\\\/www.yutaniglobal.com\\\/es\\\/\",\"name\":\"YUTANI\",\"description\":\"Your Reliable Excavator Undercarriage Parts Supplier Partner\",\"publisher\":{\"@id\":\"https:\\\/\\\/www.yutaniglobal.com\\\/es\\\/#organization\"},\"potentialAction\":[{\"@type\":\"SearchAction\",\"target\":{\"@type\":\"EntryPoint\",\"urlTemplate\":\"https:\\\/\\\/www.yutaniglobal.com\\\/es\\\/?s={search_term_string}\"},\"query-input\":{\"@type\":\"PropertyValueSpecification\",\"valueRequired\":true,\"valueName\":\"search_term_string\"}}],\"inLanguage\":\"es\"},{\"@type\":\"Organization\",\"@id\":\"https:\\\/\\\/www.yutaniglobal.com\\\/es\\\/#organization\",\"name\":\"YUTANI\",\"url\":\"https:\\\/\\\/www.yutaniglobal.com\\\/es\\\/\",\"logo\":{\"@type\":\"ImageObject\",\"inLanguage\":\"es\",\"@id\":\"https:\\\/\\\/www.yutaniglobal.com\\\/es\\\/#\\\/schema\\\/logo\\\/image\\\/\",\"url\":\"https:\\\/\\\/www.yutaniglobal.com\\\/wp-content\\\/uploads\\\/2020\\\/08\\\/favicon.ico\",\"contentUrl\":\"https:\\\/\\\/www.yutaniglobal.com\\\/wp-content\\\/uploads\\\/2020\\\/08\\\/favicon.ico\",\"width\":16,\"height\":16,\"caption\":\"YUTANI\"},\"image\":{\"@id\":\"https:\\\/\\\/www.yutaniglobal.com\\\/es\\\/#\\\/schema\\\/logo\\\/image\\\/\"},\"sameAs\":[\"https:\\\/\\\/www.facebook.com\\\/YutaniExcavatorParts\",\"https:\\\/\\\/www.linkedin.com\\\/company\\\/yutanichina\\\/\"]}]}<\/script>\n<!-- \/ Yoast SEO plugin. -->","yoast_head_json":{"title":"CADENA DE ORUGA EXCAVADORA YUTANI - YUTANI","robots":{"index":"index","follow":"follow","max-snippet":"max-snippet:-1","max-image-preview":"max-image-preview:large","max-video-preview":"max-video-preview:-1"},"canonical":"https:\/\/www.yutaniglobal.com\/es\/cadena-de-oruga-excavadora-yutani\/","og_locale":"es_ES","og_type":"article","og_title":"CADENA DE ORUGA EXCAVADORA YUTANI - YUTANI","og_description":"Debido a la tecnolog\u00eda de tratamiento t\u00e9rmico de los casquillos de la pista y la experiencia \u00fanica de tratamiento t\u00e9rmico de Yutani, la cadena de orugas Yutani tiene una vida \u00fatil y resistencia m\u00e1s largas. La cadena de orugas YUTANI se adapta a una amplia gama de modelos, que pueden satisfacer las necesidades de diferentes [&hellip;]","og_url":"https:\/\/www.yutaniglobal.com\/es\/cadena-de-oruga-excavadora-yutani\/","og_site_name":"YUTANI","article_publisher":"https:\/\/www.facebook.com\/YutaniExcavatorParts","article_modified_time":"2020-09-18T01:03:26+00:00","twitter_card":"summary_large_image","twitter_misc":{"Tiempo de lectura":"3 minutos"},"schema":{"@context":"https:\/\/schema.org","@graph":[{"@type":"WebPage","@id":"https:\/\/www.yutaniglobal.com\/es\/cadena-de-oruga-excavadora-yutani\/","url":"https:\/\/www.yutaniglobal.com\/es\/cadena-de-oruga-excavadora-yutani\/","name":"CADENA DE ORUGA EXCAVADORA YUTANI - YUTANI","isPartOf":{"@id":"https:\/\/www.yutaniglobal.com\/es\/#website"},"datePublished":"2020-08-31T08:07:42+00:00","dateModified":"2020-09-18T01:03:26+00:00","breadcrumb":{"@id":"https:\/\/www.yutaniglobal.com\/es\/cadena-de-oruga-excavadora-yutani\/#breadcrumb"},"inLanguage":"es","potentialAction":[{"@type":"ReadAction","target":["https:\/\/www.yutaniglobal.com\/es\/cadena-de-oruga-excavadora-yutani\/"]}]},{"@type":"BreadcrumbList","@id":"https:\/\/www.yutaniglobal.com\/es\/cadena-de-oruga-excavadora-yutani\/#breadcrumb","itemListElement":[{"@type":"ListItem","position":1,"name":"Home","item":"https:\/\/www.yutaniglobal.com\/es\/"},{"@type":"ListItem","position":2,"name":"CADENA DE ORUGA EXCAVADORA YUTANI"}]},{"@type":"WebSite","@id":"https:\/\/www.yutaniglobal.com\/es\/#website","url":"https:\/\/www.yutaniglobal.com\/es\/","name":"YUTANI","description":"Your Reliable Excavator Undercarriage Parts Supplier Partner","publisher":{"@id":"https:\/\/www.yutaniglobal.com\/es\/#organization"},"potentialAction":[{"@type":"SearchAction","target":{"@type":"EntryPoint","urlTemplate":"https:\/\/www.yutaniglobal.com\/es\/?s={search_term_string}"},"query-input":{"@type":"PropertyValueSpecification","valueRequired":true,"valueName":"search_term_string"}}],"inLanguage":"es"},{"@type":"Organization","@id":"https:\/\/www.yutaniglobal.com\/es\/#organization","name":"YUTANI","url":"https:\/\/www.yutaniglobal.com\/es\/","logo":{"@type":"ImageObject","inLanguage":"es","@id":"https:\/\/www.yutaniglobal.com\/es\/#\/schema\/logo\/image\/","url":"https:\/\/www.yutaniglobal.com\/wp-content\/uploads\/2020\/08\/favicon.ico","contentUrl":"https:\/\/www.yutaniglobal.com\/wp-content\/uploads\/2020\/08\/favicon.ico","width":16,"height":16,"caption":"YUTANI"},"image":{"@id":"https:\/\/www.yutaniglobal.com\/es\/#\/schema\/logo\/image\/"},"sameAs":["https:\/\/www.facebook.com\/YutaniExcavatorParts","https:\/\/www.linkedin.com\/company\/yutanichina\/"]}]}},"_links":{"self":[{"href":"https:\/\/www.yutaniglobal.com\/es\/wp-json\/wp\/v2\/pages\/230360","targetHints":{"allow":["GET"]}}],"collection":[{"href":"https:\/\/www.yutaniglobal.com\/es\/wp-json\/wp\/v2\/pages"}],"about":[{"href":"https:\/\/www.yutaniglobal.com\/es\/wp-json\/wp\/v2\/types\/page"}],"author":[{"embeddable":true,"href":"https:\/\/www.yutaniglobal.com\/es\/wp-json\/wp\/v2\/users\/1"}],"replies":[{"embeddable":true,"href":"https:\/\/www.yutaniglobal.com\/es\/wp-json\/wp\/v2\/comments?post=230360"}],"version-history":[{"count":0,"href":"https:\/\/www.yutaniglobal.com\/es\/wp-json\/wp\/v2\/pages\/230360\/revisions"}],"wp:attachment":[{"href":"https:\/\/www.yutaniglobal.com\/es\/wp-json\/wp\/v2\/media?parent=230360"}],"curies":[{"name":"wp","href":"https:\/\/api.w.org\/{rel}","templated":true}]}}