{"id":230375,"date":"2020-08-31T08:29:06","date_gmt":"2020-08-31T08:29:06","guid":{"rendered":"https:\/\/www.yutaniglobal.com\/cadena-de-la-pista-de-bulldozer-yutani\/"},"modified":"2020-08-31T08:29:07","modified_gmt":"2020-08-31T08:29:07","slug":"cadena-de-la-pista-de-bulldozer-yutani","status":"publish","type":"page","link":"https:\/\/www.yutaniglobal.com\/es\/cadena-de-la-pista-de-bulldozer-yutani\/","title":{"rendered":"CADENA DE LA PISTA DE BULLDOZER YUTANI"},"content":{"rendered":"<p>[et_pb_section fb_built=\u00bb1&#8243; _builder_version=\u00bb4.5.1&#8243; _module_preset=\u00bbdefault\u00bb custom_padding=\u00bb||0px||false|false\u00bb][et_pb_row _builder_version=\u00bb4.5.1&#8243; _module_preset=\u00bbdefault\u00bb width=\u00bb100%\u00bb max_width=\u00bb100%\u00bb][et_pb_column type=\u00bb4_4&#8243; _builder_version=\u00bb4.5.1&#8243; _module_preset=\u00bbdefault\u00bb][et_pb_blurb title=\u00bbCadena de pistas bulldozer\u00bb use_icon=\u00bbon\u00bb font_icon=\u00bb%%176%%\u00bb icon_color=\u00bb#0c71c3&#8243; use_icon_font_size=\u00bbon\u00bb icon_font_size=\u00bb60px\u00bb _builder_version=\u00bb4.6.0&#8243; _module_preset=\u00bbdefault\u00bb header_font=\u00bb|||on|||||\u00bb header_text_align=\u00bbcenter\u00bb header_text_color=\u00bb#0c71c3&#8243; header_font_size=\u00bb30px\u00bb body_text_color=\u00bb#51a3cc\u00bb body_font_size=\u00bb16px\u00bb body_line_height=\u00bb1.8em\u00bb text_orientation=\u00bbcenter\u00bb custom_margin=\u00bb||||false|false\u00bb custom_padding=\u00bb0px||0px||false|false\u00bb hover_enabled=\u00bb0&#8243; custom_padding_last_edited=\u00bbon|phone\u00bb sticky_enabled=\u00bb0&#8243; custom_padding_phone=\u00bb|20px||20px|false|false\u00bb header_line_height_last_edited=\u00bbon|phone\u00bb header_line_height_phone=\u00bb1.3em\u00bb]<\/p>\n<p>YUTANI garantiza la calidad de la cadena de orugas a trav\u00e9s de la inspecci\u00f3n de materias primas, la inspecci\u00f3n metalogr\u00e1fica durante la producci\u00f3n y las pruebas de presi\u00f3n y resistencia de los productos terminados.<\/p>\n<p>La cadena de orugas YUTANI se adapta a una amplia gama de modelos, que pueden satisfacer las necesidades de diferentes marcas y modelos de excavadoras.<\/p>\n<p>[\/et_pb_blurb][\/et_pb_column][\/et_pb_row][\/et_pb_section][et_pb_section fb_built=\u00bb1&#8243; _builder_version=\u00bb4.5.1&#8243; _module_preset=\u00bbdefault\u00bb custom_padding=\u00bb30px||||false|false\u00bb][et_pb_row column_structure=\u00bb3_5,2_5&#8243; _builder_version=\u00bb4.5.1&#8243; _module_preset=\u00bbdefault\u00bb width=\u00bb100%\u00bb max_width=\u00bb100%\u00bb][et_pb_column type=\u00bb3_5&#8243; _builder_version=\u00bb4.5.1&#8243; _module_preset=\u00bbdefault\u00bb][et_pb_image src=\u00bbhttps:\/\/www.yutaniglobal.com\/wp-content\/uploads\/2020\/08\/Bulldozer-track-chain-CAD.png\u00bb title_text=\u00bbCadena de oruga para bulldozer CAD\u00bb align=\u00bbcenter\u00bb _builder_version=\u00bb4.6.0&#8243; _module_preset=\u00bbdefault\u00bb custom_margin=\u00bb|||50px|false|false\u00bb hover_enabled=\u00bb0&#8243; custom_margin_last_edited=\u00bbon|phone\u00bb custom_margin_tablet=\u00bb|20px||20px|false|false\u00bb sticky_enabled=\u00bb0&#8243;][\/et_pb_image][\/et_pb_column][et_pb_column type=\u00bb2_5&#8243; _builder_version=\u00bb4.5.1&#8243; _module_preset=\u00bbdefault\u00bb][et_pb_text _builder_version=\u00bb4.6.0&#8243; _module_preset=\u00bbdefault\u00bb text_font_size=\u00bb16px\u00bb header_4_text_color=\u00bb#0c71c3&#8243; header_4_line_height=\u00bb1.5em\u00bb width=\u00bb60%\u00bb module_alignment=\u00bbleft\u00bb custom_margin=\u00bb||||false|false\u00bb custom_padding=\u00bb40px|||20px|false|false\u00bb hover_enabled=\u00bb0&#8243; sticky_enabled=\u00bb0&#8243; module_alignment_last_edited=\u00bbon|tablet\u00bb module_alignment_tablet=\u00bbcenter\u00bb module_alignment_phone=\u00bbcenter\u00bb width_last_edited=\u00bbon|desktop\u00bb width_tablet=\u00bb80%\u00bb]<\/p>\n<p>El siguiente gr\u00e1fico muestra el rango del modelo y los par\u00e1metros que se pueden realizar en la cadena de orugas Bulldozer.<\/p>\n<p>La primera columna muestra el modelo YUTANI de la cadena de orugas bulldozer, y la \u00faltima columna es el modelo de excavadora aplicable.<\/p>\n<p>&nbsp;<\/p>\n<p>[\/et_pb_text][\/et_pb_column][\/et_pb_row][et_pb_row _builder_version=\u00bb4.5.1&#8243; _module_preset=\u00bbdefault\u00bb width=\u00bb100%\u00bb max_width=\u00bb100%\u00bb][et_pb_column type=\u00bb4_4&#8243; _builder_version=\u00bb4.5.1&#8243; _module_preset=\u00bbdefault\u00bb][et_pb_text _builder_version=\u00bb4.6.0&#8243; _module_preset=\u00bbdefault\u00bb text_font_size=\u00bb16px\u00bb header_3_text_color=\u00bb#0c71c3&#8243; header_4_text_color=\u00bb#0c71c3&#8243; header_4_line_height=\u00bb1.5em\u00bb text_orientation=\u00bbcenter\u00bb module_alignment=\u00bbcenter\u00bb custom_margin=\u00bb||10px||false|false\u00bb custom_padding=\u00bb30px|||20px|false|false\u00bb hover_enabled=\u00bb0&#8243; header_3_line_height_last_edited=\u00bbon|phone\u00bb header_3_line_height_phone=\u00bb1.3em\u00bb sticky_enabled=\u00bb0&#8243;]<\/p>\n<h3>Especificaciones para YUTANI Bulldozer Track Link Assembly<\/h3>\n<p>&nbsp;<\/p>\n<p>[\/et_pb_text][et_pb_code _builder_version=\u00bb4.6.0&#8243; _module_preset=\u00bbdefault\u00bb text_orientation=\u00bbcenter\u00bb custom_padding=\u00bb|3%||3%|false|true\u00bb]<div class=\"visualizer-front-container\" id=\"chart_wrapper_visualizer-230108-873012582\"><style type=\"text\/css\" name=\"visualizer-custom-css\" id=\"customcss-visualizer-230108\">.locker,.locker-loader{position:absolute;top:0;left:0;width:100%;height:100%}.locker{z-index:1000;opacity:.8;background-color:#fff;-ms-filter:\"progid:DXImageTransform.Microsoft.Alpha(Opacity=80)\";filter:alpha(opacity=80)}.locker-loader{z-index:1001;background:url(https:\/\/www.yutaniglobal.com\/wp-content\/plugins\/visualizer\/images\/ajax-loader.gif) no-repeat center center}.dt-button{display:none!important}.visualizer-front-container.visualizer-lazy-render{content-visibility: auto;}.google-visualization-controls-categoryfilter label.google-visualization-controls-label {vertical-align: middle;}.google-visualization-controls-categoryfilter li.goog-inline-block {margin: 0 0.2em;}.google-visualization-controls-categoryfilter li {padding: 0 0.2em;}.visualizer-front-container .dataTables_scrollHeadInner{margin: 0 auto;}<\/style><div id=\"visualizer-230108-873012582\" class=\"visualizer-front  visualizer-front-230108 visualizer-lazy\"><\/div><!-- Not showing structured data for chart 230108 because description is empty --><\/div>[\/et_pb_code][\/et_pb_column][\/et_pb_row][\/et_pb_section]<\/p>\n","protected":false},"excerpt":{"rendered":"<p>YUTANI garantiza la calidad de la cadena de orugas a trav\u00e9s de la inspecci\u00f3n de materias primas, la inspecci\u00f3n metalogr\u00e1fica durante la producci\u00f3n y las pruebas de presi\u00f3n y resistencia de los productos terminados. La cadena de orugas YUTANI se adapta a una amplia gama de modelos, que pueden satisfacer las necesidades de diferentes marcas [&hellip;]<\/p>\n","protected":false},"author":1,"featured_media":0,"parent":0,"menu_order":0,"comment_status":"closed","ping_status":"closed","template":"","meta":{"_et_pb_use_builder":"on","_et_pb_old_content":"","_et_gb_content_width":"","footnotes":""},"class_list":["post-230375","page","type-page","status-publish","hentry"],"yoast_head":"<!-- This site is optimized with the Yoast SEO plugin v27.5 - https:\/\/yoast.com\/product\/yoast-seo-wordpress\/ -->\n<title>CADENA DE LA PISTA DE BULLDOZER YUTANI - YUTANI<\/title>\n<meta name=\"robots\" content=\"index, follow, max-snippet:-1, max-image-preview:large, max-video-preview:-1\" \/>\n<link rel=\"canonical\" href=\"https:\/\/www.yutaniglobal.com\/es\/cadena-de-la-pista-de-bulldozer-yutani\/\" \/>\n<meta property=\"og:locale\" content=\"es_ES\" \/>\n<meta property=\"og:type\" content=\"article\" \/>\n<meta property=\"og:title\" content=\"CADENA DE LA PISTA DE BULLDOZER YUTANI - YUTANI\" \/>\n<meta property=\"og:description\" content=\"YUTANI garantiza la calidad de la cadena de orugas a trav\u00e9s de la inspecci\u00f3n de materias primas, la inspecci\u00f3n metalogr\u00e1fica durante la producci\u00f3n y las pruebas de presi\u00f3n y resistencia de los productos terminados. La cadena de orugas YUTANI se adapta a una amplia gama de modelos, que pueden satisfacer las necesidades de diferentes marcas [&hellip;]\" \/>\n<meta property=\"og:url\" content=\"https:\/\/www.yutaniglobal.com\/es\/cadena-de-la-pista-de-bulldozer-yutani\/\" \/>\n<meta property=\"og:site_name\" content=\"YUTANI\" \/>\n<meta property=\"article:publisher\" content=\"https:\/\/www.facebook.com\/YutaniExcavatorParts\" \/>\n<meta property=\"article:modified_time\" content=\"2020-08-31T08:29:07+00:00\" \/>\n<meta name=\"twitter:card\" content=\"summary_large_image\" \/>\n<meta name=\"twitter:label1\" content=\"Tiempo de lectura\" \/>\n\t<meta name=\"twitter:data1\" content=\"3 minutos\" \/>\n<script type=\"application\/ld+json\" class=\"yoast-schema-graph\">{\"@context\":\"https:\\\/\\\/schema.org\",\"@graph\":[{\"@type\":\"WebPage\",\"@id\":\"https:\\\/\\\/www.yutaniglobal.com\\\/es\\\/cadena-de-la-pista-de-bulldozer-yutani\\\/\",\"url\":\"https:\\\/\\\/www.yutaniglobal.com\\\/es\\\/cadena-de-la-pista-de-bulldozer-yutani\\\/\",\"name\":\"CADENA DE LA PISTA DE BULLDOZER YUTANI - YUTANI\",\"isPartOf\":{\"@id\":\"https:\\\/\\\/www.yutaniglobal.com\\\/es\\\/#website\"},\"datePublished\":\"2020-08-31T08:29:06+00:00\",\"dateModified\":\"2020-08-31T08:29:07+00:00\",\"breadcrumb\":{\"@id\":\"https:\\\/\\\/www.yutaniglobal.com\\\/es\\\/cadena-de-la-pista-de-bulldozer-yutani\\\/#breadcrumb\"},\"inLanguage\":\"es\",\"potentialAction\":[{\"@type\":\"ReadAction\",\"target\":[\"https:\\\/\\\/www.yutaniglobal.com\\\/es\\\/cadena-de-la-pista-de-bulldozer-yutani\\\/\"]}]},{\"@type\":\"BreadcrumbList\",\"@id\":\"https:\\\/\\\/www.yutaniglobal.com\\\/es\\\/cadena-de-la-pista-de-bulldozer-yutani\\\/#breadcrumb\",\"itemListElement\":[{\"@type\":\"ListItem\",\"position\":1,\"name\":\"Home\",\"item\":\"https:\\\/\\\/www.yutaniglobal.com\\\/es\\\/\"},{\"@type\":\"ListItem\",\"position\":2,\"name\":\"CADENA DE LA PISTA DE BULLDOZER YUTANI\"}]},{\"@type\":\"WebSite\",\"@id\":\"https:\\\/\\\/www.yutaniglobal.com\\\/es\\\/#website\",\"url\":\"https:\\\/\\\/www.yutaniglobal.com\\\/es\\\/\",\"name\":\"YUTANI\",\"description\":\"Your Reliable Excavator Undercarriage Parts Supplier Partner\",\"publisher\":{\"@id\":\"https:\\\/\\\/www.yutaniglobal.com\\\/es\\\/#organization\"},\"potentialAction\":[{\"@type\":\"SearchAction\",\"target\":{\"@type\":\"EntryPoint\",\"urlTemplate\":\"https:\\\/\\\/www.yutaniglobal.com\\\/es\\\/?s={search_term_string}\"},\"query-input\":{\"@type\":\"PropertyValueSpecification\",\"valueRequired\":true,\"valueName\":\"search_term_string\"}}],\"inLanguage\":\"es\"},{\"@type\":\"Organization\",\"@id\":\"https:\\\/\\\/www.yutaniglobal.com\\\/es\\\/#organization\",\"name\":\"YUTANI\",\"url\":\"https:\\\/\\\/www.yutaniglobal.com\\\/es\\\/\",\"logo\":{\"@type\":\"ImageObject\",\"inLanguage\":\"es\",\"@id\":\"https:\\\/\\\/www.yutaniglobal.com\\\/es\\\/#\\\/schema\\\/logo\\\/image\\\/\",\"url\":\"https:\\\/\\\/www.yutaniglobal.com\\\/wp-content\\\/uploads\\\/2020\\\/08\\\/favicon.ico\",\"contentUrl\":\"https:\\\/\\\/www.yutaniglobal.com\\\/wp-content\\\/uploads\\\/2020\\\/08\\\/favicon.ico\",\"width\":16,\"height\":16,\"caption\":\"YUTANI\"},\"image\":{\"@id\":\"https:\\\/\\\/www.yutaniglobal.com\\\/es\\\/#\\\/schema\\\/logo\\\/image\\\/\"},\"sameAs\":[\"https:\\\/\\\/www.facebook.com\\\/YutaniExcavatorParts\",\"https:\\\/\\\/www.linkedin.com\\\/company\\\/yutanichina\\\/\"]}]}<\/script>\n<!-- \/ Yoast SEO plugin. -->","yoast_head_json":{"title":"CADENA DE LA PISTA DE BULLDOZER YUTANI - YUTANI","robots":{"index":"index","follow":"follow","max-snippet":"max-snippet:-1","max-image-preview":"max-image-preview:large","max-video-preview":"max-video-preview:-1"},"canonical":"https:\/\/www.yutaniglobal.com\/es\/cadena-de-la-pista-de-bulldozer-yutani\/","og_locale":"es_ES","og_type":"article","og_title":"CADENA DE LA PISTA DE BULLDOZER YUTANI - YUTANI","og_description":"YUTANI garantiza la calidad de la cadena de orugas a trav\u00e9s de la inspecci\u00f3n de materias primas, la inspecci\u00f3n metalogr\u00e1fica durante la producci\u00f3n y las pruebas de presi\u00f3n y resistencia de los productos terminados. La cadena de orugas YUTANI se adapta a una amplia gama de modelos, que pueden satisfacer las necesidades de diferentes marcas [&hellip;]","og_url":"https:\/\/www.yutaniglobal.com\/es\/cadena-de-la-pista-de-bulldozer-yutani\/","og_site_name":"YUTANI","article_publisher":"https:\/\/www.facebook.com\/YutaniExcavatorParts","article_modified_time":"2020-08-31T08:29:07+00:00","twitter_card":"summary_large_image","twitter_misc":{"Tiempo de lectura":"3 minutos"},"schema":{"@context":"https:\/\/schema.org","@graph":[{"@type":"WebPage","@id":"https:\/\/www.yutaniglobal.com\/es\/cadena-de-la-pista-de-bulldozer-yutani\/","url":"https:\/\/www.yutaniglobal.com\/es\/cadena-de-la-pista-de-bulldozer-yutani\/","name":"CADENA DE LA PISTA DE BULLDOZER YUTANI - YUTANI","isPartOf":{"@id":"https:\/\/www.yutaniglobal.com\/es\/#website"},"datePublished":"2020-08-31T08:29:06+00:00","dateModified":"2020-08-31T08:29:07+00:00","breadcrumb":{"@id":"https:\/\/www.yutaniglobal.com\/es\/cadena-de-la-pista-de-bulldozer-yutani\/#breadcrumb"},"inLanguage":"es","potentialAction":[{"@type":"ReadAction","target":["https:\/\/www.yutaniglobal.com\/es\/cadena-de-la-pista-de-bulldozer-yutani\/"]}]},{"@type":"BreadcrumbList","@id":"https:\/\/www.yutaniglobal.com\/es\/cadena-de-la-pista-de-bulldozer-yutani\/#breadcrumb","itemListElement":[{"@type":"ListItem","position":1,"name":"Home","item":"https:\/\/www.yutaniglobal.com\/es\/"},{"@type":"ListItem","position":2,"name":"CADENA DE LA PISTA DE BULLDOZER YUTANI"}]},{"@type":"WebSite","@id":"https:\/\/www.yutaniglobal.com\/es\/#website","url":"https:\/\/www.yutaniglobal.com\/es\/","name":"YUTANI","description":"Your Reliable Excavator Undercarriage Parts Supplier Partner","publisher":{"@id":"https:\/\/www.yutaniglobal.com\/es\/#organization"},"potentialAction":[{"@type":"SearchAction","target":{"@type":"EntryPoint","urlTemplate":"https:\/\/www.yutaniglobal.com\/es\/?s={search_term_string}"},"query-input":{"@type":"PropertyValueSpecification","valueRequired":true,"valueName":"search_term_string"}}],"inLanguage":"es"},{"@type":"Organization","@id":"https:\/\/www.yutaniglobal.com\/es\/#organization","name":"YUTANI","url":"https:\/\/www.yutaniglobal.com\/es\/","logo":{"@type":"ImageObject","inLanguage":"es","@id":"https:\/\/www.yutaniglobal.com\/es\/#\/schema\/logo\/image\/","url":"https:\/\/www.yutaniglobal.com\/wp-content\/uploads\/2020\/08\/favicon.ico","contentUrl":"https:\/\/www.yutaniglobal.com\/wp-content\/uploads\/2020\/08\/favicon.ico","width":16,"height":16,"caption":"YUTANI"},"image":{"@id":"https:\/\/www.yutaniglobal.com\/es\/#\/schema\/logo\/image\/"},"sameAs":["https:\/\/www.facebook.com\/YutaniExcavatorParts","https:\/\/www.linkedin.com\/company\/yutanichina\/"]}]}},"_links":{"self":[{"href":"https:\/\/www.yutaniglobal.com\/es\/wp-json\/wp\/v2\/pages\/230375","targetHints":{"allow":["GET"]}}],"collection":[{"href":"https:\/\/www.yutaniglobal.com\/es\/wp-json\/wp\/v2\/pages"}],"about":[{"href":"https:\/\/www.yutaniglobal.com\/es\/wp-json\/wp\/v2\/types\/page"}],"author":[{"embeddable":true,"href":"https:\/\/www.yutaniglobal.com\/es\/wp-json\/wp\/v2\/users\/1"}],"replies":[{"embeddable":true,"href":"https:\/\/www.yutaniglobal.com\/es\/wp-json\/wp\/v2\/comments?post=230375"}],"version-history":[{"count":0,"href":"https:\/\/www.yutaniglobal.com\/es\/wp-json\/wp\/v2\/pages\/230375\/revisions"}],"wp:attachment":[{"href":"https:\/\/www.yutaniglobal.com\/es\/wp-json\/wp\/v2\/media?parent=230375"}],"curies":[{"name":"wp","href":"https:\/\/api.w.org\/{rel}","templated":true}]}}