{"id":230397,"date":"2020-08-31T09:12:30","date_gmt":"2020-08-31T09:12:30","guid":{"rendered":"https:\/\/www.yutaniglobal.com\/contacto\/"},"modified":"2020-10-30T01:17:41","modified_gmt":"2020-10-30T01:17:41","slug":"contacto","status":"publish","type":"page","link":"https:\/\/www.yutaniglobal.com\/es\/contacto\/","title":{"rendered":"Contacto"},"content":{"rendered":"<p>[et_pb_section fb_built=\u00bb1&#8243; _builder_version=\u00bb4.5.1&#8243; _module_preset=\u00bbdefault\u00bb background_color=\u00bbrgba(0,0,0,0)\u00bb background_image=\u00bbhttps:\/\/www.yutaniglobal.com\/wp-content\/uploads\/2020\/08\/background-1.png\u00bb background_size=\u00bbinitial\u00bb custom_margin=\u00bb||0px||false|false\u00bb custom_padding=\u00bb||0px||false|false\u00bb][et_pb_row _builder_version=\u00bb4.5.1&#8243; _module_preset=\u00bbdefault\u00bb][et_pb_column type=\u00bb4_4&#8243; _builder_version=\u00bb4.5.1&#8243; _module_preset=\u00bbdefault\u00bb][et_pb_text _builder_version=\u00bb4.5.1&#8243; _module_preset=\u00bbdefault\u00bb text_font_size=\u00bb16px\u00bb text_line_height=\u00bb2.5em\u00bb header_font=\u00bb|700|||||||\u00bb header_text_align=\u00bbcenter\u00bb header_font_size=\u00bb35px\u00bb text_orientation=\u00bbcenter\u00bb]<\/p>\n<h1>Cont\u00e1ctenos<\/h1>\n<p><span>P\u00f3ngase en contacto si tiene alguna pregunta sobre la producci\u00f3n, la distribuci\u00f3n, las ventas o el servicio posventa.<\/span><\/p>\n<p>[\/et_pb_text][\/et_pb_column][\/et_pb_row][et_pb_row column_structure=\u00bb1_2,1_2&#8243; _builder_version=\u00bb4.5.1&#8243; _module_preset=\u00bbdefault\u00bb][et_pb_column type=\u00bb1_2&#8243; _builder_version=\u00bb4.5.1&#8243; _module_preset=\u00bbdefault\u00bb custom_padding=\u00bb30px|40px|30px|40px|false|false\u00bb box_shadow_style=\u00bbpreset1&#8243; box_shadow_vertical=\u00bb5px\u00bb][et_pb_blurb title=\u00bbServicio de Producci\u00f3n, Distribuci\u00f3n y Postventa\u00bb use_icon=\u00bbon\u00bb font_icon=\u00bb%%259%%\u00bb icon_color=\u00bb#0398cc\u00bb use_icon_font_size=\u00bbon\u00bb icon_font_size=\u00bb60px\u00bb _builder_version=\u00bb4.6.0&#8243; _module_preset=\u00bbdefault\u00bb header_text_color=\u00bb#0c71c3&#8243; text_orientation=\u00bbcenter\u00bb header_line_height_tablet=\u00bb\u00bb header_line_height_phone=\u00bb1.3em\u00bb header_line_height_last_edited=\u00bbon|phone\u00bb]<\/p>\n<p><span>Env\u00edenos un correo electr\u00f3nico si tiene alguna pregunta sobre el Producto o el Servicio Postventa<\/span><\/p>\n<p>[\/et_pb_blurb][et_pb_contact_form email=\u00bbrobert@octflavor.com\u00bb use_redirect=\u00bbon\u00bb redirect_url=\u00bbhttps:\/\/www.yutaniglobal.com\/es\/gracias-por-contactar-con-nosotros\/\u00bb success_message=\u00bb\u00a1Gracias! Le responderemos lo antes posible.\u00bb _builder_version=\u00bb4.6.6&#8243; _module_preset=\u00bbdefault\u00bb custom_button=\u00bbon\u00bb button_border_radius=\u00bb10px\u00bb button_letter_spacing=\u00bb0px\u00bb button_icon=\u00bb%%3%%\u00bb hover_enabled=\u00bb0&#8243; custom_css_contact_fields=\u00bbmargin-bottom: 5%;\u00bb custom_css_text_field=\u00bbmargin-top: 8%;||margin-bottom: 8%;||\u00bb border_radii=\u00bbon|5px|5px|5px|5px\u00bb border_width_left=\u00bb1px\u00bb border_color_left=\u00bb#0c71c3&#8243; custom_message=\u00bbService: %%WHAT_CAN_WE_HELP_YOU_WITH?%%||et_pb_line_break_holder||Name: %%Name%%||et_pb_line_break_holder||Email Address: %%Email%%||et_pb_line_break_holder||Message: %%Your_Message%%\u00bb sticky_enabled=\u00bb0&#8243;][et_pb_contact_field field_id=\u00bbName\u00bb field_title=\u00bbNombre\u00bb fullwidth_field=\u00bbon\u00bb _builder_version=\u00bb4.5.1&#8243; button_text_size__hover_enabled=\u00bboff\u00bb button_one_text_size__hover_enabled=\u00bboff\u00bb button_two_text_size__hover_enabled=\u00bboff\u00bb button_text_color__hover_enabled=\u00bboff\u00bb button_one_text_color__hover_enabled=\u00bboff\u00bb button_two_text_color__hover_enabled=\u00bboff\u00bb button_border_width__hover_enabled=\u00bboff\u00bb button_one_border_width__hover_enabled=\u00bboff\u00bb button_two_border_width__hover_enabled=\u00bboff\u00bb button_border_color__hover_enabled=\u00bboff\u00bb button_one_border_color__hover_enabled=\u00bboff\u00bb button_two_border_color__hover_enabled=\u00bboff\u00bb button_border_radius__hover_enabled=\u00bboff\u00bb button_one_border_radius__hover_enabled=\u00bboff\u00bb button_two_border_radius__hover_enabled=\u00bboff\u00bb button_letter_spacing__hover_enabled=\u00bboff\u00bb button_one_letter_spacing__hover_enabled=\u00bboff\u00bb button_two_letter_spacing__hover_enabled=\u00bboff\u00bb button_bg_color__hover_enabled=\u00bboff\u00bb button_one_bg_color__hover_enabled=\u00bboff\u00bb button_two_bg_color__hover_enabled=\u00bboff\u00bb][\/et_pb_contact_field][et_pb_contact_field field_id=\u00bbEmail\u00bb field_title=\u00bbDirecci\u00f3n de correo electr\u00f3nico\u00bb field_type=\u00bbemail\u00bb fullwidth_field=\u00bbon\u00bb _builder_version=\u00bb4.5.1&#8243; button_text_size__hover_enabled=\u00bboff\u00bb button_one_text_size__hover_enabled=\u00bboff\u00bb button_two_text_size__hover_enabled=\u00bboff\u00bb button_text_color__hover_enabled=\u00bboff\u00bb button_one_text_color__hover_enabled=\u00bboff\u00bb button_two_text_color__hover_enabled=\u00bboff\u00bb button_border_width__hover_enabled=\u00bboff\u00bb button_one_border_width__hover_enabled=\u00bboff\u00bb button_two_border_width__hover_enabled=\u00bboff\u00bb button_border_color__hover_enabled=\u00bboff\u00bb button_one_border_color__hover_enabled=\u00bboff\u00bb button_two_border_color__hover_enabled=\u00bboff\u00bb button_border_radius__hover_enabled=\u00bboff\u00bb button_one_border_radius__hover_enabled=\u00bboff\u00bb button_two_border_radius__hover_enabled=\u00bboff\u00bb button_letter_spacing__hover_enabled=\u00bboff\u00bb button_one_letter_spacing__hover_enabled=\u00bboff\u00bb button_two_letter_spacing__hover_enabled=\u00bboff\u00bb button_bg_color__hover_enabled=\u00bboff\u00bb button_one_bg_color__hover_enabled=\u00bboff\u00bb button_two_bg_color__hover_enabled=\u00bboff\u00bb][\/et_pb_contact_field][et_pb_contact_field field_id=\u00bbWHAT_CAN_WE_HELP_YOU_WITH?\u00bb field_title=\u00bb&#8211; \u00bfCON QU\u00c9 PODEMOS AYUDARTE? &#8211;\u00bb field_type=\u00bbselect\u00bb select_options=\u00bb%91{%22value%22:%22Necesita muestras de cadena para las pruebas%22,%22checked%22:0,%22dragID%22:1},{%22value%22:%22Quieres ser un agente.%22,%22checked%22:0,%22dragID%22:-1},{%22value%22:%22Necesidad de servicio post-venta.%22,%22checked%22:0,%22dragID%22:0},{%22value%22:%22Otra cooperaci\u00f3n.%22,%22checked%22:0,%22dragID%22:2}%93&#8243; fullwidth_field=\u00bbon\u00bb _builder_version=\u00bb4.6.0&#8243; _module_preset=\u00bbdefault\u00bb form_field_font=\u00bb||||||||\u00bb form_field_text_align=\u00bbcenter\u00bb text_orientation=\u00bbcenter\u00bb][\/et_pb_contact_field][et_pb_contact_field field_id=\u00bbYour_Message\u00bb field_title=\u00bbSu mensaje\u00bb field_type=\u00bbtext\u00bb fullwidth_field=\u00bbon\u00bb _builder_version=\u00bb4.5.1&#8243; button_text_size__hover_enabled=\u00bboff\u00bb button_one_text_size__hover_enabled=\u00bboff\u00bb button_two_text_size__hover_enabled=\u00bboff\u00bb button_text_color__hover_enabled=\u00bboff\u00bb button_one_text_color__hover_enabled=\u00bboff\u00bb button_two_text_color__hover_enabled=\u00bboff\u00bb button_border_width__hover_enabled=\u00bboff\u00bb button_one_border_width__hover_enabled=\u00bboff\u00bb button_two_border_width__hover_enabled=\u00bboff\u00bb button_border_color__hover_enabled=\u00bboff\u00bb button_one_border_color__hover_enabled=\u00bboff\u00bb button_two_border_color__hover_enabled=\u00bboff\u00bb button_border_radius__hover_enabled=\u00bboff\u00bb button_one_border_radius__hover_enabled=\u00bboff\u00bb button_two_border_radius__hover_enabled=\u00bboff\u00bb button_letter_spacing__hover_enabled=\u00bboff\u00bb button_one_letter_spacing__hover_enabled=\u00bboff\u00bb button_two_letter_spacing__hover_enabled=\u00bboff\u00bb button_bg_color__hover_enabled=\u00bboff\u00bb button_one_bg_color__hover_enabled=\u00bboff\u00bb button_two_bg_color__hover_enabled=\u00bboff\u00bb][\/et_pb_contact_field][\/et_pb_contact_form][et_pb_text _builder_version=\u00bb4.5.6&#8243; _module_preset=\u00bbdefault\u00bb text_font_size=\u00bb16px\u00bb text_orientation=\u00bbcenter\u00bb]<\/p>\n<p><span> Datos almacenados como se describe en nuestra <\/span><a href=\"https:\/\/www.yutaniglobal.com\/es\/politica-de-privacidad\/\" target=\"_blank\" rel=\"noopener noreferrer\" title=\"Pol\u00edtica de privacidad de YUTANI\">Pol\u00edtica de Privacidad<\/a><\/p>\n<p>[\/et_pb_text][\/et_pb_column][et_pb_column type=\u00bb1_2&#8243; _builder_version=\u00bb4.5.1&#8243; _module_preset=\u00bbdefault\u00bb custom_padding=\u00bb30px|40px|30px|40px|false|false\u00bb box_shadow_style=\u00bbpreset1&#8243; box_shadow_vertical=\u00bb5px\u00bb][et_pb_blurb title=\u00bbSede de China\u00bb use_icon=\u00bbon\u00bb font_icon=\u00bb%%176%%\u00bb icon_color=\u00bb#0398cc\u00bb use_icon_font_size=\u00bbon\u00bb icon_font_size=\u00bb60px\u00bb _builder_version=\u00bb4.5.1&#8243; _module_preset=\u00bbdefault\u00bb header_text_color=\u00bb#0c71c3&#8243; body_text_color=\u00bb#0c71c3&#8243; text_orientation=\u00bbcenter\u00bb]<\/p>\n<p>YUTANI Desarrollo Tecnol\u00f3gico (Tianjin) INC<\/p>\n<p>[\/et_pb_blurb][et_pb_text _builder_version=\u00bb4.5.1&#8243; _module_preset=\u00bbdefault\u00bb header_4_text_color=\u00bb#0c71c3&#8243;]<\/p>\n<h4>Direcci\u00f3n<\/h4>\n<p><span>40o, parque de innovaci\u00f3n Liandong U Valley, parque industrial Shuanggang, distrito de Jinnan, Tianjin, China<\/span><\/p>\n<p>[\/et_pb_text][et_pb_text _builder_version=\u00bb4.6.0&#8243; _module_preset=\u00bbdefault\u00bb header_4_text_color=\u00bb#0c71c3&#8243; width=\u00bb49%\u00bb custom_css_main_element=\u00bbdisplay: inline-block!important;\u00bb custom_css_main_element_last_edited=\u00bboff|phone\u00bb custom_css_main_element_phone=\u00bb \u00ab]<\/p>\n<h4>Env\u00edenos un correo electr\u00f3nico<\/h4>\n<p>robert@yutani.ne.jp<\/p>\n<p>[\/et_pb_text][et_pb_text _builder_version=\u00bb4.6.0&#8243; _module_preset=\u00bbdefault\u00bb header_4_text_color=\u00bb#0c71c3&#8243; width=\u00bb49%\u00bb custom_css_main_element=\u00bbdisplay: inline-block!important;\u00bb custom_css_main_element_last_edited=\u00bboff|phone\u00bb custom_css_main_element_phone=\u00bb \u00ab]<\/p>\n<h4>Ll\u00e1menos<\/h4>\n<p>(0086) 153-2009-3930<\/p>\n<p>[\/et_pb_text][et_pb_divider _builder_version=\u00bb4.5.1&#8243; _module_preset=\u00bbdefault\u00bb custom_margin=\u00bb0px||0px||false|false\u00bb custom_padding=\u00bb0px||0px||false|false\u00bb][\/et_pb_divider][et_pb_text _builder_version=\u00bb4.5.1&#8243; _module_preset=\u00bbdefault\u00bb header_4_text_color=\u00bb#0c71c3&#8243;]<\/p>\n<h4>Al igual que nuestra p\u00e1gina de Facebook<\/h4>\n<p>[\/et_pb_text][et_pb_code _builder_version=\u00bb4.5.1&#8243; _module_preset=\u00bbdefault\u00bb]<\/p>\n<div class=\"fb-page\" data-href=\"https:\/\/www.facebook.com\/YutaniExcavatorParts\" data-tabs=\"timeline\" data-width=\"500\" data-height=\"311\" data-small-header=\"false\" data-adapt-container-width=\"true\" data-hide-cover=\"false\" data-show-facepile=\"true\">\n<blockquote cite=\"https:\/\/www.facebook.com\/YutaniExcavatorParts\" class=\"fb-xfbml-parse-ignore\"><p><a href=\"https:\/\/www.facebook.com\/YutaniExcavatorParts\">Piezas de excavadora Yutani<\/a><\/p><\/blockquote>\n<\/div>\n<p>[\/et_pb_code][et_pb_code _builder_version=\u00bb4.6.0&#8243; _module_preset=\u00bbdefault\u00bb]<\/p>\n<div id=\"fb-root\"><\/div>\n<p><!-- [et_pb_line_break_holder] --><script async defer crossorigin=\"anonymous\" src=\"https:\/\/connect.facebook.net\/en_US\/sdk.js#xfbml=1&#038;version=v8.0\" nonce=\"erS0Jj4c\"><\/script>[\/et_pb_code][\/et_pb_column][\/et_pb_row][et_pb_row use_custom_gutter=\u00bbon\u00bb gutter_width=\u00bb1&#8243; _builder_version=\u00bb4.6.0&#8243; _module_preset=\u00bbdefault\u00bb width=\u00bb45%\u00bb width_tablet=\u00bb80%\u00bb width_phone=\u00bb\u00bb width_last_edited=\u00bbon|phone\u00bb max_width=\u00bb100%\u00bb][et_pb_column type=\u00bb4_4&#8243; _builder_version=\u00bb4.5.1&#8243; _module_preset=\u00bbdefault\u00bb][et_pb_text _builder_version=\u00bb4.6.0&#8243; _module_preset=\u00bbdefault\u00bb header_2_font=\u00bb|700|||||||\u00bb header_2_text_align=\u00bbcenter\u00bb header_2_font_size=\u00bb30px\u00bb custom_margin=\u00bb||25px||false|false\u00bb header_2_line_height_tablet=\u00bb\u00bb header_2_line_height_phone=\u00bb1.3em\u00bb header_2_line_height_last_edited=\u00bbon|phone\u00bb]<\/p>\n<h2>Preguntas frecuentes<\/h2>\n<p>[\/et_pb_text][et_pb_accordion open_toggle_background_color=\u00bbrgba(0,0,0,0)\u00bb closed_toggle_background_color=\u00bbrgba(0,0,0,0)\u00bb icon_color=\u00bb#0c71c3&#8243; _builder_version=\u00bb4.6.0&#8243; _module_preset=\u00bbdefault\u00bb toggle_font=\u00bb|700|||||||\u00bb toggle_font_size=\u00bb18px\u00bb body_font_size=\u00bb16px\u00bb border_color_all=\u00bbrgba(0,0,0,0)\u00bb border_color_bottom=\u00bbrgba(12,113,195,0.3)\u00bb][et_pb_accordion_item title=\u00bb\u00bfPor qu\u00e9 elegir YUTANI?\u00bb open=\u00bbon\u00bb icon_color=\u00bb#0c71c3&#8243; _builder_version=\u00bb4.6.0&#8243; _module_preset=\u00bbdefault\u00bb background_color=\u00bbrgba(0,0,0,0)\u00bb background_enable_color=\u00bbon\u00bb custom_css_main_element=\u00bbdisplay: none; \u00bb toggle_font=\u00bb|700|||||||\u00bb]<\/p>\n<p>YUTANI es el proveedor designado de Sumitomo. Los mismos est\u00e1ndares de prueba que la f\u00e1brica original determinan que la calidad de la cadena est\u00e1 en un nivel de gama alta en el mercado.<\/p>\n<p>[\/et_pb_accordion_item][et_pb_accordion_item title=\u00bb\u00bfPuedo representar la marca YUTANI?\u00bb _builder_version=\u00bb4.6.0&#8243; _module_preset=\u00bbdefault\u00bb open=\u00bboff\u00bb]<\/p>\n<p>YUTANI da la bienvenida a agentes de todo el mundo para representar a la marca YUTANI. Al mismo tiempo, tambi\u00e9n aceptamos pedidos OEM para proporcionarle productos de cadena de alta calidad para una cooperaci\u00f3n en la que todos ganan.<\/p>\n<p>[\/et_pb_accordion_item][et_pb_accordion_item title=\u00bb\u00bfPuedo convertirme en un agente \u00fanico regional?\u00bb icon_color=\u00bb#0c71c3&#8243; _builder_version=\u00bb4.6.0&#8243; _module_preset=\u00bbdefault\u00bb background_color=\u00bbrgba(0,0,0,0)\u00bb background_enable_color=\u00bbon\u00bb toggle_font=\u00bb|700|||||||\u00bb open=\u00bboff\u00bb]<\/p>\n<p>Tenemos ciertos requisitos de rendimiento para agentes exclusivos regionales. Los requisitos espec\u00edficos var\u00edan seg\u00fan el tama\u00f1o del \u00e1rea. Los detalles pueden ser comunicados y negociados.<\/p>\n<p>[\/et_pb_accordion_item][et_pb_accordion_item title=\u00bb\u00bfPuedo visitar la f\u00e1brica?\u00bb _builder_version=\u00bb4.6.0&#8243; _module_preset=\u00bbdefault\u00bb open=\u00bboff\u00bb]<\/p>\n<p>YUTANI da la bienvenida a agentes de todo el mundo para visitar. Despu\u00e9s de la visita, los clientes que firmaron el contrato de intenci\u00f3n de cooperaci\u00f3n en el acto pueden obtener m\u00e1s descuentos.<\/p>\n<p>[\/et_pb_accordion_item][\/et_pb_accordion][\/et_pb_column][\/et_pb_row][\/et_pb_section][et_pb_section fb_built=\u00bb1&#8243; disabled_on=\u00bbon|on|off\u00bb _builder_version=\u00bb4.6.0&#8243; _module_preset=\u00bbdefault\u00bb custom_margin=\u00bb||0px||false|false\u00bb custom_padding=\u00bb||0px||false|false\u00bb][et_pb_row _builder_version=\u00bb4.5.1&#8243; _module_preset=\u00bbdefault\u00bb width=\u00bb100%\u00bb max_width=\u00bb100%\u00bb custom_margin=\u00bb||0px||false|false\u00bb custom_padding=\u00bb||0px||false|false\u00bb][et_pb_column type=\u00bb4_4&#8243; _builder_version=\u00bb4.5.1&#8243; _module_preset=\u00bbdefault\u00bb][et_pb_text _builder_version=\u00bb4.5.1&#8243; _module_preset=\u00bbdefault\u00bb custom_margin=\u00bb||0px||false|false\u00bb custom_padding=\u00bb||0px||false|false\u00bb custom_css_main_element=\u00bbheight:427px; ||width:100%||display:inline-block; ||overflow:hidden;\u00bb]<iframe loading=\"lazy\" style=\"position:relative; top:-54px; border:none;  \" src=\"https:\/\/www.google.com\/maps\/d\/u\/0\/embed?mid=1VF3MpGDG1_RJF3ACm3t967oWvlLVlmKn\" width=\"100%\" height=\"480\"><\/iframe>[\/et_pb_text][\/et_pb_column][\/et_pb_row][\/et_pb_section]<\/p>\n","protected":false},"excerpt":{"rendered":"<p>Cont\u00e1ctenos P\u00f3ngase en contacto si tiene alguna pregunta sobre la producci\u00f3n, la distribuci\u00f3n, las ventas o el servicio posventa.Env\u00edenos un correo electr\u00f3nico si tiene alguna pregunta sobre el Producto o el Servicio Postventa Datos almacenados como se describe en nuestra Pol\u00edtica de PrivacidadYUTANI Desarrollo Tecnol\u00f3gico (Tianjin) INCDirecci\u00f3n 40o, parque de innovaci\u00f3n Liandong U Valley, parque [&hellip;]<\/p>\n","protected":false},"author":1,"featured_media":0,"parent":0,"menu_order":0,"comment_status":"closed","ping_status":"closed","template":"","meta":{"_et_pb_use_builder":"on","_et_pb_old_content":"","_et_gb_content_width":"","footnotes":""},"class_list":["post-230397","page","type-page","status-publish","hentry"],"yoast_head":"<!-- This site is optimized with the Yoast SEO plugin v27.5 - https:\/\/yoast.com\/product\/yoast-seo-wordpress\/ -->\n<title>Contacto - YUTANI<\/title>\n<meta name=\"robots\" content=\"index, follow, max-snippet:-1, max-image-preview:large, max-video-preview:-1\" \/>\n<link rel=\"canonical\" href=\"https:\/\/www.yutaniglobal.com\/es\/contacto\/\" \/>\n<meta property=\"og:locale\" content=\"es_ES\" \/>\n<meta property=\"og:type\" content=\"article\" \/>\n<meta property=\"og:title\" content=\"Contacto - YUTANI\" \/>\n<meta property=\"og:description\" content=\"Cont\u00e1ctenos P\u00f3ngase en contacto si tiene alguna pregunta sobre la producci\u00f3n, la distribuci\u00f3n, las ventas o el servicio posventa.Env\u00edenos un correo electr\u00f3nico si tiene alguna pregunta sobre el Producto o el Servicio Postventa Datos almacenados como se describe en nuestra Pol\u00edtica de PrivacidadYUTANI Desarrollo Tecnol\u00f3gico (Tianjin) INCDirecci\u00f3n 40o, parque de innovaci\u00f3n Liandong U Valley, parque [&hellip;]\" \/>\n<meta property=\"og:url\" content=\"https:\/\/www.yutaniglobal.com\/es\/contacto\/\" \/>\n<meta property=\"og:site_name\" content=\"YUTANI\" \/>\n<meta property=\"article:publisher\" content=\"https:\/\/www.facebook.com\/YutaniExcavatorParts\" \/>\n<meta property=\"article:modified_time\" content=\"2020-10-30T01:17:41+00:00\" \/>\n<meta name=\"twitter:card\" content=\"summary_large_image\" \/>\n<meta name=\"twitter:label1\" content=\"Tiempo de lectura\" \/>\n\t<meta name=\"twitter:data1\" content=\"9 minutos\" \/>\n<script type=\"application\/ld+json\" class=\"yoast-schema-graph\">{\"@context\":\"https:\\\/\\\/schema.org\",\"@graph\":[{\"@type\":\"WebPage\",\"@id\":\"https:\\\/\\\/www.yutaniglobal.com\\\/es\\\/contacto\\\/\",\"url\":\"https:\\\/\\\/www.yutaniglobal.com\\\/es\\\/contacto\\\/\",\"name\":\"Contacto - YUTANI\",\"isPartOf\":{\"@id\":\"https:\\\/\\\/www.yutaniglobal.com\\\/es\\\/#website\"},\"datePublished\":\"2020-08-31T09:12:30+00:00\",\"dateModified\":\"2020-10-30T01:17:41+00:00\",\"breadcrumb\":{\"@id\":\"https:\\\/\\\/www.yutaniglobal.com\\\/es\\\/contacto\\\/#breadcrumb\"},\"inLanguage\":\"es\",\"potentialAction\":[{\"@type\":\"ReadAction\",\"target\":[\"https:\\\/\\\/www.yutaniglobal.com\\\/es\\\/contacto\\\/\"]}]},{\"@type\":\"BreadcrumbList\",\"@id\":\"https:\\\/\\\/www.yutaniglobal.com\\\/es\\\/contacto\\\/#breadcrumb\",\"itemListElement\":[{\"@type\":\"ListItem\",\"position\":1,\"name\":\"Home\",\"item\":\"https:\\\/\\\/www.yutaniglobal.com\\\/es\\\/\"},{\"@type\":\"ListItem\",\"position\":2,\"name\":\"Contacto\"}]},{\"@type\":\"WebSite\",\"@id\":\"https:\\\/\\\/www.yutaniglobal.com\\\/es\\\/#website\",\"url\":\"https:\\\/\\\/www.yutaniglobal.com\\\/es\\\/\",\"name\":\"YUTANI\",\"description\":\"Your Reliable Excavator Undercarriage Parts Supplier Partner\",\"publisher\":{\"@id\":\"https:\\\/\\\/www.yutaniglobal.com\\\/es\\\/#organization\"},\"potentialAction\":[{\"@type\":\"SearchAction\",\"target\":{\"@type\":\"EntryPoint\",\"urlTemplate\":\"https:\\\/\\\/www.yutaniglobal.com\\\/es\\\/?s={search_term_string}\"},\"query-input\":{\"@type\":\"PropertyValueSpecification\",\"valueRequired\":true,\"valueName\":\"search_term_string\"}}],\"inLanguage\":\"es\"},{\"@type\":\"Organization\",\"@id\":\"https:\\\/\\\/www.yutaniglobal.com\\\/es\\\/#organization\",\"name\":\"YUTANI\",\"url\":\"https:\\\/\\\/www.yutaniglobal.com\\\/es\\\/\",\"logo\":{\"@type\":\"ImageObject\",\"inLanguage\":\"es\",\"@id\":\"https:\\\/\\\/www.yutaniglobal.com\\\/es\\\/#\\\/schema\\\/logo\\\/image\\\/\",\"url\":\"https:\\\/\\\/www.yutaniglobal.com\\\/wp-content\\\/uploads\\\/2020\\\/08\\\/favicon.ico\",\"contentUrl\":\"https:\\\/\\\/www.yutaniglobal.com\\\/wp-content\\\/uploads\\\/2020\\\/08\\\/favicon.ico\",\"width\":16,\"height\":16,\"caption\":\"YUTANI\"},\"image\":{\"@id\":\"https:\\\/\\\/www.yutaniglobal.com\\\/es\\\/#\\\/schema\\\/logo\\\/image\\\/\"},\"sameAs\":[\"https:\\\/\\\/www.facebook.com\\\/YutaniExcavatorParts\",\"https:\\\/\\\/www.linkedin.com\\\/company\\\/yutanichina\\\/\"]}]}<\/script>\n<!-- \/ Yoast SEO plugin. -->","yoast_head_json":{"title":"Contacto - YUTANI","robots":{"index":"index","follow":"follow","max-snippet":"max-snippet:-1","max-image-preview":"max-image-preview:large","max-video-preview":"max-video-preview:-1"},"canonical":"https:\/\/www.yutaniglobal.com\/es\/contacto\/","og_locale":"es_ES","og_type":"article","og_title":"Contacto - YUTANI","og_description":"Cont\u00e1ctenos P\u00f3ngase en contacto si tiene alguna pregunta sobre la producci\u00f3n, la distribuci\u00f3n, las ventas o el servicio posventa.Env\u00edenos un correo electr\u00f3nico si tiene alguna pregunta sobre el Producto o el Servicio Postventa Datos almacenados como se describe en nuestra Pol\u00edtica de PrivacidadYUTANI Desarrollo Tecnol\u00f3gico (Tianjin) INCDirecci\u00f3n 40o, parque de innovaci\u00f3n Liandong U Valley, parque [&hellip;]","og_url":"https:\/\/www.yutaniglobal.com\/es\/contacto\/","og_site_name":"YUTANI","article_publisher":"https:\/\/www.facebook.com\/YutaniExcavatorParts","article_modified_time":"2020-10-30T01:17:41+00:00","twitter_card":"summary_large_image","twitter_misc":{"Tiempo de lectura":"9 minutos"},"schema":{"@context":"https:\/\/schema.org","@graph":[{"@type":"WebPage","@id":"https:\/\/www.yutaniglobal.com\/es\/contacto\/","url":"https:\/\/www.yutaniglobal.com\/es\/contacto\/","name":"Contacto - YUTANI","isPartOf":{"@id":"https:\/\/www.yutaniglobal.com\/es\/#website"},"datePublished":"2020-08-31T09:12:30+00:00","dateModified":"2020-10-30T01:17:41+00:00","breadcrumb":{"@id":"https:\/\/www.yutaniglobal.com\/es\/contacto\/#breadcrumb"},"inLanguage":"es","potentialAction":[{"@type":"ReadAction","target":["https:\/\/www.yutaniglobal.com\/es\/contacto\/"]}]},{"@type":"BreadcrumbList","@id":"https:\/\/www.yutaniglobal.com\/es\/contacto\/#breadcrumb","itemListElement":[{"@type":"ListItem","position":1,"name":"Home","item":"https:\/\/www.yutaniglobal.com\/es\/"},{"@type":"ListItem","position":2,"name":"Contacto"}]},{"@type":"WebSite","@id":"https:\/\/www.yutaniglobal.com\/es\/#website","url":"https:\/\/www.yutaniglobal.com\/es\/","name":"YUTANI","description":"Your Reliable Excavator Undercarriage Parts Supplier Partner","publisher":{"@id":"https:\/\/www.yutaniglobal.com\/es\/#organization"},"potentialAction":[{"@type":"SearchAction","target":{"@type":"EntryPoint","urlTemplate":"https:\/\/www.yutaniglobal.com\/es\/?s={search_term_string}"},"query-input":{"@type":"PropertyValueSpecification","valueRequired":true,"valueName":"search_term_string"}}],"inLanguage":"es"},{"@type":"Organization","@id":"https:\/\/www.yutaniglobal.com\/es\/#organization","name":"YUTANI","url":"https:\/\/www.yutaniglobal.com\/es\/","logo":{"@type":"ImageObject","inLanguage":"es","@id":"https:\/\/www.yutaniglobal.com\/es\/#\/schema\/logo\/image\/","url":"https:\/\/www.yutaniglobal.com\/wp-content\/uploads\/2020\/08\/favicon.ico","contentUrl":"https:\/\/www.yutaniglobal.com\/wp-content\/uploads\/2020\/08\/favicon.ico","width":16,"height":16,"caption":"YUTANI"},"image":{"@id":"https:\/\/www.yutaniglobal.com\/es\/#\/schema\/logo\/image\/"},"sameAs":["https:\/\/www.facebook.com\/YutaniExcavatorParts","https:\/\/www.linkedin.com\/company\/yutanichina\/"]}]}},"_links":{"self":[{"href":"https:\/\/www.yutaniglobal.com\/es\/wp-json\/wp\/v2\/pages\/230397","targetHints":{"allow":["GET"]}}],"collection":[{"href":"https:\/\/www.yutaniglobal.com\/es\/wp-json\/wp\/v2\/pages"}],"about":[{"href":"https:\/\/www.yutaniglobal.com\/es\/wp-json\/wp\/v2\/types\/page"}],"author":[{"embeddable":true,"href":"https:\/\/www.yutaniglobal.com\/es\/wp-json\/wp\/v2\/users\/1"}],"replies":[{"embeddable":true,"href":"https:\/\/www.yutaniglobal.com\/es\/wp-json\/wp\/v2\/comments?post=230397"}],"version-history":[{"count":0,"href":"https:\/\/www.yutaniglobal.com\/es\/wp-json\/wp\/v2\/pages\/230397\/revisions"}],"wp:attachment":[{"href":"https:\/\/www.yutaniglobal.com\/es\/wp-json\/wp\/v2\/media?parent=230397"}],"curies":[{"name":"wp","href":"https:\/\/api.w.org\/{rel}","templated":true}]}}