{"id":231645,"date":"2020-12-15T02:44:46","date_gmt":"2020-12-15T02:44:46","guid":{"rendered":"https:\/\/www.yutaniglobal.com\/conjunto-de-enlace-de-riel-de-excavadora-anfibia\/"},"modified":"2024-07-05T07:51:48","modified_gmt":"2024-07-05T07:51:48","slug":"conjunto-de-enlace-de-riel-de-excavadora-anfibia","status":"publish","type":"page","link":"https:\/\/www.yutaniglobal.com\/es\/conjunto-de-enlace-de-riel-de-excavadora-anfibia\/","title":{"rendered":"Conjunto de enlace de riel de excavadora anfibia"},"content":{"rendered":"<p>[et_pb_section fb_built=\u00bb1&#8243; _builder_version=\u00bb4.16&#8243; _module_preset=\u00bbdefault\u00bb custom_padding=\u00bb||0px||false|false\u00bb global_colors_info=\u00bb{}\u00bb][et_pb_row column_structure=\u00bb1_2,1_2&#8243; _builder_version=\u00bb4.16&#8243; _module_preset=\u00bbdefault\u00bb max_width=\u00bb65%\u00bb global_colors_info=\u00bb{}\u00bb][et_pb_column type=\u00bb1_2&#8243; _builder_version=\u00bb4.16&#8243; _module_preset=\u00bbdefault\u00bb global_colors_info=\u00bb{}\u00bb][et_pb_text ul_item_indent=\u00bb30px\u00bb _builder_version=\u00bb4.19.5&#8243; _module_preset=\u00bbdefault\u00bb ul_font=\u00bb||||||||\u00bb ul_font_size=\u00bb17px\u00bb ul_line_height=\u00bb2.4em\u00bb header_3_text_color=\u00bb#0c71c3&#8243; header_3_font_size=\u00bb24px\u00bb header_3_line_height=\u00bb1.7em\u00bb global_colors_info=\u00bb{}\u00bb]<\/p>\n<h3><a href=\"https:\/\/www.amphibiousexcavator.cn\/\">Eslab\u00f3n de cadena de v\u00eda de pont\u00f3n de excavadora anfibia<\/a><\/h3>\n<ul>\n<li><strong>Material:<\/strong> Utilizamos 40Cr como materia prima para la producci\u00f3n en cadena. Puede garantizar el uso normal de la cadena durante m\u00e1s de 2000 horas.<\/li>\n<li><strong>Aplicabilidad:<\/strong> Las cadenas que producimos son adecuadas para chasis de varias marcas. Solo es necesario confirmar los datos clave para cumplir con las condiciones de adaptabilidad de la mayor\u00eda de los casos.<\/li>\n<li><strong>Personalizaci\u00f3n:<\/strong> Personalizamos los productos de acuerdo con las necesidades del cliente y no configuramos un inventario. Pero a\u00fan disfruta de un precio de mercado m\u00e1s bajo.<\/li>\n<\/ul>\n<p>[\/et_pb_text][\/et_pb_column][et_pb_column type=\u00bb1_2&#8243; _builder_version=\u00bb4.16&#8243; _module_preset=\u00bbdefault\u00bb global_colors_info=\u00bb{}\u00bb][et_pb_gallery gallery_ids=\u00bb231599,232823,232828&#8243; fullwidth=\u00bbon\u00bb _builder_version=\u00bb4.26.0&#8243; _module_preset=\u00bbdefault\u00bb animation_style=\u00bbfold\u00bb auto=\u00bbon\u00bb auto_speed=\u00bb3000&#8243; border_radii=\u00bbon|5px|5px|5px|5px\u00bb global_colors_info=\u00bb{}\u00bb][\/et_pb_gallery][\/et_pb_column][\/et_pb_row][\/et_pb_section][et_pb_section fb_built=\u00bb1&#8243; _builder_version=\u00bb4.16&#8243; _module_preset=\u00bbdefault\u00bb custom_padding=\u00bb0px||||false|false\u00bb global_colors_info=\u00bb{}\u00bb][et_pb_row _builder_version=\u00bb4.16&#8243; _module_preset=\u00bbdefault\u00bb width=\u00bb100%\u00bb max_width=\u00bb100%\u00bb global_colors_info=\u00bb{}\u00bb][et_pb_column type=\u00bb4_4&#8243; _builder_version=\u00bb4.16&#8243; _module_preset=\u00bbdefault\u00bb global_colors_info=\u00bb{}\u00bb][et_pb_text module_class=\u00bbdivider\u00bb _builder_version=\u00bb4.16&#8243; _module_preset=\u00bbdefault\u00bb text_text_color=\u00bb#0398cc\u00bb text_font_size=\u00bb16px\u00bb text_orientation=\u00bbcenter\u00bb global_colors_info=\u00bb{}\u00bb]<span><\/span><span>DIBUJO Y CONFIRMACI\u00d3N DE PAR\u00c1METROS<\/span><span><\/span>[\/et_pb_text][\/et_pb_column][\/et_pb_row][et_pb_row _builder_version=\u00bb4.16&#8243; _module_preset=\u00bbdefault\u00bb global_colors_info=\u00bb{}\u00bb][et_pb_column type=\u00bb4_4&#8243; _builder_version=\u00bb4.16&#8243; _module_preset=\u00bbdefault\u00bb global_colors_info=\u00bb{}\u00bb][et_pb_text _builder_version=\u00bb4.16&#8243; _module_preset=\u00bbdefault\u00bb header_2_text_color=\u00bb#0c71c3&#8243; global_colors_info=\u00bb{}\u00bb]<\/p>\n<h2>Dibujo y confirmaci\u00f3n de par\u00e1metros del eslab\u00f3n de la cadena de la v\u00eda del pont\u00f3n de la excavadora anfibia<\/h2>\n<p>[\/et_pb_text][et_pb_text _builder_version=\u00bb4.16&#8243; _module_preset=\u00bbdefault\u00bb text_font_size=\u00bb16px\u00bb global_colors_info=\u00bb{}\u00bb]<\/p>\n<p>Confirme los datos del enlace de la pista a continuaci\u00f3n antes de realizar un pedido de la cadena de la pista de excavadora anfibia.<\/p>\n<p>Hay dos tipos de cadenas de orugas para excavadoras anfibias. Si su pont\u00f3n anfibio se compra en China, probablemente est\u00e9 utilizando un enlace de v\u00eda tipo A. Si EIK es su proveedor de pont\u00f3n anfibio. Entonces debes usar el enlace de pista tipo B.<\/p>\n<p>&nbsp;<\/p>\n<p>[\/et_pb_text][\/et_pb_column][\/et_pb_row][et_pb_row column_structure=\u00bb1_2,1_2&#8243; _builder_version=\u00bb4.16&#8243; _module_preset=\u00bbdefault\u00bb global_colors_info=\u00bb{}\u00bb][et_pb_column type=\u00bb1_2&#8243; _builder_version=\u00bb4.16&#8243; _module_preset=\u00bbdefault\u00bb global_colors_info=\u00bb{}\u00bb][et_pb_text _builder_version=\u00bb4.16&#8243; _module_preset=\u00bbdefault\u00bb header_2_font=\u00bb|700|||||||\u00bb header_2_text_align=\u00bbcenter\u00bb header_2_text_color=\u00bb#0c71c3&#8243; global_colors_info=\u00bb{}\u00bb]<\/p>\n<h2>Tipo A<\/h2>\n<p>[\/et_pb_text][et_pb_image src=\u00bbhttps:\/\/www.yutaniglobal.com\/wp-content\/uploads\/2020\/12\/China-Link-data.png\u00bb title_text=\u00bbChina-Link-data\u00bb _builder_version=\u00bb4.16&#8243; _module_preset=\u00bbdefault\u00bb global_colors_info=\u00bb{}\u00bb][\/et_pb_image][et_pb_image src=\u00bbhttps:\/\/www.yutaniglobal.com\/wp-content\/uploads\/2020\/12\/China-roller-data.png\u00bb title_text=\u00bbChina-roller-data\u00bb _builder_version=\u00bb4.16&#8243; _module_preset=\u00bbdefault\u00bb global_colors_info=\u00bb{}\u00bb][\/et_pb_image][et_pb_image src=\u00bbhttps:\/\/www.yutaniglobal.com\/wp-content\/uploads\/2020\/12\/China-plate-data.png\u00bb title_text=\u00bbChina-plate-data\u00bb _builder_version=\u00bb4.16&#8243; _module_preset=\u00bbdefault\u00bb global_colors_info=\u00bb{}\u00bb][\/et_pb_image][\/et_pb_column][et_pb_column type=\u00bb1_2&#8243; _builder_version=\u00bb4.16&#8243; _module_preset=\u00bbdefault\u00bb global_colors_info=\u00bb{}\u00bb][et_pb_text _builder_version=\u00bb4.16&#8243; _module_preset=\u00bbdefault\u00bb header_2_font=\u00bb|700|||||||\u00bb header_2_text_align=\u00bbcenter\u00bb header_2_text_color=\u00bb#0c71c3&#8243; global_colors_info=\u00bb{}\u00bb]<\/p>\n<h2>Tipo B<\/h2>\n<p>[\/et_pb_text][et_pb_image src=\u00bbhttps:\/\/www.yutaniglobal.com\/wp-content\/uploads\/2020\/12\/EIK-Link-data.png\u00bb title_text=\u00bbEIK-Link-data\u00bb _builder_version=\u00bb4.16&#8243; _module_preset=\u00bbdefault\u00bb global_colors_info=\u00bb{}\u00bb][\/et_pb_image][et_pb_image src=\u00bbhttps:\/\/www.yutaniglobal.com\/wp-content\/uploads\/2020\/12\/EIK-roller-data-1.png\u00bb title_text=\u00bbEIK-roller-data\u00bb _builder_version=\u00bb4.16&#8243; _module_preset=\u00bbdefault\u00bb global_colors_info=\u00bb{}\u00bb][\/et_pb_image][et_pb_image src=\u00bbhttps:\/\/www.yutaniglobal.com\/wp-content\/uploads\/2020\/12\/EIK-plate-data.png\u00bb title_text=\u00bbEIK-plate-data\u00bb _builder_version=\u00bb4.16&#8243; _module_preset=\u00bbdefault\u00bb global_colors_info=\u00bb{}\u00bb][\/et_pb_image][et_pb_image title_text=\u00bbAmphibious-Track-Chain-Assembly1&#8243; _builder_version=\u00bb4.16&#8243; _module_preset=\u00bbdefault\u00bb global_colors_info=\u00bb{}\u00bb][\/et_pb_image][\/et_pb_column][\/et_pb_row][\/et_pb_section][et_pb_section fb_built=\u00bb1&#8243; _builder_version=\u00bb4.25.2&#8243; _module_preset=\u00bbdefault\u00bb global_colors_info=\u00bb{}\u00bb][et_pb_row _builder_version=\u00bb4.25.2&#8243; _module_preset=\u00bbdefault\u00bb global_colors_info=\u00bb{}\u00bb][et_pb_column type=\u00bb4_4&#8243; _builder_version=\u00bb4.25.2&#8243; _module_preset=\u00bbdefault\u00bb global_colors_info=\u00bb{}\u00bb][et_pb_portfolio fullwidth=\u00bboff\u00bb posts_number=\u00bb2&#8243; include_categories=\u00bb44&#8243; show_categories=\u00bboff\u00bb show_pagination=\u00bboff\u00bb _builder_version=\u00bb4.26.0&#8243; _module_preset=\u00bbdefault\u00bb title_level=\u00bbh3&#8243; title_font=\u00bb||||||||\u00bb title_text_align=\u00bbcenter\u00bb link_option_url_new_window=\u00bbon\u00bb hover_enabled=\u00bb0&#8243; custom_css_free_form=\u00bb@media only screen and (min-width: 480px) {||    .et_pb_portfolio_item {||        width: 47.25%!important;||        margin-right: 5.5%!important;||        margin-bottom: 5%!important;||    }||    .et_pb_portfolio_item:nth-child(2n) {||        margin-right: 0!important;||    }||}\u00bb border_radii_image=\u00bbon|10px|10px|10px|10px\u00bb global_colors_info=\u00bb{}\u00bb hover_icon=\u00bb0||divi||400&#8243; box_shadow_style_image=\u00bbpreset2&#8243; sticky_enabled=\u00bb0&#8243;][\/et_pb_portfolio][\/et_pb_column][\/et_pb_row][\/et_pb_section]<\/p>\n","protected":false},"excerpt":{"rendered":"<p>Eslab\u00f3n de cadena de v\u00eda de pont\u00f3n de excavadora anfibia Material: Utilizamos 40Cr como materia prima para la producci\u00f3n en cadena. Puede garantizar el uso normal de la cadena durante m\u00e1s de 2000 horas. Aplicabilidad: Las cadenas que producimos son adecuadas para chasis de varias marcas. Solo es necesario confirmar los datos clave para cumplir [&hellip;]<\/p>\n","protected":false},"author":1,"featured_media":0,"parent":0,"menu_order":0,"comment_status":"closed","ping_status":"closed","template":"","meta":{"_et_pb_use_builder":"on","_et_pb_old_content":"","_et_gb_content_width":"","footnotes":""},"class_list":["post-231645","page","type-page","status-publish","hentry"],"yoast_head":"<!-- This site is optimized with the Yoast SEO plugin v27.5 - https:\/\/yoast.com\/product\/yoast-seo-wordpress\/ -->\n<title>Conjunto de enlace de riel de excavadora anfibia - YUTANI<\/title>\n<meta name=\"robots\" content=\"index, follow, max-snippet:-1, max-image-preview:large, max-video-preview:-1\" \/>\n<link rel=\"canonical\" href=\"https:\/\/www.yutaniglobal.com\/es\/conjunto-de-enlace-de-riel-de-excavadora-anfibia\/\" \/>\n<meta property=\"og:locale\" content=\"es_ES\" \/>\n<meta property=\"og:type\" content=\"article\" \/>\n<meta property=\"og:title\" content=\"Conjunto de enlace de riel de excavadora anfibia - YUTANI\" \/>\n<meta property=\"og:description\" content=\"Eslab\u00f3n de cadena de v\u00eda de pont\u00f3n de excavadora anfibia Material: Utilizamos 40Cr como materia prima para la producci\u00f3n en cadena. Puede garantizar el uso normal de la cadena durante m\u00e1s de 2000 horas. Aplicabilidad: Las cadenas que producimos son adecuadas para chasis de varias marcas. Solo es necesario confirmar los datos clave para cumplir [&hellip;]\" \/>\n<meta property=\"og:url\" content=\"https:\/\/www.yutaniglobal.com\/es\/conjunto-de-enlace-de-riel-de-excavadora-anfibia\/\" \/>\n<meta property=\"og:site_name\" content=\"YUTANI\" \/>\n<meta property=\"article:publisher\" content=\"https:\/\/www.facebook.com\/YutaniExcavatorParts\" \/>\n<meta property=\"article:modified_time\" content=\"2024-07-05T07:51:48+00:00\" \/>\n<meta name=\"twitter:card\" content=\"summary_large_image\" \/>\n<meta name=\"twitter:label1\" content=\"Tiempo de lectura\" \/>\n\t<meta name=\"twitter:data1\" content=\"5 minutos\" \/>\n<script type=\"application\/ld+json\" class=\"yoast-schema-graph\">{\"@context\":\"https:\\\/\\\/schema.org\",\"@graph\":[{\"@type\":\"WebPage\",\"@id\":\"https:\\\/\\\/www.yutaniglobal.com\\\/es\\\/conjunto-de-enlace-de-riel-de-excavadora-anfibia\\\/\",\"url\":\"https:\\\/\\\/www.yutaniglobal.com\\\/es\\\/conjunto-de-enlace-de-riel-de-excavadora-anfibia\\\/\",\"name\":\"Conjunto de enlace de riel de excavadora anfibia - YUTANI\",\"isPartOf\":{\"@id\":\"https:\\\/\\\/www.yutaniglobal.com\\\/es\\\/#website\"},\"datePublished\":\"2020-12-15T02:44:46+00:00\",\"dateModified\":\"2024-07-05T07:51:48+00:00\",\"breadcrumb\":{\"@id\":\"https:\\\/\\\/www.yutaniglobal.com\\\/es\\\/conjunto-de-enlace-de-riel-de-excavadora-anfibia\\\/#breadcrumb\"},\"inLanguage\":\"es\",\"potentialAction\":[{\"@type\":\"ReadAction\",\"target\":[\"https:\\\/\\\/www.yutaniglobal.com\\\/es\\\/conjunto-de-enlace-de-riel-de-excavadora-anfibia\\\/\"]}]},{\"@type\":\"BreadcrumbList\",\"@id\":\"https:\\\/\\\/www.yutaniglobal.com\\\/es\\\/conjunto-de-enlace-de-riel-de-excavadora-anfibia\\\/#breadcrumb\",\"itemListElement\":[{\"@type\":\"ListItem\",\"position\":1,\"name\":\"Home\",\"item\":\"https:\\\/\\\/www.yutaniglobal.com\\\/es\\\/\"},{\"@type\":\"ListItem\",\"position\":2,\"name\":\"Conjunto de enlace de riel de excavadora anfibia\"}]},{\"@type\":\"WebSite\",\"@id\":\"https:\\\/\\\/www.yutaniglobal.com\\\/es\\\/#website\",\"url\":\"https:\\\/\\\/www.yutaniglobal.com\\\/es\\\/\",\"name\":\"YUTANI\",\"description\":\"Your Reliable Excavator Undercarriage Parts Supplier Partner\",\"publisher\":{\"@id\":\"https:\\\/\\\/www.yutaniglobal.com\\\/es\\\/#organization\"},\"potentialAction\":[{\"@type\":\"SearchAction\",\"target\":{\"@type\":\"EntryPoint\",\"urlTemplate\":\"https:\\\/\\\/www.yutaniglobal.com\\\/es\\\/?s={search_term_string}\"},\"query-input\":{\"@type\":\"PropertyValueSpecification\",\"valueRequired\":true,\"valueName\":\"search_term_string\"}}],\"inLanguage\":\"es\"},{\"@type\":\"Organization\",\"@id\":\"https:\\\/\\\/www.yutaniglobal.com\\\/es\\\/#organization\",\"name\":\"YUTANI\",\"url\":\"https:\\\/\\\/www.yutaniglobal.com\\\/es\\\/\",\"logo\":{\"@type\":\"ImageObject\",\"inLanguage\":\"es\",\"@id\":\"https:\\\/\\\/www.yutaniglobal.com\\\/es\\\/#\\\/schema\\\/logo\\\/image\\\/\",\"url\":\"https:\\\/\\\/www.yutaniglobal.com\\\/wp-content\\\/uploads\\\/2020\\\/08\\\/favicon.ico\",\"contentUrl\":\"https:\\\/\\\/www.yutaniglobal.com\\\/wp-content\\\/uploads\\\/2020\\\/08\\\/favicon.ico\",\"width\":16,\"height\":16,\"caption\":\"YUTANI\"},\"image\":{\"@id\":\"https:\\\/\\\/www.yutaniglobal.com\\\/es\\\/#\\\/schema\\\/logo\\\/image\\\/\"},\"sameAs\":[\"https:\\\/\\\/www.facebook.com\\\/YutaniExcavatorParts\",\"https:\\\/\\\/www.linkedin.com\\\/company\\\/yutanichina\\\/\"]}]}<\/script>\n<!-- \/ Yoast SEO plugin. -->","yoast_head_json":{"title":"Conjunto de enlace de riel de excavadora anfibia - YUTANI","robots":{"index":"index","follow":"follow","max-snippet":"max-snippet:-1","max-image-preview":"max-image-preview:large","max-video-preview":"max-video-preview:-1"},"canonical":"https:\/\/www.yutaniglobal.com\/es\/conjunto-de-enlace-de-riel-de-excavadora-anfibia\/","og_locale":"es_ES","og_type":"article","og_title":"Conjunto de enlace de riel de excavadora anfibia - YUTANI","og_description":"Eslab\u00f3n de cadena de v\u00eda de pont\u00f3n de excavadora anfibia Material: Utilizamos 40Cr como materia prima para la producci\u00f3n en cadena. Puede garantizar el uso normal de la cadena durante m\u00e1s de 2000 horas. Aplicabilidad: Las cadenas que producimos son adecuadas para chasis de varias marcas. Solo es necesario confirmar los datos clave para cumplir [&hellip;]","og_url":"https:\/\/www.yutaniglobal.com\/es\/conjunto-de-enlace-de-riel-de-excavadora-anfibia\/","og_site_name":"YUTANI","article_publisher":"https:\/\/www.facebook.com\/YutaniExcavatorParts","article_modified_time":"2024-07-05T07:51:48+00:00","twitter_card":"summary_large_image","twitter_misc":{"Tiempo de lectura":"5 minutos"},"schema":{"@context":"https:\/\/schema.org","@graph":[{"@type":"WebPage","@id":"https:\/\/www.yutaniglobal.com\/es\/conjunto-de-enlace-de-riel-de-excavadora-anfibia\/","url":"https:\/\/www.yutaniglobal.com\/es\/conjunto-de-enlace-de-riel-de-excavadora-anfibia\/","name":"Conjunto de enlace de riel de excavadora anfibia - YUTANI","isPartOf":{"@id":"https:\/\/www.yutaniglobal.com\/es\/#website"},"datePublished":"2020-12-15T02:44:46+00:00","dateModified":"2024-07-05T07:51:48+00:00","breadcrumb":{"@id":"https:\/\/www.yutaniglobal.com\/es\/conjunto-de-enlace-de-riel-de-excavadora-anfibia\/#breadcrumb"},"inLanguage":"es","potentialAction":[{"@type":"ReadAction","target":["https:\/\/www.yutaniglobal.com\/es\/conjunto-de-enlace-de-riel-de-excavadora-anfibia\/"]}]},{"@type":"BreadcrumbList","@id":"https:\/\/www.yutaniglobal.com\/es\/conjunto-de-enlace-de-riel-de-excavadora-anfibia\/#breadcrumb","itemListElement":[{"@type":"ListItem","position":1,"name":"Home","item":"https:\/\/www.yutaniglobal.com\/es\/"},{"@type":"ListItem","position":2,"name":"Conjunto de enlace de riel de excavadora anfibia"}]},{"@type":"WebSite","@id":"https:\/\/www.yutaniglobal.com\/es\/#website","url":"https:\/\/www.yutaniglobal.com\/es\/","name":"YUTANI","description":"Your Reliable Excavator Undercarriage Parts Supplier Partner","publisher":{"@id":"https:\/\/www.yutaniglobal.com\/es\/#organization"},"potentialAction":[{"@type":"SearchAction","target":{"@type":"EntryPoint","urlTemplate":"https:\/\/www.yutaniglobal.com\/es\/?s={search_term_string}"},"query-input":{"@type":"PropertyValueSpecification","valueRequired":true,"valueName":"search_term_string"}}],"inLanguage":"es"},{"@type":"Organization","@id":"https:\/\/www.yutaniglobal.com\/es\/#organization","name":"YUTANI","url":"https:\/\/www.yutaniglobal.com\/es\/","logo":{"@type":"ImageObject","inLanguage":"es","@id":"https:\/\/www.yutaniglobal.com\/es\/#\/schema\/logo\/image\/","url":"https:\/\/www.yutaniglobal.com\/wp-content\/uploads\/2020\/08\/favicon.ico","contentUrl":"https:\/\/www.yutaniglobal.com\/wp-content\/uploads\/2020\/08\/favicon.ico","width":16,"height":16,"caption":"YUTANI"},"image":{"@id":"https:\/\/www.yutaniglobal.com\/es\/#\/schema\/logo\/image\/"},"sameAs":["https:\/\/www.facebook.com\/YutaniExcavatorParts","https:\/\/www.linkedin.com\/company\/yutanichina\/"]}]}},"_links":{"self":[{"href":"https:\/\/www.yutaniglobal.com\/es\/wp-json\/wp\/v2\/pages\/231645","targetHints":{"allow":["GET"]}}],"collection":[{"href":"https:\/\/www.yutaniglobal.com\/es\/wp-json\/wp\/v2\/pages"}],"about":[{"href":"https:\/\/www.yutaniglobal.com\/es\/wp-json\/wp\/v2\/types\/page"}],"author":[{"embeddable":true,"href":"https:\/\/www.yutaniglobal.com\/es\/wp-json\/wp\/v2\/users\/1"}],"replies":[{"embeddable":true,"href":"https:\/\/www.yutaniglobal.com\/es\/wp-json\/wp\/v2\/comments?post=231645"}],"version-history":[{"count":8,"href":"https:\/\/www.yutaniglobal.com\/es\/wp-json\/wp\/v2\/pages\/231645\/revisions"}],"predecessor-version":[{"id":232909,"href":"https:\/\/www.yutaniglobal.com\/es\/wp-json\/wp\/v2\/pages\/231645\/revisions\/232909"}],"wp:attachment":[{"href":"https:\/\/www.yutaniglobal.com\/es\/wp-json\/wp\/v2\/media?parent=231645"}],"curies":[{"name":"wp","href":"https:\/\/api.w.org\/{rel}","templated":true}]}}