{"id":230381,"date":"2020-08-31T08:34:44","date_gmt":"2020-08-31T08:34:44","guid":{"rendered":"https:\/\/www.yutaniglobal.com\/chaine-de-piste-de-bulldozer-yutani\/"},"modified":"2020-08-31T08:34:47","modified_gmt":"2020-08-31T08:34:47","slug":"chaine-de-piste-de-bulldozer-yutani","status":"publish","type":"page","link":"https:\/\/www.yutaniglobal.com\/fr\/chaine-de-piste-de-bulldozer-yutani\/","title":{"rendered":"CHA\u00ceNE DE PISTE DE BULLDOZER YUTANI"},"content":{"rendered":"<p>[et_pb_section fb_built=\u00a0\u00bb1&Prime; _builder_version=\u00a0\u00bb4.5.1&Prime; _module_preset=\u00a0\u00bbdefault\u00a0\u00bb custom_padding=\u00a0\u00bb||0px||false|false\u00a0\u00bb][et_pb_row _builder_version=\u00a0\u00bb4.5.1&Prime; _module_preset=\u00a0\u00bbdefault\u00a0\u00bb width=\u00a0\u00bb100%\u00a0\u00bb max_width=\u00a0\u00bb100%\u00a0\u00bb][et_pb_column type=\u00a0\u00bb4_4&Prime; _builder_version=\u00a0\u00bb4.5.1&Prime; _module_preset=\u00a0\u00bbdefault\u00a0\u00bb][et_pb_blurb title=\u00a0\u00bbCha\u00eene de piste bulldozer\u00a0\u00bb use_icon=\u00a0\u00bbon\u00a0\u00bb font_icon=\u00a0\u00bb%%176%%\u00a0\u00bb icon_color=\u00a0\u00bb#0c71c3&Prime; use_icon_font_size=\u00a0\u00bbon\u00a0\u00bb icon_font_size=\u00a0\u00bb60px\u00a0\u00bb _builder_version=\u00a0\u00bb4.6.0&Prime; _module_preset=\u00a0\u00bbdefault\u00a0\u00bb header_font=\u00a0\u00bb|||on|||||\u00a0\u00bb header_text_align=\u00a0\u00bbcenter\u00a0\u00bb header_text_color=\u00a0\u00bb#0c71c3&Prime; header_font_size=\u00a0\u00bb30px\u00a0\u00bb body_text_color=\u00a0\u00bb#51a3cc\u00a0\u00bb body_font_size=\u00a0\u00bb16px\u00a0\u00bb body_line_height=\u00a0\u00bb1.8em\u00a0\u00bb text_orientation=\u00a0\u00bbcenter\u00a0\u00bb custom_margin=\u00a0\u00bb||||false|false\u00a0\u00bb custom_padding=\u00a0\u00bb0px||0px||false|false\u00a0\u00bb hover_enabled=\u00a0\u00bb0&Prime; custom_padding_last_edited=\u00a0\u00bbon|phone\u00a0\u00bb sticky_enabled=\u00a0\u00bb0&Prime; custom_padding_phone=\u00a0\u00bb|20px||20px|false|false\u00a0\u00bb header_line_height_last_edited=\u00a0\u00bbon|phone\u00a0\u00bb header_line_height_phone=\u00a0\u00bb1.3em\u00a0\u00bb]<\/p>\n<p>YUTANI garantit la qualit\u00e9 de la cha\u00eene de voie gr\u00e2ce \u00e0 l\u2019inspection des mati\u00e8res premi\u00e8res, \u00e0 l\u2019inspection m\u00e9tallurgique pendant la production et \u00e0 l\u2019essai de pression et de r\u00e9sistance des produits finis.<\/p>\n<p>La cha\u00eene de pistes YUTANI s\u2019adapte \u00e0 un large \u00e9ventail de mod\u00e8les, qui peuvent r\u00e9pondre aux besoins de diff\u00e9rentes marques et mod\u00e8les de bulldozers.<\/p>\n<p>[\/et_pb_blurb][\/et_pb_column][\/et_pb_row][\/et_pb_section][et_pb_section fb_built=\u00a0\u00bb1&Prime; _builder_version=\u00a0\u00bb4.5.1&Prime; _module_preset=\u00a0\u00bbdefault\u00a0\u00bb custom_padding=\u00a0\u00bb30px||||false|false\u00a0\u00bb][et_pb_row column_structure=\u00a0\u00bb3_5,2_5&Prime; _builder_version=\u00a0\u00bb4.5.1&Prime; _module_preset=\u00a0\u00bbdefault\u00a0\u00bb width=\u00a0\u00bb100%\u00a0\u00bb max_width=\u00a0\u00bb100%\u00a0\u00bb][et_pb_column type=\u00a0\u00bb3_5&Prime; _builder_version=\u00a0\u00bb4.5.1&Prime; _module_preset=\u00a0\u00bbdefault\u00a0\u00bb][et_pb_image src=\u00a0\u00bbhttps:\/\/www.yutaniglobal.com\/wp-content\/uploads\/2020\/08\/Bulldozer-track-chain-CAD.png\u00a0\u00bb title_text=\u00a0\u00bbCha\u00eene de piste de bulldozer CAD\u00a0\u00bb align=\u00a0\u00bbcenter\u00a0\u00bb _builder_version=\u00a0\u00bb4.6.0&Prime; _module_preset=\u00a0\u00bbdefault\u00a0\u00bb custom_margin=\u00a0\u00bb|||50px|false|false\u00a0\u00bb hover_enabled=\u00a0\u00bb0&Prime; custom_margin_last_edited=\u00a0\u00bbon|phone\u00a0\u00bb custom_margin_tablet=\u00a0\u00bb|20px||20px|false|false\u00a0\u00bb sticky_enabled=\u00a0\u00bb0&Prime;][\/et_pb_image][\/et_pb_column][et_pb_column type=\u00a0\u00bb2_5&Prime; _builder_version=\u00a0\u00bb4.5.1&Prime; _module_preset=\u00a0\u00bbdefault\u00a0\u00bb][et_pb_text _builder_version=\u00a0\u00bb4.6.0&Prime; _module_preset=\u00a0\u00bbdefault\u00a0\u00bb text_font_size=\u00a0\u00bb16px\u00a0\u00bb header_4_text_color=\u00a0\u00bb#0c71c3&Prime; header_4_line_height=\u00a0\u00bb1.5em\u00a0\u00bb width=\u00a0\u00bb60%\u00a0\u00bb module_alignment=\u00a0\u00bbleft\u00a0\u00bb custom_margin=\u00a0\u00bb||||false|false\u00a0\u00bb custom_padding=\u00a0\u00bb40px|||20px|false|false\u00a0\u00bb hover_enabled=\u00a0\u00bb0&Prime; sticky_enabled=\u00a0\u00bb0&Prime; module_alignment_last_edited=\u00a0\u00bbon|tablet\u00a0\u00bb module_alignment_tablet=\u00a0\u00bbcenter\u00a0\u00bb module_alignment_phone=\u00a0\u00bbcenter\u00a0\u00bb width_last_edited=\u00a0\u00bbon|desktop\u00a0\u00bb width_tablet=\u00a0\u00bb80%\u00a0\u00bb]<\/p>\n<p>Le graphique suivant montre la plage de mod\u00e8le et les param\u00e8tres que la cha\u00eene de suivi Bulldozer peut \u00eatre faite.<\/p>\n<p>La premi\u00e8re colonne montre le mod\u00e8le YUTANI de la cha\u00eene de piste bulldozer, et la derni\u00e8re colonne est le mod\u00e8le de bulldozer applicable.<\/p>\n<p>&nbsp;<\/p>\n<p>[\/et_pb_text][\/et_pb_column][\/et_pb_row][et_pb_row _builder_version=\u00a0\u00bb4.5.1&Prime; _module_preset=\u00a0\u00bbdefault\u00a0\u00bb width=\u00a0\u00bb100%\u00a0\u00bb max_width=\u00a0\u00bb100%\u00a0\u00bb][et_pb_column type=\u00a0\u00bb4_4&Prime; _builder_version=\u00a0\u00bb4.5.1&Prime; _module_preset=\u00a0\u00bbdefault\u00a0\u00bb][et_pb_text _builder_version=\u00a0\u00bb4.6.0&Prime; _module_preset=\u00a0\u00bbdefault\u00a0\u00bb text_font_size=\u00a0\u00bb16px\u00a0\u00bb header_3_text_color=\u00a0\u00bb#0c71c3&Prime; header_4_text_color=\u00a0\u00bb#0c71c3&Prime; header_4_line_height=\u00a0\u00bb1.5em\u00a0\u00bb text_orientation=\u00a0\u00bbcenter\u00a0\u00bb module_alignment=\u00a0\u00bbcenter\u00a0\u00bb custom_margin=\u00a0\u00bb||10px||false|false\u00a0\u00bb custom_padding=\u00a0\u00bb30px|||20px|false|false\u00a0\u00bb hover_enabled=\u00a0\u00bb0&Prime; header_3_line_height_last_edited=\u00a0\u00bbon|phone\u00a0\u00bb header_3_line_height_phone=\u00a0\u00bb1.3em\u00a0\u00bb sticky_enabled=\u00a0\u00bb0&Prime;]<\/p>\n<h3>Sp\u00e9cifications pour YUTANI Bulldozer Track Link Assembly<\/h3>\n<p>&nbsp;<\/p>\n<p>[\/et_pb_text][et_pb_code _builder_version=\u00a0\u00bb4.6.0&Prime; _module_preset=\u00a0\u00bbdefault\u00a0\u00bb text_orientation=\u00a0\u00bbcenter\u00a0\u00bb custom_padding=\u00a0\u00bb|3%||3%|false|true\u00a0\u00bb]<div class=\"visualizer-front-container\" id=\"chart_wrapper_visualizer-230108-1714726038\"><style type=\"text\/css\" name=\"visualizer-custom-css\" id=\"customcss-visualizer-230108\">.locker,.locker-loader{position:absolute;top:0;left:0;width:100%;height:100%}.locker{z-index:1000;opacity:.8;background-color:#fff;-ms-filter:\"progid:DXImageTransform.Microsoft.Alpha(Opacity=80)\";filter:alpha(opacity=80)}.locker-loader{z-index:1001;background:url(https:\/\/www.yutaniglobal.com\/wp-content\/plugins\/visualizer\/images\/ajax-loader.gif) no-repeat center center}.dt-button{display:none!important}.visualizer-front-container.visualizer-lazy-render{content-visibility: auto;}.google-visualization-controls-categoryfilter label.google-visualization-controls-label {vertical-align: middle;}.google-visualization-controls-categoryfilter li.goog-inline-block {margin: 0 0.2em;}.google-visualization-controls-categoryfilter li {padding: 0 0.2em;}.visualizer-front-container .dataTables_scrollHeadInner{margin: 0 auto;}<\/style><div id=\"visualizer-230108-1714726038\" class=\"visualizer-front  visualizer-front-230108 visualizer-lazy\"><\/div><!-- Not showing structured data for chart 230108 because description is empty --><\/div>[\/et_pb_code][\/et_pb_column][\/et_pb_row][\/et_pb_section]<\/p>\n","protected":false},"excerpt":{"rendered":"<p>YUTANI garantit la qualit\u00e9 de la cha\u00eene de voie gr\u00e2ce \u00e0 l\u2019inspection des mati\u00e8res premi\u00e8res, \u00e0 l\u2019inspection m\u00e9tallurgique pendant la production et \u00e0 l\u2019essai de pression et de r\u00e9sistance des produits finis. La cha\u00eene de pistes YUTANI s\u2019adapte \u00e0 un large \u00e9ventail de mod\u00e8les, qui peuvent r\u00e9pondre aux besoins de diff\u00e9rentes marques et mod\u00e8les de [&hellip;]<\/p>\n","protected":false},"author":1,"featured_media":0,"parent":0,"menu_order":0,"comment_status":"closed","ping_status":"closed","template":"","meta":{"_et_pb_use_builder":"on","_et_pb_old_content":"","_et_gb_content_width":"","footnotes":""},"class_list":["post-230381","page","type-page","status-publish","hentry"],"yoast_head":"<!-- This site is optimized with the Yoast SEO plugin v27.5 - https:\/\/yoast.com\/product\/yoast-seo-wordpress\/ -->\n<title>CHA\u00ceNE DE PISTE DE BULLDOZER YUTANI - YUTANI<\/title>\n<meta name=\"robots\" content=\"index, follow, max-snippet:-1, max-image-preview:large, max-video-preview:-1\" \/>\n<link rel=\"canonical\" href=\"https:\/\/www.yutaniglobal.com\/fr\/chaine-de-piste-de-bulldozer-yutani\/\" \/>\n<meta property=\"og:locale\" content=\"fr_FR\" \/>\n<meta property=\"og:type\" content=\"article\" \/>\n<meta property=\"og:title\" content=\"CHA\u00ceNE DE PISTE DE BULLDOZER YUTANI - YUTANI\" \/>\n<meta property=\"og:description\" content=\"YUTANI garantit la qualit\u00e9 de la cha\u00eene de voie gr\u00e2ce \u00e0 l\u2019inspection des mati\u00e8res premi\u00e8res, \u00e0 l\u2019inspection m\u00e9tallurgique pendant la production et \u00e0 l\u2019essai de pression et de r\u00e9sistance des produits finis. La cha\u00eene de pistes YUTANI s\u2019adapte \u00e0 un large \u00e9ventail de mod\u00e8les, qui peuvent r\u00e9pondre aux besoins de diff\u00e9rentes marques et mod\u00e8les de [&hellip;]\" \/>\n<meta property=\"og:url\" content=\"https:\/\/www.yutaniglobal.com\/fr\/chaine-de-piste-de-bulldozer-yutani\/\" \/>\n<meta property=\"og:site_name\" content=\"YUTANI\" \/>\n<meta property=\"article:publisher\" content=\"https:\/\/www.facebook.com\/YutaniExcavatorParts\" \/>\n<meta property=\"article:modified_time\" content=\"2020-08-31T08:34:47+00:00\" \/>\n<meta name=\"twitter:card\" content=\"summary_large_image\" \/>\n<meta name=\"twitter:label1\" content=\"Dur\u00e9e de lecture estim\u00e9e\" \/>\n\t<meta name=\"twitter:data1\" content=\"3 minutes\" \/>\n<script type=\"application\/ld+json\" class=\"yoast-schema-graph\">{\"@context\":\"https:\\\/\\\/schema.org\",\"@graph\":[{\"@type\":\"WebPage\",\"@id\":\"https:\\\/\\\/www.yutaniglobal.com\\\/fr\\\/chaine-de-piste-de-bulldozer-yutani\\\/\",\"url\":\"https:\\\/\\\/www.yutaniglobal.com\\\/fr\\\/chaine-de-piste-de-bulldozer-yutani\\\/\",\"name\":\"CHA\u00ceNE DE PISTE DE BULLDOZER YUTANI - YUTANI\",\"isPartOf\":{\"@id\":\"https:\\\/\\\/www.yutaniglobal.com\\\/fr\\\/#website\"},\"datePublished\":\"2020-08-31T08:34:44+00:00\",\"dateModified\":\"2020-08-31T08:34:47+00:00\",\"breadcrumb\":{\"@id\":\"https:\\\/\\\/www.yutaniglobal.com\\\/fr\\\/chaine-de-piste-de-bulldozer-yutani\\\/#breadcrumb\"},\"inLanguage\":\"fr-FR\",\"potentialAction\":[{\"@type\":\"ReadAction\",\"target\":[\"https:\\\/\\\/www.yutaniglobal.com\\\/fr\\\/chaine-de-piste-de-bulldozer-yutani\\\/\"]}]},{\"@type\":\"BreadcrumbList\",\"@id\":\"https:\\\/\\\/www.yutaniglobal.com\\\/fr\\\/chaine-de-piste-de-bulldozer-yutani\\\/#breadcrumb\",\"itemListElement\":[{\"@type\":\"ListItem\",\"position\":1,\"name\":\"Home\",\"item\":\"https:\\\/\\\/www.yutaniglobal.com\\\/fr\\\/\"},{\"@type\":\"ListItem\",\"position\":2,\"name\":\"CHA\u00ceNE DE PISTE DE BULLDOZER YUTANI\"}]},{\"@type\":\"WebSite\",\"@id\":\"https:\\\/\\\/www.yutaniglobal.com\\\/fr\\\/#website\",\"url\":\"https:\\\/\\\/www.yutaniglobal.com\\\/fr\\\/\",\"name\":\"YUTANI\",\"description\":\"Your Reliable Excavator Undercarriage Parts Supplier Partner\",\"publisher\":{\"@id\":\"https:\\\/\\\/www.yutaniglobal.com\\\/fr\\\/#organization\"},\"potentialAction\":[{\"@type\":\"SearchAction\",\"target\":{\"@type\":\"EntryPoint\",\"urlTemplate\":\"https:\\\/\\\/www.yutaniglobal.com\\\/fr\\\/?s={search_term_string}\"},\"query-input\":{\"@type\":\"PropertyValueSpecification\",\"valueRequired\":true,\"valueName\":\"search_term_string\"}}],\"inLanguage\":\"fr-FR\"},{\"@type\":\"Organization\",\"@id\":\"https:\\\/\\\/www.yutaniglobal.com\\\/fr\\\/#organization\",\"name\":\"YUTANI\",\"url\":\"https:\\\/\\\/www.yutaniglobal.com\\\/fr\\\/\",\"logo\":{\"@type\":\"ImageObject\",\"inLanguage\":\"fr-FR\",\"@id\":\"https:\\\/\\\/www.yutaniglobal.com\\\/fr\\\/#\\\/schema\\\/logo\\\/image\\\/\",\"url\":\"https:\\\/\\\/www.yutaniglobal.com\\\/wp-content\\\/uploads\\\/2020\\\/08\\\/favicon.ico\",\"contentUrl\":\"https:\\\/\\\/www.yutaniglobal.com\\\/wp-content\\\/uploads\\\/2020\\\/08\\\/favicon.ico\",\"width\":16,\"height\":16,\"caption\":\"YUTANI\"},\"image\":{\"@id\":\"https:\\\/\\\/www.yutaniglobal.com\\\/fr\\\/#\\\/schema\\\/logo\\\/image\\\/\"},\"sameAs\":[\"https:\\\/\\\/www.facebook.com\\\/YutaniExcavatorParts\",\"https:\\\/\\\/www.linkedin.com\\\/company\\\/yutanichina\\\/\"]}]}<\/script>\n<!-- \/ Yoast SEO plugin. -->","yoast_head_json":{"title":"CHA\u00ceNE DE PISTE DE BULLDOZER YUTANI - YUTANI","robots":{"index":"index","follow":"follow","max-snippet":"max-snippet:-1","max-image-preview":"max-image-preview:large","max-video-preview":"max-video-preview:-1"},"canonical":"https:\/\/www.yutaniglobal.com\/fr\/chaine-de-piste-de-bulldozer-yutani\/","og_locale":"fr_FR","og_type":"article","og_title":"CHA\u00ceNE DE PISTE DE BULLDOZER YUTANI - YUTANI","og_description":"YUTANI garantit la qualit\u00e9 de la cha\u00eene de voie gr\u00e2ce \u00e0 l\u2019inspection des mati\u00e8res premi\u00e8res, \u00e0 l\u2019inspection m\u00e9tallurgique pendant la production et \u00e0 l\u2019essai de pression et de r\u00e9sistance des produits finis. La cha\u00eene de pistes YUTANI s\u2019adapte \u00e0 un large \u00e9ventail de mod\u00e8les, qui peuvent r\u00e9pondre aux besoins de diff\u00e9rentes marques et mod\u00e8les de [&hellip;]","og_url":"https:\/\/www.yutaniglobal.com\/fr\/chaine-de-piste-de-bulldozer-yutani\/","og_site_name":"YUTANI","article_publisher":"https:\/\/www.facebook.com\/YutaniExcavatorParts","article_modified_time":"2020-08-31T08:34:47+00:00","twitter_card":"summary_large_image","twitter_misc":{"Dur\u00e9e de lecture estim\u00e9e":"3 minutes"},"schema":{"@context":"https:\/\/schema.org","@graph":[{"@type":"WebPage","@id":"https:\/\/www.yutaniglobal.com\/fr\/chaine-de-piste-de-bulldozer-yutani\/","url":"https:\/\/www.yutaniglobal.com\/fr\/chaine-de-piste-de-bulldozer-yutani\/","name":"CHA\u00ceNE DE PISTE DE BULLDOZER YUTANI - YUTANI","isPartOf":{"@id":"https:\/\/www.yutaniglobal.com\/fr\/#website"},"datePublished":"2020-08-31T08:34:44+00:00","dateModified":"2020-08-31T08:34:47+00:00","breadcrumb":{"@id":"https:\/\/www.yutaniglobal.com\/fr\/chaine-de-piste-de-bulldozer-yutani\/#breadcrumb"},"inLanguage":"fr-FR","potentialAction":[{"@type":"ReadAction","target":["https:\/\/www.yutaniglobal.com\/fr\/chaine-de-piste-de-bulldozer-yutani\/"]}]},{"@type":"BreadcrumbList","@id":"https:\/\/www.yutaniglobal.com\/fr\/chaine-de-piste-de-bulldozer-yutani\/#breadcrumb","itemListElement":[{"@type":"ListItem","position":1,"name":"Home","item":"https:\/\/www.yutaniglobal.com\/fr\/"},{"@type":"ListItem","position":2,"name":"CHA\u00ceNE DE PISTE DE BULLDOZER YUTANI"}]},{"@type":"WebSite","@id":"https:\/\/www.yutaniglobal.com\/fr\/#website","url":"https:\/\/www.yutaniglobal.com\/fr\/","name":"YUTANI","description":"Your Reliable Excavator Undercarriage Parts Supplier Partner","publisher":{"@id":"https:\/\/www.yutaniglobal.com\/fr\/#organization"},"potentialAction":[{"@type":"SearchAction","target":{"@type":"EntryPoint","urlTemplate":"https:\/\/www.yutaniglobal.com\/fr\/?s={search_term_string}"},"query-input":{"@type":"PropertyValueSpecification","valueRequired":true,"valueName":"search_term_string"}}],"inLanguage":"fr-FR"},{"@type":"Organization","@id":"https:\/\/www.yutaniglobal.com\/fr\/#organization","name":"YUTANI","url":"https:\/\/www.yutaniglobal.com\/fr\/","logo":{"@type":"ImageObject","inLanguage":"fr-FR","@id":"https:\/\/www.yutaniglobal.com\/fr\/#\/schema\/logo\/image\/","url":"https:\/\/www.yutaniglobal.com\/wp-content\/uploads\/2020\/08\/favicon.ico","contentUrl":"https:\/\/www.yutaniglobal.com\/wp-content\/uploads\/2020\/08\/favicon.ico","width":16,"height":16,"caption":"YUTANI"},"image":{"@id":"https:\/\/www.yutaniglobal.com\/fr\/#\/schema\/logo\/image\/"},"sameAs":["https:\/\/www.facebook.com\/YutaniExcavatorParts","https:\/\/www.linkedin.com\/company\/yutanichina\/"]}]}},"_links":{"self":[{"href":"https:\/\/www.yutaniglobal.com\/fr\/wp-json\/wp\/v2\/pages\/230381","targetHints":{"allow":["GET"]}}],"collection":[{"href":"https:\/\/www.yutaniglobal.com\/fr\/wp-json\/wp\/v2\/pages"}],"about":[{"href":"https:\/\/www.yutaniglobal.com\/fr\/wp-json\/wp\/v2\/types\/page"}],"author":[{"embeddable":true,"href":"https:\/\/www.yutaniglobal.com\/fr\/wp-json\/wp\/v2\/users\/1"}],"replies":[{"embeddable":true,"href":"https:\/\/www.yutaniglobal.com\/fr\/wp-json\/wp\/v2\/comments?post=230381"}],"version-history":[{"count":0,"href":"https:\/\/www.yutaniglobal.com\/fr\/wp-json\/wp\/v2\/pages\/230381\/revisions"}],"wp:attachment":[{"href":"https:\/\/www.yutaniglobal.com\/fr\/wp-json\/wp\/v2\/media?parent=230381"}],"curies":[{"name":"wp","href":"https:\/\/api.w.org\/{rel}","templated":true}]}}