{"id":231630,"date":"2020-12-15T02:08:51","date_gmt":"2020-12-15T02:08:51","guid":{"rendered":"https:\/\/www.yutaniglobal.com\/assemblage-de-liaison-de-voie-dexcavatrice-amphibie\/"},"modified":"2024-07-05T07:54:11","modified_gmt":"2024-07-05T07:54:11","slug":"assemblage-de-liaison-de-voie-dexcavatrice-amphibie","status":"publish","type":"page","link":"https:\/\/www.yutaniglobal.com\/fr\/assemblage-de-liaison-de-voie-dexcavatrice-amphibie\/","title":{"rendered":"Assemblage de liaison de voie d&rsquo;excavatrice amphibie"},"content":{"rendered":"<p>[et_pb_section fb_built=\u00a0\u00bb1&Prime; _builder_version=\u00a0\u00bb4.16&Prime; _module_preset=\u00a0\u00bbdefault\u00a0\u00bb custom_padding=\u00a0\u00bb||0px||false|false\u00a0\u00bb global_colors_info=\u00a0\u00bb{}\u00a0\u00bb][et_pb_row column_structure=\u00a0\u00bb1_2,1_2&Prime; _builder_version=\u00a0\u00bb4.16&Prime; _module_preset=\u00a0\u00bbdefault\u00a0\u00bb max_width=\u00a0\u00bb65%\u00a0\u00bb global_colors_info=\u00a0\u00bb{}\u00a0\u00bb][et_pb_column type=\u00a0\u00bb1_2&Prime; _builder_version=\u00a0\u00bb4.16&Prime; _module_preset=\u00a0\u00bbdefault\u00a0\u00bb global_colors_info=\u00a0\u00bb{}\u00a0\u00bb][et_pb_text ul_item_indent=\u00a0\u00bb30px\u00a0\u00bb _builder_version=\u00a0\u00bb4.19.5&Prime; _module_preset=\u00a0\u00bbdefault\u00a0\u00bb ul_font=\u00a0\u00bb||||||||\u00a0\u00bb ul_font_size=\u00a0\u00bb17px\u00a0\u00bb ul_line_height=\u00a0\u00bb2.4em\u00a0\u00bb header_3_text_color=\u00a0\u00bb#0c71c3&Prime; header_3_font_size=\u00a0\u00bb24px\u00a0\u00bb header_3_line_height=\u00a0\u00bb1.7em\u00a0\u00bb global_colors_info=\u00a0\u00bb{}\u00a0\u00bb]<\/p>\n<h3><a href=\"https:\/\/www.amphibiousexcavator.cn\/\">Maillon de cha\u00eene de voie de ponton d&rsquo;excavatrice amphibie<\/a><\/h3>\n<ul>\n<li><strong>Mat\u00e9riel:<\/strong> Nous utilisons le 40Cr comme mati\u00e8re premi\u00e8re pour la production en cha\u00eene. Il peut garantir l&rsquo;utilisation normale de la cha\u00eene pendant plus de 2000 heures.<\/li>\n<li><strong>Applicabilit\u00e9:<\/strong> Les cha\u00eenes que nous produisons conviennent aux ch\u00e2ssis de diff\u00e9rentes marques. Il suffit de confirmer les donn\u00e9es cl\u00e9s pour r\u00e9pondre aux conditions d&rsquo;adaptabilit\u00e9 de la plupart des cas.<\/li>\n<li><strong>Personnalisation:<\/strong> Nous personnalisons les produits en fonction des besoins des clients et ne configurons pas d&rsquo;inventaire. Mais profitez toujours d&rsquo;un prix de march\u00e9 plus bas.<\/li>\n<\/ul>\n<p>[\/et_pb_text][\/et_pb_column][et_pb_column type=\u00a0\u00bb1_2&Prime; _builder_version=\u00a0\u00bb4.16&Prime; _module_preset=\u00a0\u00bbdefault\u00a0\u00bb global_colors_info=\u00a0\u00bb{}\u00a0\u00bb][et_pb_gallery gallery_ids=\u00a0\u00bb231597,232821,232826&Prime; fullwidth=\u00a0\u00bbon\u00a0\u00bb _builder_version=\u00a0\u00bb4.26.0&Prime; _module_preset=\u00a0\u00bbdefault\u00a0\u00bb animation_style=\u00a0\u00bbfold\u00a0\u00bb auto=\u00a0\u00bbon\u00a0\u00bb auto_speed=\u00a0\u00bb3000&Prime; border_radii=\u00a0\u00bbon|5px|5px|5px|5px\u00a0\u00bb global_colors_info=\u00a0\u00bb{}\u00a0\u00bb][\/et_pb_gallery][\/et_pb_column][\/et_pb_row][\/et_pb_section][et_pb_section fb_built=\u00a0\u00bb1&Prime; _builder_version=\u00a0\u00bb4.16&Prime; _module_preset=\u00a0\u00bbdefault\u00a0\u00bb custom_padding=\u00a0\u00bb0px||||false|false\u00a0\u00bb global_colors_info=\u00a0\u00bb{}\u00a0\u00bb][et_pb_row _builder_version=\u00a0\u00bb4.16&Prime; _module_preset=\u00a0\u00bbdefault\u00a0\u00bb width=\u00a0\u00bb100%\u00a0\u00bb max_width=\u00a0\u00bb100%\u00a0\u00bb global_colors_info=\u00a0\u00bb{}\u00a0\u00bb][et_pb_column type=\u00a0\u00bb4_4&Prime; _builder_version=\u00a0\u00bb4.16&Prime; _module_preset=\u00a0\u00bbdefault\u00a0\u00bb global_colors_info=\u00a0\u00bb{}\u00a0\u00bb][et_pb_text module_class=\u00a0\u00bbdivider\u00a0\u00bb _builder_version=\u00a0\u00bb4.16&Prime; _module_preset=\u00a0\u00bbdefault\u00a0\u00bb text_text_color=\u00a0\u00bb#0398cc\u00a0\u00bb text_font_size=\u00a0\u00bb16px\u00a0\u00bb text_orientation=\u00a0\u00bbcenter\u00a0\u00bb global_colors_info=\u00a0\u00bb{}\u00a0\u00bb]<span><\/span><span>DESSIN ET CONFIRMATION DES PARAM\u00c8TRES<\/span><span><\/span>[\/et_pb_text][\/et_pb_column][\/et_pb_row][et_pb_row _builder_version=\u00a0\u00bb4.16&Prime; _module_preset=\u00a0\u00bbdefault\u00a0\u00bb global_colors_info=\u00a0\u00bb{}\u00a0\u00bb][et_pb_column type=\u00a0\u00bb4_4&Prime; _builder_version=\u00a0\u00bb4.16&Prime; _module_preset=\u00a0\u00bbdefault\u00a0\u00bb global_colors_info=\u00a0\u00bb{}\u00a0\u00bb][et_pb_text _builder_version=\u00a0\u00bb4.16&Prime; _module_preset=\u00a0\u00bbdefault\u00a0\u00bb header_2_text_color=\u00a0\u00bb#0c71c3&Prime; global_colors_info=\u00a0\u00bb{}\u00a0\u00bb]<\/p>\n<h2>Dessin et confirmation des param\u00e8tres du maillon de cha\u00eene de voie de ponton d&rsquo;excavatrice amphibie<\/h2>\n<p>[\/et_pb_text][et_pb_text _builder_version=\u00a0\u00bb4.16&Prime; _module_preset=\u00a0\u00bbdefault\u00a0\u00bb text_font_size=\u00a0\u00bb16px\u00a0\u00bb global_colors_info=\u00a0\u00bb{}\u00a0\u00bb]<\/p>\n<p>Veuillez confirmer les donn\u00e9es du lien de voie ci-dessous avant de passer une commande de la cha\u00eene de chenille de l&rsquo;excavatrice amphibie.<\/p>\n<p>Il existe deux types de cha\u00eenes de chenilles pour pelles amphibies. Si votre ponton amphibie est achet\u00e9 en Chine, vous utilisez probablement un lien de type A Track. Si EIK est votre fournisseur de ponton amphibie. Ensuite, vous devez utiliser le lien de piste de type B.<\/p>\n<p>&nbsp;<\/p>\n<p>[\/et_pb_text][\/et_pb_column][\/et_pb_row][et_pb_row column_structure=\u00a0\u00bb1_2,1_2&Prime; _builder_version=\u00a0\u00bb4.16&Prime; _module_preset=\u00a0\u00bbdefault\u00a0\u00bb global_colors_info=\u00a0\u00bb{}\u00a0\u00bb][et_pb_column type=\u00a0\u00bb1_2&Prime; _builder_version=\u00a0\u00bb4.16&Prime; _module_preset=\u00a0\u00bbdefault\u00a0\u00bb global_colors_info=\u00a0\u00bb{}\u00a0\u00bb][et_pb_text _builder_version=\u00a0\u00bb4.16&Prime; _module_preset=\u00a0\u00bbdefault\u00a0\u00bb header_2_font=\u00a0\u00bb|700|||||||\u00a0\u00bb header_2_text_align=\u00a0\u00bbcenter\u00a0\u00bb header_2_text_color=\u00a0\u00bb#0c71c3&Prime; global_colors_info=\u00a0\u00bb{}\u00a0\u00bb]<\/p>\n<h2>Type A<\/h2>\n<p>[\/et_pb_text][et_pb_image src=\u00a0\u00bbhttps:\/\/www.yutaniglobal.com\/wp-content\/uploads\/2020\/12\/China-Link-data.png\u00a0\u00bb title_text=\u00a0\u00bbChina-Link-data\u00a0\u00bb _builder_version=\u00a0\u00bb4.16&Prime; _module_preset=\u00a0\u00bbdefault\u00a0\u00bb global_colors_info=\u00a0\u00bb{}\u00a0\u00bb][\/et_pb_image][et_pb_image src=\u00a0\u00bbhttps:\/\/www.yutaniglobal.com\/wp-content\/uploads\/2020\/12\/China-roller-data.png\u00a0\u00bb title_text=\u00a0\u00bbChina-roller-data\u00a0\u00bb _builder_version=\u00a0\u00bb4.16&Prime; _module_preset=\u00a0\u00bbdefault\u00a0\u00bb global_colors_info=\u00a0\u00bb{}\u00a0\u00bb][\/et_pb_image][et_pb_image src=\u00a0\u00bbhttps:\/\/www.yutaniglobal.com\/wp-content\/uploads\/2020\/12\/China-plate-data.png\u00a0\u00bb title_text=\u00a0\u00bbChina-plate-data\u00a0\u00bb _builder_version=\u00a0\u00bb4.16&Prime; _module_preset=\u00a0\u00bbdefault\u00a0\u00bb global_colors_info=\u00a0\u00bb{}\u00a0\u00bb][\/et_pb_image][\/et_pb_column][et_pb_column type=\u00a0\u00bb1_2&Prime; _builder_version=\u00a0\u00bb4.16&Prime; _module_preset=\u00a0\u00bbdefault\u00a0\u00bb global_colors_info=\u00a0\u00bb{}\u00a0\u00bb][et_pb_text _builder_version=\u00a0\u00bb4.16&Prime; _module_preset=\u00a0\u00bbdefault\u00a0\u00bb header_2_font=\u00a0\u00bb|700|||||||\u00a0\u00bb header_2_text_align=\u00a0\u00bbcenter\u00a0\u00bb header_2_text_color=\u00a0\u00bb#0c71c3&Prime; global_colors_info=\u00a0\u00bb{}\u00a0\u00bb]<\/p>\n<h2>Type B<\/h2>\n<p>[\/et_pb_text][et_pb_image src=\u00a0\u00bbhttps:\/\/www.yutaniglobal.com\/wp-content\/uploads\/2020\/12\/EIK-Link-data.png\u00a0\u00bb title_text=\u00a0\u00bbEIK-Link-data\u00a0\u00bb _builder_version=\u00a0\u00bb4.16&Prime; _module_preset=\u00a0\u00bbdefault\u00a0\u00bb global_colors_info=\u00a0\u00bb{}\u00a0\u00bb][\/et_pb_image][et_pb_image src=\u00a0\u00bbhttps:\/\/www.yutaniglobal.com\/wp-content\/uploads\/2020\/12\/EIK-roller-data-1.png\u00a0\u00bb title_text=\u00a0\u00bbEIK-roller-data\u00a0\u00bb _builder_version=\u00a0\u00bb4.16&Prime; _module_preset=\u00a0\u00bbdefault\u00a0\u00bb global_colors_info=\u00a0\u00bb{}\u00a0\u00bb][\/et_pb_image][et_pb_image src=\u00a0\u00bbhttps:\/\/www.yutaniglobal.com\/wp-content\/uploads\/2020\/12\/EIK-plate-data.png\u00a0\u00bb title_text=\u00a0\u00bbEIK-plate-data\u00a0\u00bb _builder_version=\u00a0\u00bb4.16&Prime; _module_preset=\u00a0\u00bbdefault\u00a0\u00bb global_colors_info=\u00a0\u00bb{}\u00a0\u00bb][\/et_pb_image][et_pb_image title_text=\u00a0\u00bbAmphibious-Track-Chain-Assembly1&Prime; _builder_version=\u00a0\u00bb4.16&Prime; _module_preset=\u00a0\u00bbdefault\u00a0\u00bb global_colors_info=\u00a0\u00bb{}\u00a0\u00bb][\/et_pb_image][\/et_pb_column][\/et_pb_row][\/et_pb_section][et_pb_section fb_built=\u00a0\u00bb1&Prime; _builder_version=\u00a0\u00bb4.25.2&Prime; _module_preset=\u00a0\u00bbdefault\u00a0\u00bb global_colors_info=\u00a0\u00bb{}\u00a0\u00bb][et_pb_row _builder_version=\u00a0\u00bb4.25.2&Prime; _module_preset=\u00a0\u00bbdefault\u00a0\u00bb global_colors_info=\u00a0\u00bb{}\u00a0\u00bb][et_pb_column type=\u00a0\u00bb4_4&Prime; _builder_version=\u00a0\u00bb4.25.2&Prime; _module_preset=\u00a0\u00bbdefault\u00a0\u00bb global_colors_info=\u00a0\u00bb{}\u00a0\u00bb][et_pb_portfolio fullwidth=\u00a0\u00bboff\u00a0\u00bb posts_number=\u00a0\u00bb2&Prime; include_categories=\u00a0\u00bb44&Prime; show_categories=\u00a0\u00bboff\u00a0\u00bb show_pagination=\u00a0\u00bboff\u00a0\u00bb _builder_version=\u00a0\u00bb4.26.0&Prime; _module_preset=\u00a0\u00bbdefault\u00a0\u00bb title_level=\u00a0\u00bbh3&Prime; title_font=\u00a0\u00bb||||||||\u00a0\u00bb title_text_align=\u00a0\u00bbcenter\u00a0\u00bb link_option_url_new_window=\u00a0\u00bbon\u00a0\u00bb hover_enabled=\u00a0\u00bb0&Prime; custom_css_free_form=\u00a0\u00bb@media only screen and (min-width: 480px) {||    .et_pb_portfolio_item {||        width: 47.25%!important;||        margin-right: 5.5%!important;||        margin-bottom: 5%!important;||    }||    .et_pb_portfolio_item:nth-child(2n) {||        margin-right: 0!important;||    }||}\u00a0\u00bb border_radii_image=\u00a0\u00bbon|10px|10px|10px|10px\u00a0\u00bb global_colors_info=\u00a0\u00bb{}\u00a0\u00bb hover_icon=\u00a0\u00bb0||divi||400&Prime; box_shadow_style_image=\u00a0\u00bbpreset2&Prime; sticky_enabled=\u00a0\u00bb0&Prime;][\/et_pb_portfolio][\/et_pb_column][\/et_pb_row][\/et_pb_section]<\/p>\n","protected":false},"excerpt":{"rendered":"<p>Maillon de cha\u00eene de voie de ponton d&rsquo;excavatrice amphibie Mat\u00e9riel: Nous utilisons le 40Cr comme mati\u00e8re premi\u00e8re pour la production en cha\u00eene. Il peut garantir l&rsquo;utilisation normale de la cha\u00eene pendant plus de 2000 heures. Applicabilit\u00e9: Les cha\u00eenes que nous produisons conviennent aux ch\u00e2ssis de diff\u00e9rentes marques. Il suffit de confirmer les donn\u00e9es cl\u00e9s pour [&hellip;]<\/p>\n","protected":false},"author":1,"featured_media":0,"parent":0,"menu_order":0,"comment_status":"closed","ping_status":"closed","template":"","meta":{"_et_pb_use_builder":"on","_et_pb_old_content":"","_et_gb_content_width":"","footnotes":""},"class_list":["post-231630","page","type-page","status-publish","hentry"],"yoast_head":"<!-- This site is optimized with the Yoast SEO plugin v27.4 - https:\/\/yoast.com\/product\/yoast-seo-wordpress\/ -->\n<title>Assemblage de liaison de voie d&#039;excavatrice amphibie - YUTANI<\/title>\n<meta name=\"robots\" content=\"index, follow, max-snippet:-1, max-image-preview:large, max-video-preview:-1\" \/>\n<link rel=\"canonical\" href=\"https:\/\/www.yutaniglobal.com\/fr\/assemblage-de-liaison-de-voie-dexcavatrice-amphibie\/\" \/>\n<meta property=\"og:locale\" content=\"fr_FR\" \/>\n<meta property=\"og:type\" content=\"article\" \/>\n<meta property=\"og:title\" content=\"Assemblage de liaison de voie d&#039;excavatrice amphibie - YUTANI\" \/>\n<meta property=\"og:description\" content=\"Maillon de cha\u00eene de voie de ponton d&#039;excavatrice amphibie Mat\u00e9riel: Nous utilisons le 40Cr comme mati\u00e8re premi\u00e8re pour la production en cha\u00eene. Il peut garantir l&#039;utilisation normale de la cha\u00eene pendant plus de 2000 heures. Applicabilit\u00e9: Les cha\u00eenes que nous produisons conviennent aux ch\u00e2ssis de diff\u00e9rentes marques. Il suffit de confirmer les donn\u00e9es cl\u00e9s pour [&hellip;]\" \/>\n<meta property=\"og:url\" content=\"https:\/\/www.yutaniglobal.com\/fr\/assemblage-de-liaison-de-voie-dexcavatrice-amphibie\/\" \/>\n<meta property=\"og:site_name\" content=\"YUTANI\" \/>\n<meta property=\"article:publisher\" content=\"https:\/\/www.facebook.com\/YutaniExcavatorParts\" \/>\n<meta property=\"article:modified_time\" content=\"2024-07-05T07:54:11+00:00\" \/>\n<meta name=\"twitter:card\" content=\"summary_large_image\" \/>\n<meta name=\"twitter:label1\" content=\"Dur\u00e9e de lecture estim\u00e9e\" \/>\n\t<meta name=\"twitter:data1\" content=\"4 minutes\" \/>\n<script type=\"application\/ld+json\" class=\"yoast-schema-graph\">{\"@context\":\"https:\\\/\\\/schema.org\",\"@graph\":[{\"@type\":\"WebPage\",\"@id\":\"https:\\\/\\\/www.yutaniglobal.com\\\/fr\\\/assemblage-de-liaison-de-voie-dexcavatrice-amphibie\\\/\",\"url\":\"https:\\\/\\\/www.yutaniglobal.com\\\/fr\\\/assemblage-de-liaison-de-voie-dexcavatrice-amphibie\\\/\",\"name\":\"Assemblage de liaison de voie d'excavatrice amphibie - YUTANI\",\"isPartOf\":{\"@id\":\"https:\\\/\\\/www.yutaniglobal.com\\\/fr\\\/#website\"},\"datePublished\":\"2020-12-15T02:08:51+00:00\",\"dateModified\":\"2024-07-05T07:54:11+00:00\",\"breadcrumb\":{\"@id\":\"https:\\\/\\\/www.yutaniglobal.com\\\/fr\\\/assemblage-de-liaison-de-voie-dexcavatrice-amphibie\\\/#breadcrumb\"},\"inLanguage\":\"fr-FR\",\"potentialAction\":[{\"@type\":\"ReadAction\",\"target\":[\"https:\\\/\\\/www.yutaniglobal.com\\\/fr\\\/assemblage-de-liaison-de-voie-dexcavatrice-amphibie\\\/\"]}]},{\"@type\":\"BreadcrumbList\",\"@id\":\"https:\\\/\\\/www.yutaniglobal.com\\\/fr\\\/assemblage-de-liaison-de-voie-dexcavatrice-amphibie\\\/#breadcrumb\",\"itemListElement\":[{\"@type\":\"ListItem\",\"position\":1,\"name\":\"Home\",\"item\":\"https:\\\/\\\/www.yutaniglobal.com\\\/fr\\\/\"},{\"@type\":\"ListItem\",\"position\":2,\"name\":\"Assemblage de liaison de voie d&#8217;excavatrice amphibie\"}]},{\"@type\":\"WebSite\",\"@id\":\"https:\\\/\\\/www.yutaniglobal.com\\\/fr\\\/#website\",\"url\":\"https:\\\/\\\/www.yutaniglobal.com\\\/fr\\\/\",\"name\":\"YUTANI\",\"description\":\"Your Reliable Excavator Undercarriage Parts Supplier Partner\",\"publisher\":{\"@id\":\"https:\\\/\\\/www.yutaniglobal.com\\\/fr\\\/#organization\"},\"potentialAction\":[{\"@type\":\"SearchAction\",\"target\":{\"@type\":\"EntryPoint\",\"urlTemplate\":\"https:\\\/\\\/www.yutaniglobal.com\\\/fr\\\/?s={search_term_string}\"},\"query-input\":{\"@type\":\"PropertyValueSpecification\",\"valueRequired\":true,\"valueName\":\"search_term_string\"}}],\"inLanguage\":\"fr-FR\"},{\"@type\":\"Organization\",\"@id\":\"https:\\\/\\\/www.yutaniglobal.com\\\/fr\\\/#organization\",\"name\":\"YUTANI\",\"url\":\"https:\\\/\\\/www.yutaniglobal.com\\\/fr\\\/\",\"logo\":{\"@type\":\"ImageObject\",\"inLanguage\":\"fr-FR\",\"@id\":\"https:\\\/\\\/www.yutaniglobal.com\\\/fr\\\/#\\\/schema\\\/logo\\\/image\\\/\",\"url\":\"https:\\\/\\\/www.yutaniglobal.com\\\/wp-content\\\/uploads\\\/2020\\\/08\\\/favicon.ico\",\"contentUrl\":\"https:\\\/\\\/www.yutaniglobal.com\\\/wp-content\\\/uploads\\\/2020\\\/08\\\/favicon.ico\",\"width\":16,\"height\":16,\"caption\":\"YUTANI\"},\"image\":{\"@id\":\"https:\\\/\\\/www.yutaniglobal.com\\\/fr\\\/#\\\/schema\\\/logo\\\/image\\\/\"},\"sameAs\":[\"https:\\\/\\\/www.facebook.com\\\/YutaniExcavatorParts\",\"https:\\\/\\\/www.linkedin.com\\\/company\\\/yutanichina\\\/\"]}]}<\/script>\n<!-- \/ Yoast SEO plugin. -->","yoast_head_json":{"title":"Assemblage de liaison de voie d'excavatrice amphibie - YUTANI","robots":{"index":"index","follow":"follow","max-snippet":"max-snippet:-1","max-image-preview":"max-image-preview:large","max-video-preview":"max-video-preview:-1"},"canonical":"https:\/\/www.yutaniglobal.com\/fr\/assemblage-de-liaison-de-voie-dexcavatrice-amphibie\/","og_locale":"fr_FR","og_type":"article","og_title":"Assemblage de liaison de voie d'excavatrice amphibie - YUTANI","og_description":"Maillon de cha\u00eene de voie de ponton d'excavatrice amphibie Mat\u00e9riel: Nous utilisons le 40Cr comme mati\u00e8re premi\u00e8re pour la production en cha\u00eene. Il peut garantir l'utilisation normale de la cha\u00eene pendant plus de 2000 heures. Applicabilit\u00e9: Les cha\u00eenes que nous produisons conviennent aux ch\u00e2ssis de diff\u00e9rentes marques. Il suffit de confirmer les donn\u00e9es cl\u00e9s pour [&hellip;]","og_url":"https:\/\/www.yutaniglobal.com\/fr\/assemblage-de-liaison-de-voie-dexcavatrice-amphibie\/","og_site_name":"YUTANI","article_publisher":"https:\/\/www.facebook.com\/YutaniExcavatorParts","article_modified_time":"2024-07-05T07:54:11+00:00","twitter_card":"summary_large_image","twitter_misc":{"Dur\u00e9e de lecture estim\u00e9e":"4 minutes"},"schema":{"@context":"https:\/\/schema.org","@graph":[{"@type":"WebPage","@id":"https:\/\/www.yutaniglobal.com\/fr\/assemblage-de-liaison-de-voie-dexcavatrice-amphibie\/","url":"https:\/\/www.yutaniglobal.com\/fr\/assemblage-de-liaison-de-voie-dexcavatrice-amphibie\/","name":"Assemblage de liaison de voie d'excavatrice amphibie - YUTANI","isPartOf":{"@id":"https:\/\/www.yutaniglobal.com\/fr\/#website"},"datePublished":"2020-12-15T02:08:51+00:00","dateModified":"2024-07-05T07:54:11+00:00","breadcrumb":{"@id":"https:\/\/www.yutaniglobal.com\/fr\/assemblage-de-liaison-de-voie-dexcavatrice-amphibie\/#breadcrumb"},"inLanguage":"fr-FR","potentialAction":[{"@type":"ReadAction","target":["https:\/\/www.yutaniglobal.com\/fr\/assemblage-de-liaison-de-voie-dexcavatrice-amphibie\/"]}]},{"@type":"BreadcrumbList","@id":"https:\/\/www.yutaniglobal.com\/fr\/assemblage-de-liaison-de-voie-dexcavatrice-amphibie\/#breadcrumb","itemListElement":[{"@type":"ListItem","position":1,"name":"Home","item":"https:\/\/www.yutaniglobal.com\/fr\/"},{"@type":"ListItem","position":2,"name":"Assemblage de liaison de voie d&#8217;excavatrice amphibie"}]},{"@type":"WebSite","@id":"https:\/\/www.yutaniglobal.com\/fr\/#website","url":"https:\/\/www.yutaniglobal.com\/fr\/","name":"YUTANI","description":"Your Reliable Excavator Undercarriage Parts Supplier Partner","publisher":{"@id":"https:\/\/www.yutaniglobal.com\/fr\/#organization"},"potentialAction":[{"@type":"SearchAction","target":{"@type":"EntryPoint","urlTemplate":"https:\/\/www.yutaniglobal.com\/fr\/?s={search_term_string}"},"query-input":{"@type":"PropertyValueSpecification","valueRequired":true,"valueName":"search_term_string"}}],"inLanguage":"fr-FR"},{"@type":"Organization","@id":"https:\/\/www.yutaniglobal.com\/fr\/#organization","name":"YUTANI","url":"https:\/\/www.yutaniglobal.com\/fr\/","logo":{"@type":"ImageObject","inLanguage":"fr-FR","@id":"https:\/\/www.yutaniglobal.com\/fr\/#\/schema\/logo\/image\/","url":"https:\/\/www.yutaniglobal.com\/wp-content\/uploads\/2020\/08\/favicon.ico","contentUrl":"https:\/\/www.yutaniglobal.com\/wp-content\/uploads\/2020\/08\/favicon.ico","width":16,"height":16,"caption":"YUTANI"},"image":{"@id":"https:\/\/www.yutaniglobal.com\/fr\/#\/schema\/logo\/image\/"},"sameAs":["https:\/\/www.facebook.com\/YutaniExcavatorParts","https:\/\/www.linkedin.com\/company\/yutanichina\/"]}]}},"_links":{"self":[{"href":"https:\/\/www.yutaniglobal.com\/fr\/wp-json\/wp\/v2\/pages\/231630","targetHints":{"allow":["GET"]}}],"collection":[{"href":"https:\/\/www.yutaniglobal.com\/fr\/wp-json\/wp\/v2\/pages"}],"about":[{"href":"https:\/\/www.yutaniglobal.com\/fr\/wp-json\/wp\/v2\/types\/page"}],"author":[{"embeddable":true,"href":"https:\/\/www.yutaniglobal.com\/fr\/wp-json\/wp\/v2\/users\/1"}],"replies":[{"embeddable":true,"href":"https:\/\/www.yutaniglobal.com\/fr\/wp-json\/wp\/v2\/comments?post=231630"}],"version-history":[{"count":9,"href":"https:\/\/www.yutaniglobal.com\/fr\/wp-json\/wp\/v2\/pages\/231630\/revisions"}],"predecessor-version":[{"id":232888,"href":"https:\/\/www.yutaniglobal.com\/fr\/wp-json\/wp\/v2\/pages\/231630\/revisions\/232888"}],"wp:attachment":[{"href":"https:\/\/www.yutaniglobal.com\/fr\/wp-json\/wp\/v2\/media?parent=231630"}],"curies":[{"name":"wp","href":"https:\/\/api.w.org\/{rel}","templated":true}]}}